{"id":29470,"date":"2025-04-16T09:23:06","date_gmt":"2025-04-16T07:23:06","guid":{"rendered":"https:\/\/annecy.geek-tonic.dev\/les-fontaines\/faq-les-fontaines\/"},"modified":"2025-06-24T14:18:02","modified_gmt":"2025-06-24T12:18:02","slug":"faq-les-fontaines","status":"publish","type":"page","link":"https:\/\/annecy.geek-tonic.dev\/de\/les-fontaines\/faq-les-fontaines\/","title":{"rendered":"FAQ Les Fontaines"},"content":{"rendered":"\n<section class=\"wp-block-group page-hebergement home-one-fontaines home-faq has-custom-color-5-background-color has-background has-global-padding is-layout-constrained wp-block-group-is-layout-constrained\" style=\"border-top-left-radius:30px;border-top-right-radius:30px;margin-top:-1.5rem;padding-top:10rem;padding-bottom:15rem\">\n<h1 class=\"wp-block-heading has-text-align-center has-base-2-color has-text-color has-link-color wp-elements-bb64205495b2e748e2e85fcb95deb232\" style=\"margin-top:var(--wp--preset--spacing--20);margin-bottom:var(--wp--preset--spacing--40)\">H\u00e4ufig gestellte <span>Fragen<\/span><\/h1>\n\n\n\n<div class=\"faq-container page-faq\">\n    <div class=\"faq-search\">\n        <i class=\"fa-solid fa-magnifying-glass\"><\/i> <input type=\"text\" id=\"faqSearchInput\" placeholder=\"Rechercher des r\u00e9ponses...\">\n    <\/div>\n    <div class=\"faq-categories\">\n        <button class=\"faq-category-button\" data-category=\"all\">Tous<\/button>\n                        <button class=\"faq-category-button\" data-category=\"allgemeine-fragen\">\n                    Allgemeine Fragen                <\/button>\n                        <button class=\"faq-category-button\" data-category=\"animationen\">\n                    Animationen                <\/button>\n                        <button class=\"faq-category-button\" data-category=\"dienste-und-leistungen\">\n                    Dienste und Leistungen                <\/button>\n                        <button class=\"faq-category-button\" data-category=\"swimmingpools\">\n                    Swimmingpools                <\/button>\n                        <button class=\"faq-category-button\" data-category=\"unterkunfte-und-stellplatze\">\n                    Unterk\u00fcnfte und Stellpl\u00e4tze                <\/button>\n            <\/div>\n\n    <div class=\"faq-questions\">\n                        <div class=\"faq-question\" data-categories=\"dienste-und-leistungen\">\n                    <div class=\"faq-toggle\">\n                        <div>Kann ich Bettw\u00e4sche und Handt\u00fccher f\u00fcr meinen Aufenthalt reservieren?<\/div> <span class=\"faq-opener\"><\/span>\n                    <\/div>\n                    <div class=\"faq-answer\">\n                        \n<p>Ja, Sie k\u00f6nnen diese Option auf der Buchungsseite hinzuf\u00fcgen oder, wenn Sie es bereits getan haben, senden Sie uns eine E-Mail und wir k\u00f6nnen es f\u00fcr Sie arrangieren.<br\/><\/p>\n                    <\/div>\n                <\/div>\n                        <div class=\"faq-question\" data-categories=\"unterkunfte-und-stellplatze\">\n                    <div class=\"faq-toggle\">\n                        <div>Welche Art von Unterk\u00fcnften haben Sie?<\/div> <span class=\"faq-opener\"><\/span>\n                    <\/div>\n                    <div class=\"faq-answer\">\n                        \n<p>Wir bieten eine Reihe von Unterk\u00fcnften an, die vom einfachen Mobilheim mit 2 Schlafzimmern bis zum gro\u00dfen Mobilheim mit 3 Schlafzimmern und 2 Badezimmern reichen. Klicken Sie hier f\u00fcr die Unterkunftsseite, wo Sie die Details der von uns angebotenen Unterk\u00fcnfte sehen k\u00f6nnen. <br\/><\/p>\n                    <\/div>\n                <\/div>\n                        <div class=\"faq-question\" data-categories=\"unterkunfte-und-stellplatze\">\n                    <div class=\"faq-toggle\">\n                        <div>Wie gro\u00df sind die Stellpl\u00e4tze?<\/div> <span class=\"faq-opener\"><\/span>\n                    <\/div>\n                    <div class=\"faq-answer\">\n                        \n<p>Wir haben eine Vielzahl von Gr\u00f6\u00dfen von Stellpl\u00e4tzen. Wenn Sie also einen Platz bei uns buchen, geben Sie bitte die Gr\u00f6\u00dfe Ihres Wohnmobils\/Zeltes oder Wohnwagens an und wir werden unser Bestes tun, um einen Platz zu finden, der Ihren Bed\u00fcrfnissen entspricht. Wenn Sie sich nicht sicher sind, senden Sie bitte eine E-Mail an info@campinglesfontaines.com.<br\/><\/p>\n                    <\/div>\n                <\/div>\n                        <div class=\"faq-question\" data-categories=\"animationen\">\n                    <div class=\"faq-toggle\">\n                        <div>Haben Sie einen Kinderclub?<\/div> <span class=\"faq-opener\"><\/span>\n                    <\/div>\n                    <div class=\"faq-answer\">\n                        \n<p>Wir bieten ein Programm mit Aktivit\u00e4ten f\u00fcr Kinder an. Morgens gibt es Basteln und nachmittags Spiele auf dem Campingplatz. Es werden auch Sportturniere angeboten. Es werden auch \u00dcberraschungsanimationen organisiert. An manchen Abenden werden Shows angeboten: Zauberei, Fahrradakrobatik&#8230;    <br\/><\/p>\n                    <\/div>\n                <\/div>\n                        <div class=\"faq-question\" data-categories=\"dienste-und-leistungen\">\n                    <div class=\"faq-toggle\">\n                        <div>Gibt es Wifi auf dem Campingplatz?<\/div> <span class=\"faq-opener\"><\/span>\n                    <\/div>\n                    <div class=\"faq-answer\">\n                        \n<p>Wifi gibt es auf einem Teil des Campingplatzes, rund um die Swimmingpools und das Restaurant. Die Unterk\u00fcnfte haben keinen WLAN-Zugang. <br\/><\/p>\n                    <\/div>\n                <\/div>\n                        <div class=\"faq-question\" data-categories=\"dienste-und-leistungen\">\n                    <div class=\"faq-toggle\">\n                        <div>Kann ich auf dem Campingplatz Fahrr\u00e4der mieten?<\/div> <span class=\"faq-opener\"><\/span>\n                    <\/div>\n                    <div class=\"faq-answer\">\n                        \n<p>Ja, wir haben einen Fahrradverleih vor Ort. Sie k\u00f6nnen bei uns Fahrr\u00e4der f\u00fcr einen halben Tag, einen ganzen Tag oder eine ganze Woche mieten - <a href=\"https:\/\/annecy.geek-tonic.dev\/wp-content\/uploads\/2025\/05\/loc-velos.pdf\">klicken Sie hier<\/a> f\u00fcr weitere Details. <br\/><\/p>\n                    <\/div>\n                <\/div>\n                        <div class=\"faq-question\" data-categories=\"swimmingpools\">\n                    <div class=\"faq-toggle\">\n                        <div>Kann man den Wasserpark von La Ravoire benutzen, wenn man in Les Fontaines wohnt?<\/div> <span class=\"faq-opener\"><\/span>\n                    <\/div>\n                    <div class=\"faq-answer\">\n                        \n<p>Nein, sowohl aus versicherungstechnischen Gr\u00fcnden als auch aus Gr\u00fcnden des Komforts f\u00fcr die G\u00e4ste. Die Haftpflichtversicherung wird keine Sch\u00e4den f\u00fcr eine Person \u00fcbernehmen, die keine Kundenrechnung f\u00fcr den Campingplatz hat. <\/p>\n\n<p>Au\u00dferdem sind unsere Wasserbereiche auf die Anzahl der Stellpl\u00e4tze unserer Campingpl\u00e4tze ausgelegt. Deshalb \u00f6ffnen wir sie nicht f\u00fcr Au\u00dfenstehende, auch wenn sie sich in unserer zweiten Einrichtung befinden.*<\/p>\n                    <\/div>\n                <\/div>\n                        <div class=\"faq-question\" data-categories=\"animationen\">\n                    <div class=\"faq-toggle\">\n                        <div>Welche Animationen bieten Sie an?<\/div> <span class=\"faq-opener\"><\/span>\n                    <\/div>\n                    <div class=\"faq-answer\">\n                        \n<p>In den Monaten Juli und August bieten wir ein kostenloses Animationsprogramm an. Es werden verschiedene Aktivit\u00e4ten vor allem f\u00fcr Kinder angeboten. Das Angebot reicht von Bastelaktivit\u00e4ten \u00fcber Sportturniere und Poolanimation bis hin zu Bogenschie\u00dfen und vielem mehr&#8230;  <\/p>\n\n<p>Es werden auch kostenpflichtige Schnuppertauchg\u00e4nge angeboten.<\/p>\n\n<p>F\u00fcr Erwachsene werden Wassersport- und Sportaktivit\u00e4ten angeboten. Wenn Sie Unterhaltung f\u00fcr Erwachsene suchen, ist dieser Campingplatz f\u00fcr Sie nicht geeignet. <\/p>\n                    <\/div>\n                <\/div>\n                        <div class=\"faq-question\" data-categories=\"animationen\">\n                    <div class=\"faq-toggle\">\n                        <div>Ist dieser Campingplatz f\u00fcr Teenager geeignet, die nach Aktivit\u00e4ten suchen?<\/div> <span class=\"faq-opener\"><\/span>\n                    <\/div>\n                    <div class=\"faq-answer\">\n                        \n<p>Nein, wir sind ein kleiner, ruhiger Campingplatz. Au\u00dfer dem Fu\u00dfballturnier und dem Tauchen bieten wir keine Aktivit\u00e4ten f\u00fcr Teenager an. Die meisten unserer G\u00e4ste sind Familien mit kleinen Kindern. Wenn Ihre Teenager also nach Aktivit\u00e4ten, Partys und Freunden suchen, ist unser kleiner, ruhiger Campingplatz nicht das Richtige f\u00fcr Sie.   <\/p>\n                    <\/div>\n                <\/div>\n                        <div class=\"faq-question\" data-categories=\"allgemeine-fragen\">\n                    <div class=\"faq-toggle\">\n                        <div>Nehmen Sie Gruppen auf?<\/div> <span class=\"faq-opener\"><\/span>\n                    <\/div>\n                    <div class=\"faq-answer\">\n                        \n<p>Wir sind drei ruhige Campingpl\u00e4tze, die f\u00fcr Paare und Familien geeignet sind, die eine friedliche und familienfreundliche Umgebung suchen. Es gibt eine strikte Ruhepolitik ab 23.00 Uhr. <\/p>\n\n<p>Wir sind daher <strong>keine geeigneten Campingpl\u00e4tze f\u00fcr Gruppen von Erwachsenen<\/strong>, die hier Urlaub machen. Wir raten dringend von Buchungen f\u00fcr Erwachsenengruppen im Juli und August ab, da Sie zu dieser Zeit von Familien mit Kindern umgeben sein werden. Wir akzeptieren die Buchung von Erwachsenengruppen nur unter der Voraussetzung, dass Sie unsere Ruhepolitik akzeptieren und verstehen, dass Sie R\u00fccksicht auf Ihre Nachbarn nehmen m\u00fcssen.    <\/p>\n\n<p>Bitte beachten Sie, dass wir auf dem Campingplatz keine Junggesellenabschiede akzeptieren und diesbez\u00fcglich keine Ausnahmen machen.<\/p>\n\n<p>F\u00fcr Familien, die in Gruppen anreisen, gilt aus denselben Gr\u00fcnden eine Begrenzung auf drei Unterk\u00fcnfte\/Stellpl\u00e4tze. Alle G\u00e4ste werden gebeten, die Hausordnung und die Nachtruhezeiten einzuhalten. Am Ende Ihres Aufenthalts werden alle G\u00e4ste ausdr\u00fccklich gebeten, das Geschirr in ihrer jeweiligen Unterkunft zur\u00fcckzulassen.  <\/p>\n                    <\/div>\n                <\/div>\n                        <div class=\"faq-question\" data-categories=\"allgemeine-fragen\">\n                    <div class=\"faq-toggle\">\n                        <div>Ist Camping bei anderen Nationalit\u00e4ten beliebt?<\/div> <span class=\"faq-opener\"><\/span>\n                    <\/div>\n                    <div class=\"faq-answer\">\n                        \n<p>Ja, der Campingplatz Les Fontaines hat eine vielf\u00e4ltige Kundschaft aus verschiedenen L\u00e4ndern. Seien Sie also nicht \u00fcberrascht, wenn Sie ankommen. Bitte beachten Sie, dass die letzten beiden Juliwochen bei den Niederl\u00e4ndern besonders beliebt sind.  <\/p>\n                    <\/div>\n                <\/div>\n                        <div class=\"faq-question\" data-categories=\"allgemeine-fragen\">\n                    <div class=\"faq-toggle\">\n                        <div>Gibt es eine L\u00e4rmpolitik?<\/div> <span class=\"faq-opener\"><\/span>\n                    <\/div>\n                    <div class=\"faq-answer\">\n                        \n<p>Ja, wir sind ein kleiner, ruhiger Campingplatz. Aus R\u00fccksicht auf andere G\u00e4ste bitten wir um absolute Ruhe nach 22.00 Uhr. Wir haben im Juli und August um 22.00 Uhr einen Sicherheitsbeamten auf dem Campingplatz, der um den Campingplatz herumgeht, um sicherzustellen, dass es keinen L\u00e4rm gibt. Seien Sie daher nicht \u00fcberrascht oder beleidigt, wenn Sie gebeten werden, leise zu sprechen.   <\/p>\n                    <\/div>\n                <\/div>\n                        <div class=\"faq-question\" data-categories=\"allgemeine-fragen\">\n                    <div class=\"faq-toggle\">\n                        <div>Wie weit ist der Campingplatz von Annecy entfernt?<\/div> <span class=\"faq-opener\"><\/span>\n                    <\/div>\n                    <div class=\"faq-answer\">\n                        <p>Der Campingplatz Les Fontaines liegt 20 km s\u00fcdlich von Annecy, in der N\u00e4he des Strandes von Doussard am Ende des Sees Annecy. Die Stadt ist mit dem Auto, Bus oder Boot erreichbar. Wir empfehlen Ihnen jedoch, sich f\u00fcr die letzte Option zu entscheiden, da Sie sich dann keine Sorgen um Parkpl\u00e4tze und Verkehr machen m\u00fcssen. <\/p>\n                    <\/div>\n                <\/div>\n                        <div class=\"faq-question\" data-categories=\"swimmingpools\">\n                    <div class=\"faq-toggle\">\n                        <div>Sind Badeshorts in Schwimmb\u00e4dern erlaubt?<\/div> <span class=\"faq-opener\"><\/span>\n                    <\/div>\n                    <div class=\"faq-answer\">\n                        <p><span style=\"font-weight: 400;\">Ja, auf allen drei Campingpl\u00e4tzen sind Badeshorts erlaubt!   <\/span><\/p>\n                    <\/div>\n                <\/div>\n                        <div class=\"faq-question\" data-categories=\"dienste-und-leistungen\">\n                    <div class=\"faq-toggle\">\n                        <div>Sind Haustiere erlaubt?<\/div> <span class=\"faq-opener\"><\/span>\n                    <\/div>\n                    <div class=\"faq-answer\">\n                        <p><span style=\"font-weight: 400;\">Wenn Sie im April, Mai, Juni oder September auf einem Campingplatz oder in einer mietunterk\u00fcnfte zu uns kommen, sind Haustiere gegen einen Aufpreis von 6\u20ac pro Nacht erlaubt. <\/span><\/p>\n<p><span style=\"font-weight: 400;\">Wenn Sie im Sommer einen Stellplatz auf dem Campingplatz mieten, sind Haustiere ebenfalls erlaubt, allerdings gegen einen Aufpreis von 6\u20ac pro Nacht.<\/span><\/p>\n<p><span style=\"font-weight: 400;\">Im Juli und August sind Tiere in unseren mietunterk\u00fcnften auf unseren 3 Campingpl\u00e4tzen jedoch nicht erlaubt.<\/span><\/p>\n                    <\/div>\n                <\/div>\n                        <div class=\"faq-question\" data-categories=\"allgemeine-fragen\">\n                    <div class=\"faq-toggle\">\n                        <div>K\u00f6nnen wir zwei Fahrzeuge f\u00fcr unseren Aufenthalt mitbringen?<\/div> <span class=\"faq-opener\"><\/span>\n                    <\/div>\n                    <div class=\"faq-answer\">\n                        <p><span style=\"font-weight: 400;\">F\u00fcr jeden Aufenthalt ist ein Fahrzeug im Preis inbegriffen. Wenn Sie mit einem zus\u00e4tzlichen Fahrzeug anreisen, wird ein Aufpreis von \u20ac 5 pro Nacht berechnet. <\/span><span style=\"font-weight: 400;\"><br \/>\n<\/span><span style=\"font-weight: 400;\">Unabh\u00e4ngig davon, ob das zus\u00e4tzliche Fahrzeug vor Ihrem Stellplatz, innerhalb oder au\u00dferhalb des Campingplatzes geparkt wird, ist der Zuschlag zu zahlen.<\/span><span style=\"font-weight: 400;\"><br \/>\n<\/span><span style=\"font-weight: 400;\">Zu den zus\u00e4tzlichen Fahrzeugen z\u00e4hlen Anh\u00e4nger, Motorr\u00e4der, Boote und nat\u00fcrlich ein anderes Automobil.<\/span><\/p>\n                    <\/div>\n                <\/div>\n                        <div class=\"faq-question\" data-categories=\"allgemeine-fragen\">\n                    <div class=\"faq-toggle\">\n                        <div>Wie weit ist der Campingplatz vom See entfernt?<\/div> <span class=\"faq-opener\"><\/span>\n                    <\/div>\n                    <div class=\"faq-answer\">\n                        <p>Der Campingplatz Les Fontaines ist ruhig gelegen, abseits der Hauptstra\u00dfe und 1,3km \/ 20 min zu Fu\u00df von Doussard Plage entfernt.<\/p>\n                    <\/div>\n                <\/div>\n                        <div class=\"faq-question\" data-categories=\"allgemeine-fragen\">\n                    <div class=\"faq-toggle\">\n                        <div>Wie sind die Ankunfts- und Abflugzeiten?<\/div> <span class=\"faq-opener\"><\/span>\n                    <\/div>\n                    <div class=\"faq-answer\">\n                        <p>Die Ankunftszeit ist ab 14.00 Uhr *. Bitte beachten Sie, dass die Rezeption zwischen 12:00 und 14:00 Uhr geschlossen ist. Wenn Sie fr\u00fch ankommen, k\u00f6nnen Sie nicht vor 14.00 Uhr einchecken.<br \/>\nDie Abreise f\u00fcr mietunterk\u00fcnfte ist um 10.00 Uhr und f\u00fcr stellpl\u00e4tze um 12.00 Uhr.  <\/p>\n                    <\/div>\n                <\/div>\n            <\/div>\n<\/div>\n\n<script>\n    document.addEventListener('DOMContentLoaded', function() {\n        const buttons = document.querySelectorAll('.faq-category-button');\n        const questions = document.querySelectorAll('.faq-question');\n        const toggles = document.querySelectorAll('.faq-toggle');\n        const searchInput = document.getElementById('faqSearchInput');\n\n        \/\/ Adapte ici le message en fonction de la langue si tu veux\n        const noResultsMessageText = document.documentElement.lang === 'fr-FR'\n            ? 'Aucun r\u00e9sultat trouv\u00e9.'\n            : 'No results found.';\n\n        \/\/ V\u00e9rifie si le message existe d\u00e9j\u00e0 (pour \u00e9viter les doublons si script recharg\u00e9)\n        let noResultsMessage = document.getElementById('noResultsMessage');\n        if (!noResultsMessage) {\n            noResultsMessage = document.createElement('div');\n            noResultsMessage.id = 'noResultsMessage';\n            noResultsMessage.textContent = noResultsMessageText;\n            noResultsMessage.style.display = 'none';\n            noResultsMessage.style.textAlign = 'center';\n            noResultsMessage.style.padding = '20px';\n            noResultsMessage.style.fontSize = '19px';\n            noResultsMessage.style.color = '#999';\n            document.querySelector('.faq-container').appendChild(noResultsMessage);\n        }\n\n        buttons.forEach(button => {\n            button.addEventListener('click', function() {\n                const category = this.getAttribute('data-category');\n                let hasResults = false;\n\n                questions.forEach(question => {\n                    if (category === 'all' || question.getAttribute('data-categories').includes(category)) {\n                        question.style.display = 'block';\n                        hasResults = true;\n                    } else {\n                        question.style.display = 'none';\n                    }\n                });\n\n                \/\/ Ajoute .visible \u00e0 toutes les questions affich\u00e9es\n                questions.forEach(q => {\n                    if (q.style.display !== 'none') {\n                        q.classList.add('visible');\n                    } else {\n                        q.classList.remove('visible');\n                    }\n                });\n\n                noResultsMessage.style.display = hasResults ? 'none' : 'block';\n            });\n        });\n\n        \/\/ Simule le clic sur \"Tous\/All\" pour afficher tout au d\u00e9part\n        document.querySelector('.faq-category-button[data-category=\"all\"]').click();\n\n        toggles.forEach(toggle => {\n            toggle.addEventListener('click', function() {\n                const question = this.closest('.faq-question');\n                const answer = question.querySelector('.faq-answer');\n                const isOpen = question.classList.contains('open');\n\n                document.querySelectorAll('.faq-question').forEach(q => {\n                    if (q !== question) {\n                        q.classList.remove('open');\n                        q.querySelector('.faq-answer').style.maxHeight = null;\n                    }\n                });\n\n                if (!isOpen) {\n                    question.classList.add('open');\n                    answer.style.maxHeight = answer.scrollHeight + 'px';\n                } else {\n                    question.classList.remove('open');\n                    answer.style.maxHeight = null;\n                }\n            });\n        });\n\n        \/\/ Recherche am\u00e9lior\u00e9e\n        searchInput.addEventListener('input', function() {\n            const searchTerm = this.value.trim().toLowerCase();\n            let hasResults = false;\n            removeHighlight();\n\n            if (searchTerm.length >= 3) {\n                questions.forEach(question => {\n                    const toggleElement = question.querySelector('.faq-toggle div');\n                    const answerElement = question.querySelector('.faq-answer');\n\n                    const questionText = toggleElement.textContent.toLowerCase();\n                    const answerText = answerElement.textContent.toLowerCase();\n\n                    if (removeAccents(questionText).includes(removeAccents(searchTerm)) ||\n                        removeAccents(answerText).includes(removeAccents(searchTerm))) {\n                        question.style.display = 'block';\n                        question.classList.add('visible');\n                        hasResults = true;\n                        toggleElement.innerHTML = highlightSearchTerm(toggleElement.textContent, searchTerm);\n                        answerElement.innerHTML = highlightSearchTerm(answerElement.textContent, searchTerm);\n                    } else {\n                        question.style.display = 'none';\n                        question.classList.remove('visible');\n                    }\n                });\n            } else {\n                questions.forEach(question => {\n                    question.style.display = 'block';\n                    question.classList.add('visible');\n                    hasResults = true;\n                });\n            }\n\n            noResultsMessage.style.display = hasResults ? 'none' : 'block';\n        });\n\n        function removeHighlight() {\n            document.querySelectorAll('.highlight').forEach(el => {\n                el.replaceWith(document.createTextNode(el.textContent));\n            });\n        }\n\n        function highlightSearchTerm(text, term) {\n            const regex = new RegExp(`(${escapeRegExp(term)})`, 'gi');\n            return text.replace(regex, '<span class=\"highlight\">$1<\/span>');\n        }\n\n        function escapeRegExp(string) {\n            return string.replace(\/[.*+?^${}()|[\\]\\\\]\/g, '\\\\$&');\n        }\n\n        function removeAccents(str) {\n            return str.normalize(\"NFD\").replace(\/[\\u0300-\\u036f]\/g, \"\");\n        }\n\n        \/\/ Animation : ajoute la classe visible progressivement (seulement sur celles affich\u00e9es)\n        questions.forEach((el, index) => {\n            el.style.transitionDelay = `${index * 0.1}s`;\n        });\n\n        const observer = new IntersectionObserver(entries => {\n            entries.forEach(entry => {\n                if (entry.isIntersecting) {\n                    entry.target.classList.add('visible');\n                    observer.unobserve(entry.target);\n                }\n            });\n        }, {\n            threshold: 0.1\n        });\n\n        questions.forEach(el => observer.observe(el));\n    });\n\n<\/script><\/section>\n","protected":false},"excerpt":{"rendered":"<p>H\u00e4ufig gestellte Fragen<\/p>\n","protected":false},"author":1,"featured_media":10430,"parent":29422,"menu_order":0,"comment_status":"closed","ping_status":"closed","template":"wp-custom-template-page-interne-fontaines","meta":{"_acf_changed":false,"_seopress_robots_primary_cat":"","_seopress_titles_title":"FAQ Campingplatz Les Fontaines","_seopress_titles_desc":"","_seopress_robots_index":"","inline_featured_image":false,"gt_fse_maillage_image":"https:\/\/annecy.geek-tonic.dev\/wp-content\/uploads\/2025\/05\/campign-les-fontaines-lathuile.jpg","gt_fse_maillage_titre":"FAQ","gt_fse_maillage_alt":"camping les fontaines","gt_fse_maillage_resume":"","footnotes":""},"categories":[],"tags":[],"class_list":["post-29470","page","type-page","status-publish","has-post-thumbnail","hentry"],"acf":[],"_links":{"self":[{"href":"https:\/\/annecy.geek-tonic.dev\/de\/wp-json\/wp\/v2\/pages\/29470","targetHints":{"allow":["GET"]}}],"collection":[{"href":"https:\/\/annecy.geek-tonic.dev\/de\/wp-json\/wp\/v2\/pages"}],"about":[{"href":"https:\/\/annecy.geek-tonic.dev\/de\/wp-json\/wp\/v2\/types\/page"}],"author":[{"embeddable":true,"href":"https:\/\/annecy.geek-tonic.dev\/de\/wp-json\/wp\/v2\/users\/1"}],"replies":[{"embeddable":true,"href":"https:\/\/annecy.geek-tonic.dev\/de\/wp-json\/wp\/v2\/comments?post=29470"}],"version-history":[{"count":5,"href":"https:\/\/annecy.geek-tonic.dev\/de\/wp-json\/wp\/v2\/pages\/29470\/revisions"}],"predecessor-version":[{"id":33650,"href":"https:\/\/annecy.geek-tonic.dev\/de\/wp-json\/wp\/v2\/pages\/29470\/revisions\/33650"}],"up":[{"embeddable":true,"href":"https:\/\/annecy.geek-tonic.dev\/de\/wp-json\/wp\/v2\/pages\/29422"}],"wp:featuredmedia":[{"embeddable":true,"href":"https:\/\/annecy.geek-tonic.dev\/de\/wp-json\/wp\/v2\/media\/10430"}],"wp:attachment":[{"href":"https:\/\/annecy.geek-tonic.dev\/de\/wp-json\/wp\/v2\/media?parent=29470"}],"wp:term":[{"taxonomy":"category","embeddable":true,"href":"https:\/\/annecy.geek-tonic.dev\/de\/wp-json\/wp\/v2\/categories?post=29470"},{"taxonomy":"post_tag","embeddable":true,"href":"https:\/\/annecy.geek-tonic.dev\/de\/wp-json\/wp\/v2\/tags?post=29470"}],"curies":[{"name":"wp","href":"https:\/\/api.w.org\/{rel}","templated":true}]}}