{"id":29519,"date":"2025-04-14T11:22:10","date_gmt":"2025-04-14T09:22:10","guid":{"rendered":"https:\/\/annecy.geek-tonic.dev\/rechtliche-hinweise\/"},"modified":"2025-06-24T15:16:17","modified_gmt":"2025-06-24T13:16:17","slug":"rechtliche-hinweise","status":"publish","type":"page","link":"https:\/\/annecy.geek-tonic.dev\/de\/rechtliche-hinweise\/","title":{"rendered":"Rechtliche Hinweise"},"content":{"rendered":"\n<div class=\"wp-block-group home-one home-one-groupe has-base-2-color has-custom-color-1-background-color has-text-color has-background has-link-color wp-elements-be9f6a7b2139689cd19f9548ab432fe1 has-global-padding is-content-justification-left is-layout-constrained wp-container-core-group-is-layout-cefa7fa6 wp-block-group-is-layout-constrained\" style=\"border-top-left-radius:30px;border-top-right-radius:30px;margin-top:-1.5em;padding-top:var(--wp--preset--spacing--60);padding-bottom:var(--wp--preset--spacing--60)\">\n<h1 class=\"wp-block-heading has-base-2-color has-text-color has-link-color wp-elements-775b96d90b1fc45b1764627f9b4aafa5\">Rechtliche Hinweise<\/h1>\n\n\n\n<h2 class=\"wp-block-heading montagne has-custom-color-2-color has-text-color\">Verantwortlich f\u00fcr die Seite<\/h2>\n\n\n\n<p class=\"has-text-align-left bottom\" style=\"margin-top:0rem\"><strong>SAS CAMPINGS ANNECY<br\/><\/strong>862 Route De La Ravoire<br\/>74210 DOUSSARD<br\/>Tel.: +33 (0)4 50 44 37 80<br\/>Email: info@campingsannecy.com<br\/>Gesellschaftskapital: 175315\u20ac<br\/>MwSt.: FR17<br\/>Siret: 41762790800011<br\/>NAF-Code: 5530Z <\/p>\n\n\n\n<p class=\"has-text-align-left montagne\"><strong>Leiter der Ver\u00f6ffentlichung<\/strong><br\/>SAS CAMPINGS ANNECY<\/p>\n\n\n\n<h2 class=\"wp-block-heading montagne has-custom-color-2-color has-text-color\">REALISIERUNG<\/h2>\n\n\n\n<p class=\"has-text-align-left ls__heading\"><strong>GEEK TONIC<\/strong><br\/>Vertreten durch Herrn Yohan Darmayan in seiner Eigenschaft als Gesch\u00e4ftsf\u00fchrer<br\/>Gesch\u00e4ftssitz: 50 AV. DU LAC MARION 64200 BIARRITZ<br\/>Tel.: 05 32 74 11 52<br\/>E-mail: support@geek-tonic.com<br\/>Website: <a href=\"https:\/\/www.geek-tonic.com\/\">www.geek-tonic.com<\/a><br\/>SIRET: 89746755100015<br\/>APE: 6201Z <\/p>\n\n\n\n<h2 class=\"wp-block-heading montagne has-custom-color-2-color has-text-color\">URHEBERRECHTE UND COPYRIGHTS<\/h2>\n\n\n\n<p class=\"has-text-align-left ls__heading\">Der gesamte Inhalt dieser Website unterliegt dem Urheberrecht sowie dem geistigen Eigentum der franz\u00f6sischen Gesetzgebung. Jede Vervielf\u00e4ltigung (einschlie\u00dflich Fotos, Icons und herunterladbarer Dokumente) ist ohne vorherige Zustimmung von GEEK TONIC untersagt. Die Vervielf\u00e4ltigung der gesamten oder eines Teils der Website auf einem elektronischen Datentr\u00e4ger in einem Papier- oder elektronischen Format ist untersagt. GEEK TONIC \u00fcbernimmt keine Verantwortung f\u00fcr die auf der Website vorhandenen Inhalte. GEEK TONIC \u00fcbernimmt auch keine Verantwortung f\u00fcr externe Links, die auf die vorliegende Website verweisen.   <\/p>\n\n\n\n<h2 class=\"wp-block-heading montagne has-custom-color-2-color has-text-color\" id=\"m-t-6\">PERS\u00d6NLICHE DATEN UND NAMENTLICHE INFORMATIONEN<\/h2>\n\n\n\n<p class=\"has-text-align-left ls-paragraph\">Sie haben ein Recht auf Zugang, \u00c4nderung, Berichtigung und L\u00f6schung der Sie betreffenden Daten gem\u00e4\u00df Artikel 34 des Gesetzes \u201eInformatique et Libert\u00e9s\u201c Nr. 78-17 vom 6. Januar 1978, ge\u00e4ndert am 6. August 2018. Um dieses Zugangsrecht zu entfalten, k\u00f6nnen Sie dies auf einfache schriftliche Anfrage an den Herausgeber der Website tun. <\/p>\n\n\n\n<h2 class=\"wp-block-heading montagne has-custom-color-2-color has-text-color\">LEGISLATION<\/h2>\n\n\n\n<p class=\"has-text-align-left ls-paragraph\">Gem\u00e4\u00df dem Gesetz vom 11. M\u00e4rz 1957 (Art. 41) und dem Gesetz \u00fcber geistiges Eigentum vom 1. Juli 1992 ist es verboten, einen Teil der Website ohne vorherige Genehmigung des Herausgebers der Website teilweise oder vollst\u00e4ndig zu vervielf\u00e4ltigen. Die Logos, Bilder, Fotos, Videos, Grafiken und Texte sind Eigentum ihrer jeweiligen Besitzer. Diese Website kann ohne ihr Wissen mit anderen Websites \u00fcber Hypermedia-Links verbunden sein. Der Herausgeber der Website lehnt jede Verantwortung f\u00fcr die auf diesen anderen Websites dargestellten Informationen ab. Der Internetnutzer erkennt an, dass die Nutzung dieser Website dem franz\u00f6sischen Recht unterliegt.    <\/p>\n<\/div>\n","protected":false},"excerpt":{"rendered":"<p>Rechtliche Hinweise Verantwortlich f\u00fcr die Seite SAS CAMPINGS ANNECY862 Route De La Ravoire74210 DOUSSARDTel.: +33 (0)4 50 44 37 80Email: info@campingsannecy.comGesellschaftskapital: 175315\u20acMwSt.: FR17Siret: 41762790800011NAF-Code: 5530Z Leiter der Ver\u00f6ffentlichungSAS CAMPINGS ANNECY REALISIERUNG GEEK TONICVertreten durch Herrn Yohan Darmayan in seiner Eigenschaft als Gesch\u00e4ftsf\u00fchrerGesch\u00e4ftssitz: 50 AV. DU LAC MARION 64200 BIARRITZTel.: 05 32 74 11 52E-mail: support@geek-tonic.comWebsite: [&hellip;]<\/p>\n","protected":false},"author":1,"featured_media":5847,"parent":0,"menu_order":0,"comment_status":"closed","ping_status":"closed","template":"","meta":{"_acf_changed":false,"_seopress_robots_primary_cat":"","_seopress_titles_title":"","_seopress_titles_desc":"","_seopress_robots_index":"yes","inline_featured_image":false,"gt_fse_maillage_image":"https:\/\/annecy.geek-tonic.dev\/wp-content\/uploads\/2025\/04\/Paysages-lac-dAnnecy.jpg","gt_fse_maillage_titre":"Rechtliche Hinweise","gt_fse_maillage_alt":"Landschaften Lac d'Annecy","gt_fse_maillage_resume":"","footnotes":""},"categories":[],"tags":[],"class_list":["post-29519","page","type-page","status-publish","has-post-thumbnail","hentry"],"acf":[],"_links":{"self":[{"href":"https:\/\/annecy.geek-tonic.dev\/de\/wp-json\/wp\/v2\/pages\/29519","targetHints":{"allow":["GET"]}}],"collection":[{"href":"https:\/\/annecy.geek-tonic.dev\/de\/wp-json\/wp\/v2\/pages"}],"about":[{"href":"https:\/\/annecy.geek-tonic.dev\/de\/wp-json\/wp\/v2\/types\/page"}],"author":[{"embeddable":true,"href":"https:\/\/annecy.geek-tonic.dev\/de\/wp-json\/wp\/v2\/users\/1"}],"replies":[{"embeddable":true,"href":"https:\/\/annecy.geek-tonic.dev\/de\/wp-json\/wp\/v2\/comments?post=29519"}],"version-history":[{"count":1,"href":"https:\/\/annecy.geek-tonic.dev\/de\/wp-json\/wp\/v2\/pages\/29519\/revisions"}],"predecessor-version":[{"id":29520,"href":"https:\/\/annecy.geek-tonic.dev\/de\/wp-json\/wp\/v2\/pages\/29519\/revisions\/29520"}],"wp:featuredmedia":[{"embeddable":true,"href":"https:\/\/annecy.geek-tonic.dev\/de\/wp-json\/wp\/v2\/media\/5847"}],"wp:attachment":[{"href":"https:\/\/annecy.geek-tonic.dev\/de\/wp-json\/wp\/v2\/media?parent=29519"}],"wp:term":[{"taxonomy":"category","embeddable":true,"href":"https:\/\/annecy.geek-tonic.dev\/de\/wp-json\/wp\/v2\/categories?post=29519"},{"taxonomy":"post_tag","embeddable":true,"href":"https:\/\/annecy.geek-tonic.dev\/de\/wp-json\/wp\/v2\/tags?post=29519"}],"curies":[{"name":"wp","href":"https:\/\/api.w.org\/{rel}","templated":true}]}}