{"id":29535,"date":"2025-03-24T14:39:18","date_gmt":"2025-03-24T13:39:18","guid":{"rendered":"https:\/\/annecy.geek-tonic.dev\/datenschutzrichtlinie\/"},"modified":"2025-07-07T11:12:50","modified_gmt":"2025-07-07T09:12:50","slug":"datenschutzrichtlinie","status":"publish","type":"page","link":"https:\/\/annecy.geek-tonic.dev\/de\/datenschutzrichtlinie\/","title":{"rendered":"Datenschutzrichtlinie"},"content":{"rendered":"\n<div class=\"wp-block-group home-one home-one-groupe has-base-2-color has-custom-color-1-background-color has-text-color has-background has-link-color wp-elements-44cfaee8a1f1aebe760f98d2b6e571b1 has-global-padding is-content-justification-left is-layout-constrained wp-container-core-group-is-layout-cefa7fa6 wp-block-group-is-layout-constrained\" style=\"border-top-left-radius:30px;border-top-right-radius:30px;margin-top:-1.5em;padding-top:var(--wp--preset--spacing--60);padding-bottom:var(--wp--preset--spacing--60)\">\n<div class=\"wp-block-group top-slider title-btn has-custom-color-1-background-color has-background is-nowrap is-layout-flex wp-container-core-group-is-layout-5c4495dd wp-block-group-is-layout-flex\">\n<h1 class=\"wp-block-heading has-base-2-color has-text-color has-link-color wp-elements-569db953ea4b7132bb442c69dce0d548\">DATENSCHUTZRICHTLINIE<\/h1>\n<\/div>\n\n\n\n<p class=\"bottom\" style=\"margin-top:0rem\">Diese Datenschutzrichtlinie beschreibt die personenbezogenen Daten, die gesammelt oder erzeugt (verarbeitet) werden, wenn Sie die Website nutzen. Diese Datenschutzrichtlinie beschreibt, welche Arten von personenbezogenen Daten erfasst werden, wenn Sie unsere Website nutzen, und wie Ihre personenbezogenen Daten verwendet, weitergegeben und gesch\u00fctzt werden. Sie erkl\u00e4rt auch, welche Wahlm\u00f6glichkeiten Sie in Bezug auf Ihre personenbezogenen Daten haben und wie Sie mit uns in Kontakt treten k\u00f6nnen.  <\/p>\n\n\n\n<h2 class=\"wp-block-heading has-text-align-left montagne has-custom-color-2-color has-text-color\">Inhaltsverzeichnis<\/h2>\n\n\n\n<ul style=\"text-decoration:underline\" class=\"wp-block-list ls-list ls-list-undefined has-base-2-color has-text-color has-link-color wp-elements-3769db5226fcfef321d594da2b729837\">\n<li class=\"has-base-2-color has-text-color has-link-color wp-elements-91f99d5435dc2fd7ae0791d5f0e64109\"><a href=\"#gdpr-1\">Wer sind wir?<\/a><\/li>\n\n\n\n<li class=\"has-base-2-color has-text-color has-link-color wp-elements-6f2f2772ad3e396ce7be0a52353e32f8\"><a href=\"#gdpr-2\">Verwendung der gesammelten pers\u00f6nlichen Daten<\/a><\/li>\n\n\n\n<li class=\"has-base-2-color has-text-color has-link-color wp-elements-38ae57da09f4248572bdfccf79433ab4\"><a href=\"#gdpr-3\">Kommentare<\/a><\/li>\n\n\n\n<li class=\"has-base-2-color has-text-color has-link-color wp-elements-45b361f83a64f2cdfc09694f5410a899\"><a href=\"#gdpr-4\">Medien<\/a><\/li>\n\n\n\n<li class=\"has-base-2-color has-text-color has-link-color wp-elements-ea90d2977673cce6469b6f25a8d54e74\"><a href=\"#gdpr-5\">Kontaktformulare<\/a><\/li>\n\n\n\n<li class=\"has-base-2-color has-text-color has-link-color wp-elements-0fb468d25a2009fd8c0d8e461450df25\"><a href=\"#gdpr-6\">Verwendung von Cookies<\/a><\/li>\n\n\n\n<li class=\"has-base-2-color has-text-color has-link-color wp-elements-1294e1f2d1719d21e62c82544e5091b7\"><a href=\"#gdpr-7\">Statistiken und Messung des Publikums<\/a><\/li>\n\n\n\n<li class=\"has-base-2-color has-text-color has-link-color wp-elements-1cbdccbfbcd67f8ece1ffb30184c9ea6\"><a href=\"https:\/\/www.camping-taranis.fr\/politique-de-confidentialite\/#gdpr-8\">Speicherfristen f\u00fcr Ihre Daten<\/a><\/li>\n\n\n\n<li class=\"has-base-2-color has-text-color has-link-color wp-elements-50d4f725ecf086442b88c1a2e459bbbe\"><a href=\"#gdpr-9\">Die Rechte, die Sie \u00fcber Ihre Daten haben<\/a><\/li>\n\n\n\n<li class=\"has-base-2-color has-text-color has-link-color wp-elements-f359a9a43e6cee59f0c40e2a4c159b96\"><a href=\"#gdpr-10\">\u00dcbermittlung Ihrer pers\u00f6nlichen Daten<\/a><\/li>\n\n\n\n<li class=\"has-base-2-color has-text-color has-link-color wp-elements-6e865c313835cdf27f5f7df092b64973\"><a href=\"#gdpr-11\">Wie wir Ihre Daten sch\u00fctzen<\/a><\/li>\n\n\n\n<li class=\"has-base-2-color has-text-color has-link-color wp-elements-5693d4a301174ef348768aa595de4907\"><a href=\"#gdpr-12\">Kontaktinformationen<\/a><\/li>\n<\/ul>\n\n\n\n<h2 class=\"wp-block-heading montagne has-custom-color-2-color has-text-color\" id=\"gdpr-1\">Wer sind wir?<\/h2>\n\n\n\n<p class=\"ls-paragraph\">Entdecken Sie alle unsere Informationen auf der Seite <a href=\"https:\/\/annecy.geek-tonic.dev\/de\/rechtliche-hinweise\/\" data-type=\"page\" data-id=\"3297\">Rechtliche Hinweise<\/a>.<\/p>\n\n\n\n<h2 class=\"wp-block-heading montagne has-custom-color-2-color has-text-color\" id=\"gdpr-2\">Verwendung der gesammelten pers\u00f6nlichen Daten<\/h2>\n\n\n\n<p class=\"ls-paragraph\">Wir sammeln automatisch und direkt keine Daten \u00fcber Sie.<\/p>\n\n\n\n<p class=\"ls-paragraph\">Dessen ungeachtet k\u00f6nnen wir Informationen, einschlie\u00dflich personenbezogener Informationen, von Dritten sammeln (siehe Abschnitt <a href=\"#gdpr-5\" data-type=\"internal\" data-id=\"#gdpr-5\">Cookies<\/a>).<\/p>\n\n\n\n<h2 class=\"wp-block-heading montagne has-custom-color-2-color has-text-color\" id=\"gdpr-3\">Kommentare<\/h2>\n\n\n\n<p class=\"ls-paragraph\">Wenn Sie einen Kommentar auf unserer Website hinterlassen, werden die im Kommentarformular eingetragenen Daten, aber auch Ihre IP-Adresse und der User Agent Ihres Browsers gesammelt, um uns bei der Erkennung unerw\u00fcnschter Kommentare zu helfen.<\/p>\n\n\n\n<p class=\"ls-paragraph\">Eine aus Ihrer E-Mail-Adresse erstellte anonymisierte Zeichenfolge (auch Hash genannt) kann an den Gravatar-Dienst gesendet werden, um zu \u00fcberpr\u00fcfen, ob Sie den Dienst nutzen. Die Datenschutzbestimmungen des Gravatar-Dienstes finden Sie <a href=\"https:\/\/automattic.com\/privacy\/\">unter https:\/\/automattic.com\/privacy\/<\/a>. Nachdem Sie Ihren Kommentar freigeschaltet haben, wird Ihr Profilbild neben Ihrem Kommentar \u00f6ffentlich sichtbar sein.  <\/p>\n\n\n\n<h2 class=\"wp-block-heading montagne has-custom-color-2-color has-text-color\" id=\"gdpr-4\">Medien<\/h2>\n\n\n\n<p class=\"ls-paragraph\">Wenn Sie ein registrierter Nutzer oder eine registrierte Nutzerin sind und Bilder auf die Website hochladen, empfehlen wir Ihnen, keine Bilder hochzuladen, die EXIF-Daten von GPS-Koordinaten enthalten. Die Besucher Ihrer Website k\u00f6nnen aus diesen Bildern Standortdaten herunterladen und extrahieren. <\/p>\n\n\n\n<h2 class=\"wp-block-heading montagne has-custom-color-2-color has-text-color\" id=\"gdpr-5\">Kontaktformulare<\/h2>\n\n\n\n<p class=\"ls-paragraph\">Sie k\u00f6nnen uns beim Ausf\u00fcllen eines Formulars Informationen zur Verf\u00fcgung stellen. Diese Informationen werden uns per E-Mail \u00fcbermittelt und nicht anders als in unserem E-Mail-Service gespeichert. Wenn die Informationen zu kommerziellen Zwecken verwendet werden, wird dies am Ende des Formulars angegeben. Wir werden immer Ihre Zustimmung einholen, wenn wir Informationen \u00fcber ein Formular sammeln.  <\/p>\n\n\n\n<h2 class=\"wp-block-heading montagne has-custom-color-2-color has-text-color\" id=\"gdpr-6\">Verwendung von Cookies<\/h2>\n\n\n\n<p class=\"ls-paragraph\"><strong>Was ist ein Cookie?<\/strong><br\/>Ein Cookie ist eine kleine Datendatei, die auf Ihr Ger\u00e4t \u00fcbertragen und dort gespeichert wird. Konkret erm\u00f6glicht uns ein Cookie zum Beispiel, Ihren Browser oder Ihre Sprache zu erkennen oder Ihre Einstellungen zu speichern.<br\/>Auf unserer Website werden zwei Arten von Cookies verwendet: \u201eSitzungscookies\u201c und \u201edauerhafte Cookies\u201c. Sitzungscookies verfallen, wenn Sie Ihren Browser schlie\u00dfen, w\u00e4hrend dauerhafte Cookies auf Ihrem Ger\u00e4t verbleiben, nachdem Sie Ihren Browser geschlossen haben, und bei Ihrem n\u00e4chsten Besuch auf unserer Seite wieder verwendet werden k\u00f6nnen.  <\/p>\n\n\n\n<p class=\"ls-paragraph\">Weitere Informationen finden Sie unter <a href=\"https:\/\/allaboutcookies.org\/fr\" data-type=\"link\" data-id=\"https:\/\/allaboutcookies.org\/fr\">allaboutcookies.org<\/a>.<\/p>\n\n\n\n<p class=\"ls-paragraph\"><strong>Unsere Cookies<\/strong><\/p>\n\n\n\n<p class=\"ls-paragraph\">Wenn Sie einen Kommentar auf unserer Website abgeben, wird Ihnen angeboten, Ihren Namen, Ihre E-Mail-Adresse und Ihre Website in Cookies zu speichern. Dies dient lediglich Ihrer Bequemlichkeit, damit Sie diese Informationen nicht eingeben m\u00fcssen, wenn Sie sp\u00e4ter einen weiteren Kommentar abgeben. Diese Cookies laufen nach einem Jahr ab.  <\/p>\n\n\n\n<p class=\"ls-paragraph\">Wenn Sie ein Konto haben und sich auf dieser Website anmelden, wird ein tempor\u00e4res Cookie erstellt, um festzustellen, ob Ihr Browser Cookies akzeptiert. Es enth\u00e4lt keine personenbezogenen Daten und wird automatisch gel\u00f6scht, wenn Sie Ihren Browser schlie\u00dfen. <\/p>\n\n\n\n<p class=\"ls-paragraph\">Wenn Sie sich anmelden, setzen wir eine Reihe von Cookies, um Ihre Anmeldeinformationen und Bildschirmeinstellungen zu speichern. Die Lebensdauer eines Anmelde-Cookies betr\u00e4gt zwei Tage, die eines Cookies f\u00fcr die Bildschirmeinstellungen ein Jahr. Wenn Sie \u201eAn mich erinnern\u201c ankreuzen, wird Ihr Anmelde-Cookie zwei Wochen lang gespeichert. Wenn Sie sich von Ihrem Konto abmelden, wird das Anmelde-Cookie gel\u00f6scht.   <\/p>\n\n\n\n<p class=\"ls-paragraph\">Wenn Sie einen Artikel bearbeiten oder ver\u00f6ffentlichen, wird ein zus\u00e4tzliches Cookie in Ihrem Browser gespeichert. Dieses Cookie enth\u00e4lt keine pers\u00f6nlichen Daten. Es zeigt lediglich die Kennung des Artikels an, den Sie gerade bearbeitet haben. Es l\u00e4uft nach einem Tag ab.   <\/p>\n\n\n\n<p class=\"ls-paragraph\"><strong>Cookies von Drittanbietern<\/strong><\/p>\n\n\n\n<p class=\"ls-paragraph\">Die Artikel auf dieser Website k\u00f6nnen eingebettete Inhalte enthalten (z. B. Videos, Bilder, Artikel &#8230;). Von anderen Websites eingebettete Inhalte verhalten sich genauso, als w\u00fcrde der Besucher diese andere Website besuchen. <\/p>\n\n\n\n<p class=\"ls-paragraph\">Diese Websites k\u00f6nnten Daten \u00fcber Sie sammeln, Cookies verwenden, Tracking-Tools von Drittanbietern einbetten und Ihre Interaktionen mit diesen eingebetteten Inhalten verfolgen, wenn Sie ein angemeldetes Konto auf ihrer Website haben.<\/p>\n\n\n\n<p class=\"ls-paragraph\">Wir k\u00f6nnen bestimmten Gesch\u00e4ftspartnern gestatten, Technologien auf unserer Website zu installieren. Diese Partner setzen diese Technologien ein, um uns bei der Analyse der Art und Weise zu helfen, wie Sie die Website nutzen, z. B. indem sie die Dienste Dritter, \u00fcber die Sie auf die Plattform gelangt sind, bewerten, um unsere Dienste auf unserer Website und auf den Websites Dritter zu vermarkten und zu bewerben, um uns bei der Aufdeckung und Verhinderung von Betrug oder der Durchf\u00fchrung von Risikobewertungen zu unterst\u00fctzen oder um Informationen \u00fcber Ihre Aktivit\u00e4ten auf der Website zu sammeln. <\/p>\n\n\n\n<p class=\"ls-paragraph\">Unsere Website kann Social Plugins verwenden, die von Drittunternehmen bereitgestellt und betrieben werden, wie z. B. die \u201eGef\u00e4llt mir\u201c-Schaltfl\u00e4che von Facebook. Dementsprechend k\u00f6nnen Sie dem Dritten Informationen senden, die Sie in einem bestimmten Bereich unserer Website ansehen. Wenn Sie nicht in Ihr bei der Drittpartei er\u00f6ffnetes Konto eingeloggt sind, kann die Drittpartei Ihre Identit\u00e4t nicht erfahren. Wenn Sie in Ihr Konto bei der Drittpartei eingeloggt sind, kann die Drittpartei die Informationen oder Aktionen, die sich auf Ihre Interaktionen mit unserer Website beziehen, mit Ihrem Konto bei der Drittpartei verkn\u00fcpfen. Bitte lesen Sie die Datenschutzrichtlinien der Drittpartei, um mehr \u00fcber deren Datenpraktiken zu erfahren.    <\/p>\n\n\n\n<p class=\"ls-paragraph\">Eine Liste der auf dieser Seite verwendeten Cookies von Drittanbietern ist \u00fcber das <a href=\"#moove_gdpr_cookie_modal\">Cookie-Verwaltungsfeld<\/a> verf\u00fcgbar.<\/p>\n\n\n\n<h2 class=\"wp-block-heading montagne has-custom-color-2-color has-text-color\" id=\"gdpr-7\">Statistiken und Messung des Publikums<\/h2>\n\n\n\n<p class=\"ls-paragraph\">Im Bereich der Analyse arbeiten wir mit Google Analytics, um Informationen \u00fcber die Nutzung unserer Website zu erhalten und diese zu verbessern. Diese Funktion kann \u00fcber das <a href=\"#moove_gdpr_cookie_modal\">Cookie-Panel<\/a> deaktiviert werden. <\/p>\n\n\n\n<p class=\"ls-paragraph\">Um zu verhindern, dass Google Analytics Ihre Informationen zu Analysezwecken verwendet, k\u00f6nnen Sie auch das Browser-Add-on zur Deaktivierung von Google Analytics installieren, indem Sie <a href=\"https:\/\/tools.google.com\/dlpage\/gaoptout\" rel=\"noopener\" target=\"_blank\">hier<\/a> klicken. Beachten Sie, dass wir keine Kontrolle \u00fcber diesen Deaktivierungslink haben und nicht f\u00fcr die Verf\u00fcgbarkeit oder Richtigkeit dieses Mechanismus verantwortlich sind. Weitere Informationen finden Sie <a href=\"https:\/\/support.google.com\/analytics\/answer\/6004245\" rel=\"noopener\" target=\"_blank\">in dieser Dokumentation<\/a>.  <\/p>\n\n\n\n<h2 class=\"wp-block-heading montagne has-custom-color-2-color has-text-color\" id=\"gdpr-8\">Speicherfristen f\u00fcr Ihre Daten<\/h2>\n\n\n\n<p class=\"ls-paragraph\">Wenn Sie einen Kommentar hinterlassen, werden der Kommentar und seine Metadaten auf unbestimmte Zeit gespeichert. Dadurch werden nachfolgende Kommentare automatisch erkannt und genehmigt, anstatt sie in der Moderationswarteschlange zu belassen. <\/p>\n\n\n\n<p class=\"ls-paragraph\">F\u00fcr Nutzerinnen und Nutzer, die sich auf unserer Website registrieren (sofern dies m\u00f6glich ist), speichern wir auch die in ihrem Profil angegebenen pers\u00f6nlichen Daten. Alle Nutzerinnen und Nutzer k\u00f6nnen ihre pers\u00f6nlichen Informationen (mit Ausnahme ihres Benutzernamens) jederzeit einsehen, \u00e4ndern oder l\u00f6schen. Auch die Verwalter der Website k\u00f6nnen diese Informationen einsehen und \u00e4ndern.  <\/p>\n\n\n\n<h2 class=\"wp-block-heading montagne has-custom-color-2-color has-text-color\" id=\"gdpr-9\">Die Rechte, die Sie \u00fcber Ihre Daten haben<\/h2>\n\n\n\n<p class=\"ls-paragraph\">Wenn Sie ein Benutzerkonto haben oder Kommentare auf der Website hinterlassen haben, k\u00f6nnen Sie eine Datei anfordern, die alle personenbezogenen Daten enth\u00e4lt, die wir \u00fcber Sie gespeichert haben, einschlie\u00dflich der Daten, die Sie uns zur Verf\u00fcgung gestellt haben. Sie k\u00f6nnen auch verlangen, dass die personenbezogenen Daten \u00fcber Sie gel\u00f6scht werden. Dies gilt nicht f\u00fcr Daten, die zu administrativen, rechtlichen oder Sicherheitszwecken gespeichert werden.  <\/p>\n\n\n\n<h2 class=\"wp-block-heading montagne has-custom-color-2-color has-text-color\" id=\"gdpr-10\">\u00dcbermittlung Ihrer pers\u00f6nlichen Daten<\/h2>\n\n\n\n<p class=\"ls-paragraph\">Die Kommentare der Besucher k\u00f6nnen mithilfe eines automatisierten Dienstes zur Erkennung unerw\u00fcnschter Kommentare \u00fcberpr\u00fcft werden<br\/>Alle personenbezogenen Daten, die wir verarbeiten, werden im Herzen der Europ\u00e4ischen Union verarbeitet.<\/p>\n\n\n\n<h2 class=\"wp-block-heading montagne has-custom-color-2-color has-text-color\" id=\"gdpr-11\">Wie wir Ihre Daten sch\u00fctzen<\/h2>\n\n\n\n<p class=\"ls-paragraph\">Wir implementieren und aktualisieren st\u00e4ndig die <strong>Sicherheit<\/strong> der Website, um Ihre Daten vor unberechtigtem Zugriff, Verlust, Zerst\u00f6rung oder Ver\u00e4nderung zu sch\u00fctzen. Wir arbeiten also daran, Ihre Daten so unangreifbar wie m\u00f6glich zu machen. Da das Internet keine 100%ig sichere Umgebung ist, k\u00f6nnen wir die Sicherheit der \u00dcbertragung oder Speicherung Ihrer Daten nicht vollst\u00e4ndig garantieren.  <\/p>\n\n\n\n<h2 class=\"wp-block-heading montagne has-custom-color-2-color has-text-color\" id=\"gdpr-12\">Kontaktinformationen<\/h2>\n\n\n\n<p class=\"ls-paragraph\">Wenn Sie Anfragen oder Fragen zu Ihren pers\u00f6nlichen Daten haben, kontaktieren Sie uns bitte unter rgpd@geek-tonic.com, weitere Kontaktinformationen finden Sie in unserem <a href=\"https:\/\/annecy.geek-tonic.dev\/de\/rechtliche-hinweise\/\" data-type=\"page\" data-id=\"3297\">Impressum<\/a>. Bitte beachten Sie, dass wir Sie m\u00f6glicherweise bitten, Ihre Identit\u00e4t zu \u00fcberpr\u00fcfen, bevor wir weitere Schritte bez\u00fcglich Ihrer Anfrage unternehmen. <\/p>\n<\/div>\n","protected":false},"excerpt":{"rendered":"<p>DATENSCHUTZRICHTLINIE Diese Datenschutzrichtlinie beschreibt die personenbezogenen Daten, die gesammelt oder erzeugt (verarbeitet) werden, wenn Sie die Website nutzen. Diese Datenschutzrichtlinie beschreibt, welche Arten von personenbezogenen Daten erfasst werden, wenn Sie unsere Website nutzen, und wie Ihre personenbezogenen Daten verwendet, weitergegeben und gesch\u00fctzt werden. Sie erkl\u00e4rt auch, welche Wahlm\u00f6glichkeiten Sie in Bezug auf Ihre personenbezogenen Daten [&hellip;]<\/p>\n","protected":false},"author":1,"featured_media":6617,"parent":0,"menu_order":0,"comment_status":"closed","ping_status":"closed","template":"","meta":{"_acf_changed":false,"_seopress_robots_primary_cat":"","_seopress_titles_title":"","_seopress_titles_desc":"","_seopress_robots_index":"yes","inline_featured_image":false,"gt_fse_maillage_image":"https:\/\/annecy.geek-tonic.dev\/wp-content\/uploads\/2025\/04\/vue-aerienne-camping-proche-lac-annecy.jpg","gt_fse_maillage_titre":"Pers\u00f6nliche Daten","gt_fse_maillage_alt":"_Datenschutzrichtlinie","gt_fse_maillage_resume":"","footnotes":""},"categories":[],"tags":[],"class_list":["post-29535","page","type-page","status-publish","has-post-thumbnail","hentry"],"acf":[],"_links":{"self":[{"href":"https:\/\/annecy.geek-tonic.dev\/de\/wp-json\/wp\/v2\/pages\/29535","targetHints":{"allow":["GET"]}}],"collection":[{"href":"https:\/\/annecy.geek-tonic.dev\/de\/wp-json\/wp\/v2\/pages"}],"about":[{"href":"https:\/\/annecy.geek-tonic.dev\/de\/wp-json\/wp\/v2\/types\/page"}],"author":[{"embeddable":true,"href":"https:\/\/annecy.geek-tonic.dev\/de\/wp-json\/wp\/v2\/users\/1"}],"replies":[{"embeddable":true,"href":"https:\/\/annecy.geek-tonic.dev\/de\/wp-json\/wp\/v2\/comments?post=29535"}],"version-history":[{"count":1,"href":"https:\/\/annecy.geek-tonic.dev\/de\/wp-json\/wp\/v2\/pages\/29535\/revisions"}],"predecessor-version":[{"id":29536,"href":"https:\/\/annecy.geek-tonic.dev\/de\/wp-json\/wp\/v2\/pages\/29535\/revisions\/29536"}],"wp:featuredmedia":[{"embeddable":true,"href":"https:\/\/annecy.geek-tonic.dev\/de\/wp-json\/wp\/v2\/media\/6617"}],"wp:attachment":[{"href":"https:\/\/annecy.geek-tonic.dev\/de\/wp-json\/wp\/v2\/media?parent=29535"}],"wp:term":[{"taxonomy":"category","embeddable":true,"href":"https:\/\/annecy.geek-tonic.dev\/de\/wp-json\/wp\/v2\/categories?post=29535"},{"taxonomy":"post_tag","embeddable":true,"href":"https:\/\/annecy.geek-tonic.dev\/de\/wp-json\/wp\/v2\/tags?post=29535"}],"curies":[{"name":"wp","href":"https:\/\/api.w.org\/{rel}","templated":true}]}}