{"id":31314,"date":"2025-03-24T15:54:05","date_gmt":"2025-03-24T14:54:05","guid":{"rendered":"https:\/\/annecy.geek-tonic.dev\/vorteile-von-yelloh-village\/"},"modified":"2025-09-23T10:31:09","modified_gmt":"2025-09-23T08:31:09","slug":"vorteile-von-yelloh-village","status":"publish","type":"page","link":"https:\/\/annecy.geek-tonic.dev\/de\/vorteile-von-yelloh-village\/","title":{"rendered":"Vorteile von Yelloh! Village"},"content":{"rendered":"\n<section class=\"wp-block-group home-one home-one-groupe home-yelloh has-custom-color-1-background-color has-background has-global-padding is-layout-constrained wp-block-group-is-layout-constrained\" style=\"border-top-left-radius:30px;border-top-right-radius:30px;margin-top:-1.5em;padding-top:var(--wp--preset--spacing--60);padding-bottom:var(--wp--preset--spacing--20)\">\n<div class=\"wp-block-group has-custom-color-1-background-color has-background has-global-padding is-layout-constrained wp-block-group-is-layout-constrained\" style=\"margin-bottom:var(--wp--preset--spacing--50)\">\n<div class=\"wp-block-group top-slider title-btn has-link-color wp-elements-1fe0bf5e536ef168b9857b9430ab949b is-vertical is-content-justification-left is-nowrap is-layout-flex wp-container-core-group-is-layout-417970ea wp-block-group-is-layout-flex\">\n<h1 class=\"wp-block-heading has-base-2-color has-text-color has-link-color wp-elements-fe4f6b90df414d0473fca7a93798e9aa\">Vorteile von Yelloh! Village <\/h1>\n\n\n\n<p>Nos <a href=\"https:\/\/annecy.geek-tonic.dev\/de\/\" data-type=\"page\" data-id=\"7\">campings Annecy<\/a>  sont heureux de faire partie du groupe d\u2019h\u00f4tellerie de plein air : <strong>Yelloh! Village<\/strong>. \u00c0 travers <a href=\"https:\/\/annecy.geek-tonic.dev\/de\/unsere-geschichte\/\" data-type=\"page\" data-id=\"12\">son histoire<\/a>, notre groupe familial et ind\u00e9pendant partage des valeurs communes et le sens du service avec Yelloh! Village. Pour rendre vos vacances en Haute-Savoie toujours plus confortables et m\u00e9morables !<br\/><\/p>\n<\/div>\n\n\n\n<div class=\"wp-block-group top-slider title-btn has-link-color wp-elements-8d6b7acd64bf7c50d11f1ace8336dc6d is-vertical is-content-justification-left is-nowrap is-layout-flex wp-container-core-group-is-layout-0e29a2b6 wp-block-group-is-layout-flex\" style=\"padding-top:var(--wp--preset--spacing--50)\">\n<div class=\"wp-block-group is-nowrap is-layout-flex wp-container-core-group-is-layout-6c531013 wp-block-group-is-layout-flex\">\n<figure class=\"wp-block-image aligncenter size-large is-resized\"><img decoding=\"async\" src=\"https:\/\/annecy.geek-tonic.dev\/wp-content\/uploads\/2025\/04\/yelloh_logo.svg\" alt=\"yelloh village logo\" class=\"wp-image-9060\" style=\"width:auto;height:120px\"\/><\/figure>\n\n\n\n<h2 class=\"wp-block-heading has-text-align-center has-base-2-color has-text-color has-link-color wp-elements-3e0f3c953ca33cc3ea660acb03de1920\">\u00dcber Yelloh! Village <\/h2>\n<\/div>\n\n\n\n<div class=\"wp-block-columns is-layout-flex wp-container-core-columns-is-layout-416bbe66 wp-block-columns-is-layout-flex\" style=\"margin-top:var(--wp--preset--spacing--30)\">\n<div class=\"wp-block-column is-layout-flow wp-block-column-is-layout-flow\">\n<p class=\"has-text-align-left\">Yelloh! Village ist die f\u00fchrende Marke f\u00fcr Freilufthotels in Frankreich und auf internationaler Ebene und genie\u00dft einen hervorragenden Ruf. Yelloh! Village besteht aus 95 unabh\u00e4ngigen Besitzern von 4- und 5-Sterne-Campingpl\u00e4tzen, die alle unterschiedliche Ideen einbringen, aber unter demselben Banner vereint sind, und ist eine Familie von Enthusiasten, die von der Schaffung der besten Ferien motiviert sind.   <\/p>\n\n\n\n<p class=\"has-text-align-left\">Als Referenzmarke funktioniert Yelloh! Village als Franchise-Kette, die die besten Fachleute der Branche vereint und sich als erstes Netzwerk von Campinghotels der gehobenen Klasse etabliert. <\/p>\n\n\n\n<p class=\"has-text-align-left\">Yelloh! Village wurde von Bernard Sauvaire (Eigent\u00fcmer von La Petite Camargue und Carmargais) im Jahr 2000 gegr\u00fcndet. Bernard traf sich mit den Besitzern von 3 Campingpl\u00e4tzen in S\u00fcdfrankreich mit dem Ziel, Ideen auszutauschen und gemeinsam besser zu werden.  <\/p>\n<\/div>\n\n\n\n<div class=\"wp-block-column is-layout-flow wp-block-column-is-layout-flow\">\n<p class=\"has-text-align-left\">Jeder Yelloh! Village-Campingplatz hat seinen eigenen Charakter und seine eigene Pers\u00f6nlichkeit (wie alle unabh\u00e4ngigen Campingpl\u00e4tze), dennoch gibt es eine Sache, die sie alle gemeinsam haben: die Liebe zu den Kunden und die Leidenschaft f\u00fcr den Kundenservice. Darauf beruht das Franchising.    <\/p>\n\n\n\n<p class=\"has-text-align-left\">Die Idee ist, die Campingpl\u00e4tze st\u00e4ndig zu verbessern, mit neuen Pools und neuen Einrichtungen, um das bestm\u00f6gliche Urlaubserlebnis auf den Yelloh! Village-Campingpl\u00e4tzen zu schaffen. <\/p>\n\n\n\n    <div id=\"gt-fse-lire-plus-1\"\n         class=\"gt-fse-lire-plus\"\n         data-min-height=\"130\"\n         style=\"background-color: #9bbea9;\">\n\n        <input id=\"gt-fse-lire-plus-1-toggle\"\n               type=\"checkbox\"\n               class=\"gt-fse-lire-plus__toggle\" \/>\n\n        <label for=\"gt-fse-lire-plus-1-toggle\"\n               class=\"gt-fse-lire-plus__toggle-label\">\n            <span>Lire plus<\/span>\n            <span>Lire moins<\/span>\n        <\/label>\n\n        <div class=\"gt-fse-lire-plus__content\"\n             style=\"height: 130px;\">\n\n            \n\n<p class=\"has-text-align-left\">Yelloh! Village stellt den menschlichen Kontakt und die Qualit\u00e4t an die Spitze seiner Priorit\u00e4tenliste und dies ist eine Ethik, der wir zu folgen glauben und in die wir uns einf\u00fcgen werden.<\/p>\n\n\n\n<p class=\"has-text-align-left\">In Campings Annecy wird unsere Zusammenarbeit mit Yelloh! Village nicht dazu f\u00fchren, dass wir unsere Identit\u00e4t verlieren, wir bleiben unabh\u00e4ngig und k\u00f6nnen unsere einzigartige, seit Jahren gepflegte Pers\u00f6nlichkeit bewahren. <\/p>\n\n\n            <div class=\"gt-fse-lire-plus__gradient\"\n                 style=\"background: linear-gradient(to bottom, rgba(155,190,169,0) 0%, rgba(155,190,169,1) 100%);\"><\/div>\n        <\/div>\n\n    <\/div>\n\n    <\/div>\n<\/div>\n<\/div>\n<\/div>\n<\/section>\n\n<section class=\"wp-block-group home-third home-third-groupe is-layout-flow wp-block-group-is-layout-flow\" style=\"margin-top:-1.5rem\">\n<div class=\"wp-block-group top is-layout-flow wp-block-group-is-layout-flow\">\n<div data-swiper=\"{&quot;speed&quot;:400,&quot;spaceBetween&quot;:16,&quot;slidesPerView&quot;:1,&quot;createElements&quot;:true,&quot;loop&quot;:true,&quot;freemode&quot;:true,&quot;navigation&quot;:{&quot;nextEl&quot;:&quot;buttonNext&quot;,&quot;prevEl&quot;:&quot;buttonPrev&quot;},&quot;breakpoints&quot;:[{&quot;slidesPerView&quot;:1}],&quot;effect&quot;:&quot;fade&quot;,&quot;pagination&quot;:false}\" class=\"wp-block-group gt-is-slider gt-is-slider-desktop is-layout-flow wp-block-group-is-layout-flow\">\n<div data-swiper=\"{&quot;speed&quot;:1000,&quot;autoplay&quot;:{&quot;delay&quot;:5000,&quot;disableOnInteraction&quot;:false},&quot;spaceBetween&quot;:0,&quot;slidesPerView&quot;:1,&quot;pagination&quot;:{&quot;el&quot;:&quot;.swiper-pagination&quot;,&quot;dynamicBullets&quot;:true,&quot;clickable&quot;:true,&quot;type&quot;:&quot;bullets&quot;},&quot;navigation&quot;:{&quot;nextEl&quot;:&quot;.swiper-button-next&quot;,&quot;prevEl&quot;:&quot;.swiper-button-prev&quot;},&quot;breakpoints&quot;:[{&quot;slidesPerView&quot;:1}]}\" class=\"wp-block-cover has-parallax has-custom-content-position is-position-bottom-left\" style=\"min-height:100vh;aspect-ratio:unset;\"><div role=\"img\" aria-label=\"Yelloh! La Ravoire\" class=\"wp-block-cover__image-background wp-image-10086 size-full has-parallax\" style=\"background-position:50% 50%;background-image:url(https:\/\/annecy.geek-tonic.dev\/wp-content\/uploads\/2025\/05\/campign-la-ravoire-annecy.jpg)\"><\/div><span aria-hidden=\"true\" class=\"wp-block-cover__background has-custom-color-8-background-color has-background-dim-40 has-background-dim\"><\/span><div class=\"wp-block-cover__inner-container is-layout-flow wp-block-cover-is-layout-flow\">\n<div class=\"wp-block-group title-btn is-nowrap is-layout-flex wp-container-core-group-is-layout-5c4495dd wp-block-group-is-layout-flex\">\n<p class=\"h1-like has-base-2-color has-text-color has-link-color has-righteous-font-family wp-elements-89a10cb46dc4e14c74e501ffe79bdc55\" style=\"font-size:clamp(57.838px, 3.615rem + ((1vw - 3.2px) * 5.054), 120px);font-style:normal;font-weight:400;line-height:0.8;text-transform:uppercase\"><strong>Die Charta <\/strong><br\/><strong>Yelloh!<\/strong><\/p>\n<\/div>\n<\/div><\/div>\n\n\n\n<div data-swiper=\"{&quot;speed&quot;:1000,&quot;autoplay&quot;:{&quot;delay&quot;:5000,&quot;disableOnInteraction&quot;:false},&quot;spaceBetween&quot;:0,&quot;slidesPerView&quot;:1,&quot;pagination&quot;:{&quot;el&quot;:&quot;.swiper-pagination&quot;,&quot;dynamicBullets&quot;:true,&quot;clickable&quot;:true,&quot;type&quot;:&quot;bullets&quot;},&quot;navigation&quot;:{&quot;nextEl&quot;:&quot;.swiper-button-next&quot;,&quot;prevEl&quot;:&quot;.swiper-button-prev&quot;},&quot;breakpoints&quot;:[{&quot;slidesPerView&quot;:1}]}\" class=\"wp-block-cover has-parallax has-custom-content-position is-position-bottom-left\" style=\"min-height:100vh;aspect-ratio:unset;\"><div role=\"img\" aria-label=\"serveuse restaurant camping les fontaines\" class=\"wp-block-cover__image-background wp-image-5961 size-full has-parallax\" style=\"background-position:50% 50%;background-image:url(https:\/\/annecy.geek-tonic.dev\/wp-content\/uploads\/2025\/04\/serveuse-restaurant-camping-les-fontaines.jpg)\"><\/div><span aria-hidden=\"true\" class=\"wp-block-cover__background has-custom-color-8-background-color has-background-dim-40 has-background-dim\"><\/span><div class=\"wp-block-cover__inner-container is-layout-flow wp-block-cover-is-layout-flow\">\n<div class=\"wp-block-group title-btn is-nowrap is-layout-flex wp-container-core-group-is-layout-5c4495dd wp-block-group-is-layout-flex\">\n<p class=\"h1-like has-base-2-color has-text-color has-link-color has-righteous-font-family wp-elements-89a10cb46dc4e14c74e501ffe79bdc55\" style=\"font-size:clamp(57.838px, 3.615rem + ((1vw - 3.2px) * 5.054), 120px);font-style:normal;font-weight:400;line-height:0.8;text-transform:uppercase\"><strong>Die Charta <\/strong><br\/><strong>Yelloh!<\/strong><\/p>\n<\/div>\n<\/div><\/div>\n\n\n\n<div data-swiper=\"{&quot;speed&quot;:1000,&quot;autoplay&quot;:{&quot;delay&quot;:5000,&quot;disableOnInteraction&quot;:false},&quot;spaceBetween&quot;:0,&quot;slidesPerView&quot;:1,&quot;pagination&quot;:{&quot;el&quot;:&quot;.swiper-pagination&quot;,&quot;dynamicBullets&quot;:true,&quot;clickable&quot;:true,&quot;type&quot;:&quot;bullets&quot;},&quot;navigation&quot;:{&quot;nextEl&quot;:&quot;.swiper-button-next&quot;,&quot;prevEl&quot;:&quot;.swiper-button-prev&quot;},&quot;breakpoints&quot;:[{&quot;slidesPerView&quot;:1}]}\" class=\"wp-block-cover has-parallax has-custom-content-position is-position-bottom-left\" style=\"min-height:100vh;aspect-ratio:unset;\"><div role=\"img\" aria-label=\"toboggans aquatiques\" class=\"wp-block-cover__image-background wp-image-4292 size-full has-parallax\" style=\"background-position:50% 50%;background-image:url(https:\/\/annecy.geek-tonic.dev\/wp-content\/uploads\/2025\/04\/toboggans-aquatiques.jpg)\"><\/div><span aria-hidden=\"true\" class=\"wp-block-cover__background has-custom-color-8-background-color has-background-dim-40 has-background-dim\"><\/span><div class=\"wp-block-cover__inner-container is-layout-flow wp-block-cover-is-layout-flow\">\n<div class=\"wp-block-group title-btn is-nowrap is-layout-flex wp-container-core-group-is-layout-5c4495dd wp-block-group-is-layout-flex\">\n<p class=\"h1-like has-base-2-color has-text-color has-link-color has-righteous-font-family wp-elements-89a10cb46dc4e14c74e501ffe79bdc55\" style=\"font-size:clamp(57.838px, 3.615rem + ((1vw - 3.2px) * 5.054), 120px);font-style:normal;font-weight:400;line-height:0.8;text-transform:uppercase\"><strong>Die Charta <\/strong><br\/><strong>Yelloh!<\/strong><\/p>\n<\/div>\n<\/div><\/div>\n<\/div>\n\n\n\n<div class=\"wp-block-group bottom-slider-text has-link-color wp-elements-c0f5565cecaa8784b5a694c26569638b has-global-padding is-layout-constrained wp-block-group-is-layout-constrained\">\n<p class=\"has-base-2-color has-text-color has-link-color wp-elements-51af84db8c67dd7d4e2fb1566b72686e\">Wenn Sie sich f\u00fcr einen Campingplatz mit Yelloh! Village entscheiden, k\u00f6nnen Sie Ihr Campingziel in der Gewissheit w\u00e4hlen, dass Sie den gleichen hochwertigen Service und die gleichen Leistungen erhalten. <\/p>\n\n\n\n<p class=\"has-base-2-color has-text-color has-link-color wp-elements-c5329eb0c0cbd84f048217f3b9b3df77\">Unsere 3 Campingpl\u00e4tze m\u00fcssen die Yelloh!-Charta f\u00fcr Exzellenz einhalten, was bedeutet, dass Sie eine Garantie f\u00fcr ein qualitativ hochwertiges Erlebnis haben, dass wir j\u00e4hrlich gepr\u00fcft werden, um sicherzustellen, dass wir die hohen Standards der Yelloh!   <\/p>\n\n\n\n<p class=\"has-base-2-color has-text-color has-link-color wp-elements-7272d8ad5d9e00c77c57fedfecbdaf71\">Sie teilen die gleichen menschlichen und qualitativen Werte. Der Beitritt zur Yelloh! Village-Familie war f\u00fcr uns bei Campings Annecy eine Selbstverst\u00e4ndlichkeit.    <\/p>\n\n\n\n<p class=\"has-base-2-color has-text-color has-link-color wp-elements-6908babd7b4b44a61504b3feec020d6d\">Als Spezialisten und Qualit\u00e4tsgaranten k\u00f6nnen wir uns auf ihr Know-how st\u00fctzen und gleichzeitig unsere Identit\u00e4t bewahren, die uns sehr am Herzen liegt. Weil wir Ihr L\u00e4cheln lieben, sind wir stolz darauf, Ihr Gl\u00fcck zu gestalten! <\/p>\n<\/div>\n<\/div>\n<\/section>\n\n<section class=\"wp-block-group page-maillage page-maillage-groupe has-global-padding is-layout-constrained wp-container-core-group-is-layout-9ec0d898 wp-block-group-is-layout-constrained\" style=\"margin-top:var(--wp--preset--spacing--30);margin-bottom:var(--wp--preset--spacing--50);padding-top:var(--wp--preset--spacing--50);padding-right:var(--wp--preset--spacing--50);padding-bottom:var(--wp--preset--spacing--40);padding-left:var(--wp--preset--spacing--50)\">\n<div class=\"wp-block-columns is-layout-flex wp-container-core-columns-is-layout-28f84493 wp-block-columns-is-layout-flex\">\n<div class=\"wp-block-column is-vertically-aligned-center is-layout-flow wp-block-column-is-layout-flow\">\n<div class=\"wp-block-group compo-title has-global-padding is-content-justification-right is-layout-constrained wp-container-core-group-is-layout-f1f2ed93 wp-block-group-is-layout-constrained\">\n<h2 class=\"wp-block-heading has-custom-color-2-color has-text-color has-link-color wp-elements-343075b39e47814b14dff3c83e906dc8\" style=\"text-transform:uppercase\">Mobile Anwendung auf dem Campingplatz: alle Dienste<\/h2>\n<\/div>\n\n\n\n<div class=\"wp-block-group is-nowrap is-layout-flex wp-container-core-group-is-layout-6c531013 wp-block-group-is-layout-flex\">\n<figure class=\"wp-block-image aligncenter size-medium is-resized\"><img loading=\"lazy\" decoding=\"async\" width=\"937\" height=\"937\" src=\"https:\/\/annecy.geek-tonic.dev\/wp-content\/uploads\/2025\/05\/application-mobile.svg\" alt=\"mobile Anwendung\" class=\"wp-image-10093\" style=\"width:250px\"\/><\/figure>\n\n\n\n<p class=\"has-custom-color-2-color has-text-color has-link-color wp-elements-01713bee2742cba445df7e575d1125f7\" style=\"padding-top:var(--wp--preset--spacing--20)\">Download  <strong>die App Yelloh! Village <\/strong>  auf Ihrem Handy, um alle Informationen \u00fcber unsere Campingpl\u00e4tze zu erhalten. Unsere App ist f\u00fcr ios im App Store und f\u00fcr Android im Google Play Store erh\u00e4ltlich und wird zu einem festen Bestandteil Ihres Aufenthalts in unseren Yelloh! Village-Campingpl\u00e4tzen.    <\/p>\n<\/div>\n\n\n\n<div class=\"wp-block-group is-content-justification-left is-nowrap is-layout-flex wp-container-core-group-is-layout-fc9f69e7 wp-block-group-is-layout-flex\">\n<figure class=\"wp-block-image size-full\"><a href=\"https:\/\/apps.apple.com\/fr\/app\/camping-yelloh-village\/id720666338\" target=\"_blank\" rel=\" noopener\"><img decoding=\"async\" src=\"https:\/\/annecy.geek-tonic.dev\/wp-content\/uploads\/2025\/04\/apple.png\" alt=\"apple\" class=\"wp-image-9106\"\/><\/a><\/figure>\n\n\n\n<figure class=\"wp-block-image size-full\"><a href=\"https:\/\/play.google.com\/store\/apps\/details?id=fr.yellohvillage.application\" target=\"_blank\" rel=\" noopener\"><img decoding=\"async\" src=\"https:\/\/annecy.geek-tonic.dev\/wp-content\/uploads\/2025\/04\/google.png\" alt=\"google\" class=\"wp-image-9102\" style=\"object-fit:cover\"\/><\/a><\/figure>\n<\/div>\n<\/div>\n\n\n\n<div class=\"wp-block-column is-layout-flow wp-block-column-is-layout-flow\" style=\"flex-basis:5%\"><\/div>\n\n\n\n<div class=\"wp-block-column right is-layout-flow wp-block-column-is-layout-flow\">\n<div class=\"wp-block-group compo-title has-global-padding is-content-justification-right is-layout-constrained wp-container-core-group-is-layout-f1f2ed93 wp-block-group-is-layout-constrained\">\n<h2 class=\"wp-block-heading has-custom-color-2-color has-text-color has-link-color wp-elements-ae185e3b083c518aabd84ee094288c5b\" style=\"text-transform:uppercase\">Schlie\u00dfen Sie sich dem Treueprogramm Yelloh! Village an. <\/h2>\n<\/div>\n\n\n\n<div class=\"wp-block-group is-nowrap is-layout-flex wp-container-core-group-is-layout-6c531013 wp-block-group-is-layout-flex\">\n<figure class=\"wp-block-image aligncenter size-medium is-resized\"><img loading=\"lazy\" decoding=\"async\" width=\"682\" height=\"682\" src=\"https:\/\/annecy.geek-tonic.dev\/wp-content\/uploads\/2025\/05\/fidelite-du-consommateur.svg\" alt=\"Treueprogramm yelloh\" class=\"wp-image-10113\" style=\"width:220px\"\/><\/figure>\n\n\n\n<p class=\"has-custom-color-2-color has-text-color has-link-color wp-elements-687443e5be41f9418bcd85025617a5ac\" style=\"padding-top:var(--wp--preset--spacing--20)\">Die  <strong>kostenloses Treueprogramm Yelloh! Village <\/strong>  erm\u00f6glicht es Ihnen, in der Nebensaison kostenlose \u00dcbernachtungen zu gewinnen! Weitere Informationen finden Sie auf dem   <a href=\"https:\/\/www.yellohvillage.de\/treueprogramm\/yelloh_village_plus_treueprogramm\" target=\"_blank\" rel=\"noopener nofollow\">Website von Yelloh! Village <\/a>  oder an der Rezeption.<\/p>\n<\/div>\n<\/div>\n<\/div>\n<\/section>\n\n<section class=\"wp-block-group page-maillage page-maillage-groupe has-global-padding is-layout-constrained wp-container-core-group-is-layout-3cd9d75d wp-block-group-is-layout-constrained\" style=\"margin-top:var(--wp--preset--spacing--30);margin-bottom:var(--wp--preset--spacing--50);padding-top:var(--wp--preset--spacing--10);padding-right:var(--wp--preset--spacing--50);padding-bottom:var(--wp--preset--spacing--30);padding-left:var(--wp--preset--spacing--50)\">\n<h2 class=\"wp-block-heading has-custom-color-2-color has-text-color has-link-color wp-elements-a9633c833f8ae595045e5bc2830d8c86\" style=\"margin-right:0;margin-left:0\">Entdecken Sie jetzt unsere 3 Campingpl\u00e4tze<\/h2>\n\n\n\n<div data-wp-context=\"{}\" data-wp-interactive=\"core\/query\" data-wp-key=\"9\" data-wp-router-region=\"query-9\" class=\"wp-block-query alignwide gt-fse-maillage-query is-layout-flow wp-block-query-is-layout-flow\"><ul class=\"wp-block-post-template is-layout-flow wp-block-post-template-is-layout-flow\"><li data-wp-key=\"post-template-item-29578\" class=\"wp-block-post post-29578 page type-page status-publish has-post-thumbnail hentry\">\n<figure class=\"wp-block-post-featured-image\"><img loading=\"lazy\" decoding=\"async\" width=\"2000\" height=\"1334\" src=\"https:\/\/annecy.geek-tonic.dev\/wp-content\/uploads\/2025\/04\/camping-laravoire-annecy.jpg\" class=\"attachment-post-thumbnail size-post-thumbnail wp-post-image\" alt=\"camping laravoire annecy\" style=\"object-fit:cover;\" srcset=\"https:\/\/annecy.geek-tonic.dev\/wp-content\/uploads\/2025\/04\/camping-laravoire-annecy.jpg 2000w, https:\/\/annecy.geek-tonic.dev\/wp-content\/uploads\/2025\/04\/camping-laravoire-annecy-300x200.jpg 300w, https:\/\/annecy.geek-tonic.dev\/wp-content\/uploads\/2025\/04\/camping-laravoire-annecy-1024x683.jpg 1024w, https:\/\/annecy.geek-tonic.dev\/wp-content\/uploads\/2025\/04\/camping-laravoire-annecy-768x512.jpg 768w, https:\/\/annecy.geek-tonic.dev\/wp-content\/uploads\/2025\/04\/camping-laravoire-annecy-1536x1025.jpg 1536w\" sizes=\"auto, (max-width: 2000px) 100vw, 2000px\" \/><\/figure>\n\n\n<p class=\"savoir-plus has-base-2-color has-text-color has-link-color has-righteous-font-family wp-elements-a5715f12fdc84ec5e0de509490e983cc\" style=\"font-size:clamp(20.515px, 1.282rem + ((1vw - 3.2px) * 1.015), 33px);text-transform:uppercase\">Mehr erfahren<\/p>\n\n\n\n<p class=\"maillage-title has-custom-color-2-color has-text-color has-link-color has-righteous-font-family wp-elements-6cdc0522349b0516acdb9d65335ee8bb\" style=\"font-size:clamp(20.515px, 1.282rem + ((1vw - 3.2px) * 1.015), 33px);text-transform:uppercase\">La Ravoire<\/p>\n\n\n<a class=\"is-style-lien-cover wp-block-read-more\" href=\"https:\/\/annecy.geek-tonic.dev\/de\/la-ravoire\/\" target=\"_self\">Weiterlesen<span class=\"screen-reader-text\">: LA RAVOIRE (R)<\/span><\/a>\n<\/li><li data-wp-key=\"post-template-item-29422\" class=\"wp-block-post post-29422 page type-page status-publish has-post-thumbnail hentry\">\n<figure class=\"wp-block-post-featured-image\"><img loading=\"lazy\" decoding=\"async\" width=\"900\" height=\"600\" src=\"https:\/\/annecy.geek-tonic.dev\/wp-content\/uploads\/2025\/04\/les-fontaines-lathuile_1.jpg\" class=\"attachment-post-thumbnail size-post-thumbnail wp-post-image\" alt=\"camping les fontaines lathuile\" style=\"object-fit:cover;\" srcset=\"https:\/\/annecy.geek-tonic.dev\/wp-content\/uploads\/2025\/04\/les-fontaines-lathuile_1.jpg 900w, https:\/\/annecy.geek-tonic.dev\/wp-content\/uploads\/2025\/04\/les-fontaines-lathuile_1-300x200.jpg 300w, https:\/\/annecy.geek-tonic.dev\/wp-content\/uploads\/2025\/04\/les-fontaines-lathuile_1-768x512.jpg 768w\" sizes=\"auto, (max-width: 900px) 100vw, 900px\" \/><\/figure>\n\n\n<p class=\"savoir-plus has-base-2-color has-text-color has-link-color has-righteous-font-family wp-elements-a5715f12fdc84ec5e0de509490e983cc\" style=\"font-size:clamp(20.515px, 1.282rem + ((1vw - 3.2px) * 1.015), 33px);text-transform:uppercase\">Mehr erfahren<\/p>\n\n\n\n<p class=\"maillage-title has-custom-color-2-color has-text-color has-link-color has-righteous-font-family wp-elements-6cdc0522349b0516acdb9d65335ee8bb\" style=\"font-size:clamp(20.515px, 1.282rem + ((1vw - 3.2px) * 1.015), 33px);text-transform:uppercase\">Les Fontaines<\/p>\n\n\n<a class=\"is-style-lien-cover wp-block-read-more\" href=\"https:\/\/annecy.geek-tonic.dev\/de\/les-fontaines\/\" target=\"_self\">Weiterlesen<span class=\"screen-reader-text\">: DIE BRUNNEN (F)<\/span><\/a>\n<\/li><li data-wp-key=\"post-template-item-29757\" class=\"wp-block-post post-29757 page type-page status-publish has-post-thumbnail hentry\">\n<figure class=\"wp-block-post-featured-image\"><img loading=\"lazy\" decoding=\"async\" width=\"1000\" height=\"562\" src=\"https:\/\/annecy.geek-tonic.dev\/wp-content\/uploads\/2025\/04\/camping-lo-velajo.jpg\" class=\"attachment-post-thumbnail size-post-thumbnail wp-post-image\" alt=\"camping lo velajo\" style=\"object-fit:cover;\" srcset=\"https:\/\/annecy.geek-tonic.dev\/wp-content\/uploads\/2025\/04\/camping-lo-velajo.jpg 1000w, https:\/\/annecy.geek-tonic.dev\/wp-content\/uploads\/2025\/04\/camping-lo-velajo-300x169.jpg 300w, https:\/\/annecy.geek-tonic.dev\/wp-content\/uploads\/2025\/04\/camping-lo-velajo-768x432.jpg 768w\" sizes=\"auto, (max-width: 1000px) 100vw, 1000px\" \/><\/figure>\n\n\n<p class=\"savoir-plus has-base-2-color has-text-color has-link-color has-righteous-font-family wp-elements-a5715f12fdc84ec5e0de509490e983cc\" style=\"font-size:clamp(20.515px, 1.282rem + ((1vw - 3.2px) * 1.015), 33px);text-transform:uppercase\">Mehr erfahren<\/p>\n\n\n\n<p class=\"maillage-title has-custom-color-2-color has-text-color has-link-color has-righteous-font-family wp-elements-6cdc0522349b0516acdb9d65335ee8bb\" style=\"font-size:clamp(20.515px, 1.282rem + ((1vw - 3.2px) * 1.015), 33px);text-transform:uppercase\">Lo Vel\u00e2jo<\/p>\n\n\n<a class=\"is-style-lien-cover wp-block-read-more\" href=\"https:\/\/annecy.geek-tonic.dev\/de\/lo-velajo\/\" target=\"_self\">Weiterlesen<span class=\"screen-reader-text\">: LO VELAJO (V)<\/span><\/a>\n<\/li><\/ul><\/div>\n<\/section>\n","protected":false},"excerpt":{"rendered":"<p>Vorteile von Yelloh! Village Nos campings Annecy sont heureux de faire partie du groupe d\u2019h\u00f4tellerie de plein air : Yelloh! Village. \u00c0 travers son histoire, notre groupe familial et ind\u00e9pendant partage des valeurs communes et le sens du service avec Yelloh! Village. Pour rendre vos vacances en Haute-Savoie toujours plus confortables et m\u00e9morables ! \u00dcber [&hellip;]<\/p>\n","protected":false},"author":1,"featured_media":5506,"parent":0,"menu_order":0,"comment_status":"closed","ping_status":"closed","template":"","meta":{"_acf_changed":false,"_seopress_robots_primary_cat":"","_seopress_titles_title":"Nutzen Sie die Yelloh! Village-Vorteile in unseren Campingpl\u00e4tzen ","_seopress_titles_desc":"Genie\u00dfen Sie mit Yelloh! Village einen unvergesslichen Aufenthalt in der Haute-Savoie. Komfort, pers\u00f6nlicher Service und Treueprogramm erwarten Sie.  ","_seopress_robots_index":"","inline_featured_image":false,"gt_fse_maillage_image":"https:\/\/annecy.geek-tonic.dev\/wp-content\/uploads\/2025\/04\/allee-camping-les-fontaines-haute-savoie.jpg","gt_fse_maillage_titre":"Yelloh! Village","gt_fse_maillage_alt":"Yelloh! Village","gt_fse_maillage_resume":"","footnotes":""},"categories":[],"tags":[],"class_list":["post-31314","page","type-page","status-publish","has-post-thumbnail","hentry"],"acf":[],"_links":{"self":[{"href":"https:\/\/annecy.geek-tonic.dev\/de\/wp-json\/wp\/v2\/pages\/31314","targetHints":{"allow":["GET"]}}],"collection":[{"href":"https:\/\/annecy.geek-tonic.dev\/de\/wp-json\/wp\/v2\/pages"}],"about":[{"href":"https:\/\/annecy.geek-tonic.dev\/de\/wp-json\/wp\/v2\/types\/page"}],"author":[{"embeddable":true,"href":"https:\/\/annecy.geek-tonic.dev\/de\/wp-json\/wp\/v2\/users\/1"}],"replies":[{"embeddable":true,"href":"https:\/\/annecy.geek-tonic.dev\/de\/wp-json\/wp\/v2\/comments?post=31314"}],"version-history":[{"count":3,"href":"https:\/\/annecy.geek-tonic.dev\/de\/wp-json\/wp\/v2\/pages\/31314\/revisions"}],"predecessor-version":[{"id":54790,"href":"https:\/\/annecy.geek-tonic.dev\/de\/wp-json\/wp\/v2\/pages\/31314\/revisions\/54790"}],"wp:featuredmedia":[{"embeddable":true,"href":"https:\/\/annecy.geek-tonic.dev\/de\/wp-json\/wp\/v2\/media\/5506"}],"wp:attachment":[{"href":"https:\/\/annecy.geek-tonic.dev\/de\/wp-json\/wp\/v2\/media?parent=31314"}],"wp:term":[{"taxonomy":"category","embeddable":true,"href":"https:\/\/annecy.geek-tonic.dev\/de\/wp-json\/wp\/v2\/categories?post=31314"},{"taxonomy":"post_tag","embeddable":true,"href":"https:\/\/annecy.geek-tonic.dev\/de\/wp-json\/wp\/v2\/tags?post=31314"}],"curies":[{"name":"wp","href":"https:\/\/api.w.org\/{rel}","templated":true}]}}