{"id":34240,"date":"2025-05-20T16:04:41","date_gmt":"2025-05-20T14:04:41","guid":{"rendered":"https:\/\/annecy.geek-tonic.dev\/plan-du-site\/"},"modified":"2025-07-03T15:53:57","modified_gmt":"2025-07-03T13:53:57","slug":"plan-du-site","status":"publish","type":"page","link":"https:\/\/annecy.geek-tonic.dev\/de\/plan-du-site\/","title":{"rendered":"Sitemap"},"content":{"rendered":"\n<section class=\"wp-block-group home-one has-custom-color-1-background-color has-background has-global-padding is-layout-constrained wp-block-group-is-layout-constrained\" style=\"border-top-left-radius:30px;border-top-right-radius:30px;margin-top:-1.5em;padding-top:var(--wp--preset--spacing--60);padding-bottom:var(--wp--preset--spacing--60)\">\n<div class=\"wp-block-group has-custom-color-1-background-color has-background has-global-padding is-layout-constrained wp-block-group-is-layout-constrained\">\n<div class=\"wp-block-group has-custom-color-1-background-color has-background has-global-padding is-layout-constrained wp-block-group-is-layout-constrained\">\n<div class=\"wp-block-group top-slider title-btn has-custom-color-1-background-color has-background is-vertical is-content-justification-center is-layout-flex wp-container-core-group-is-layout-28d171b1 wp-block-group-is-layout-flex\">\n<h1 class=\"wp-block-heading\">Sitemap<\/h1>\n\n\n<div class=\"wrap-html-sitemap sp-html-sitemap\"><div class=\"sp-wrap-cpt\"><h2 class=\"sp-cpt-name\">Beitr\u00e4ge<\/h2><div class=\"sp-wrap-cats\"><div class=\"sp-wrap-cat\"><h3 class=\"sp-cat-name\"><a href=\"https:\/\/annecy.geek-tonic.dev\/de\/category\/aktivitaten\/\">Aktivit\u00e4ten<\/a><\/h3><ul class=\"sp-list-posts\"><li><a href=\"https:\/\/annecy.geek-tonic.dev\/de\/aktivitaten\/canyoning-in-der-naehe-von-annecy\/\">Canyoning in der N\u00e4he von Annecy: Sind Sie bereit f\u00fcr den gro\u00dfen Sprung?<\/a> - 2 September 2024<\/li><li><a href=\"https:\/\/annecy.geek-tonic.dev\/de\/aktivitaten\/14-juli-in-annecy\/\">Erleben Sie einen festlichen 14. Juli in Annecy<\/a> - 8 August 2024<\/li><li><a href=\"https:\/\/annecy.geek-tonic.dev\/de\/aktivitaten\/die-schoensten-wanderungen-in-annecy\/\">Die sch\u00f6nsten Wanderungen in Annecy<\/a> - 1 August 2024<\/li><li><a href=\"https:\/\/annecy.geek-tonic.dev\/de\/aktivitaten\/aktivitaeten-im-freien\/\">Aktivit\u00e4ten im Freien Zu entdecken in Haute-Savoie<\/a> - 29 Mai 2024<\/li><li><a href=\"https:\/\/annecy.geek-tonic.dev\/de\/aktivitaten\/familie\/\">Was k\u00f6nnen Sie mit Ihrer Familie w\u00e4hrend Ihres Urlaubs in En Haute-Savoie unternehmen?<\/a> - 28 Februar 2024<\/li><li><a href=\"https:\/\/annecy.geek-tonic.dev\/de\/aktivitaten\/aktivitaeten-regentag\/\">Top Aktivit\u00e4ten \u201eRegentag\u201c in und um den See Annecy<\/a> - 18 Februar 2024<\/li><li><a href=\"https:\/\/annecy.geek-tonic.dev\/de\/aktivitaten\/schnuppertauchen\/\">Wie l\u00e4uft ein Schnuppertauchen ab?<\/a> - 1 Juli 2023<\/li><li><a href=\"https:\/\/annecy.geek-tonic.dev\/de\/aktivitaten\/entspannung-und-des-spas-in-annecy\/\">G\u00f6nnen Sie sich einen Moment der Entspannung und des Spas in Annecy<\/a> - 1 Juli 2023<\/li><li><a href=\"https:\/\/annecy.geek-tonic.dev\/de\/aktivitaten\/abtei-und-fort-von-tamie-kultur-und-abenteuer-auf-dem-col-de-tamie\/\">Abtei und Fort von Tami\u00e9 Kultur und Abenteuer auf dem Col de Tami\u00e9<\/a> - 29 April 2023<\/li><li><a href=\"https:\/\/annecy.geek-tonic.dev\/de\/aktivitaten\/die-gesellschaft-der-schiffe\/\">Die Gesellschaft der Schiffe auf dem See von Annecy<\/a> - 10 April 2023<\/li><li><a href=\"https:\/\/annecy.geek-tonic.dev\/de\/aktivitaten\/paragliding-in-annecy\/\">Paragliding in Annecy<\/a> - 8 M\u00e4rz 2023<\/li><li><a href=\"https:\/\/annecy.geek-tonic.dev\/de\/aktivitaten\/roselend-staudamm\/\">Roselend-Staudamm<\/a> - 10 August 2022<\/li><li><a href=\"https:\/\/annecy.geek-tonic.dev\/de\/aktivitaten\/fahrradwege-in-annecy\/\">Fahrradwege in Annecy<\/a> - 29 Juli 2022<\/li><li><a href=\"https:\/\/annecy.geek-tonic.dev\/de\/aktivitaten\/top-10-der-sportlichen-aktivitaeten-in-und-um-den-see-von-annecy\/\">Top 10 der sportlichen Aktivit\u00e4ten in und um den See von Annecy<\/a> - 12 Januar 2022<\/li><li><a href=\"https:\/\/annecy.geek-tonic.dev\/de\/aktivitaten\/wanderung-in-la-tournette\/\">Wanderung in La Tournette<\/a> - 5 November 2021<\/li><li><a href=\"https:\/\/annecy.geek-tonic.dev\/de\/aktivitaten\/rafting-rund-um-annecy\/\">Rafting rund um Annecy in Hochsavoyen Auf der Is\u00e8re<\/a> - 29 August 2021<\/li><li><a href=\"https:\/\/annecy.geek-tonic.dev\/de\/aktivitaten\/gleitschirmtaufe\/\">Wie l\u00e4uft eine Gleitschirmtaufe ab?<\/a> - 21 Juni 2021<\/li><li><a href=\"https:\/\/annecy.geek-tonic.dev\/de\/aktivitaten\/feuerwerk-in-annecy\/\">Feuerwerk in Annecy: ein bezauberndes Spektakel im Herzen der Haute-Savoie!<\/a> - 29 April 2020<\/li><\/ul><\/div><div class=\"sp-wrap-cat\"><h3 class=\"sp-cat-name\"><a href=\"https:\/\/annecy.geek-tonic.dev\/de\/category\/besuche\/\">Besichtigungen und Entdeckungen<\/a><\/h3><ul class=\"sp-list-posts\"><li><a href=\"https:\/\/annecy.geek-tonic.dev\/de\/besuche\/festival-international-du-film-danimation-dannecy\/\">Entdecken Sie das Internationale Festival f\u00fcr Animationsfilme in Annecy!<\/a> - 30 Oktober 2025<\/li><li><a href=\"https:\/\/annecy.geek-tonic.dev\/de\/besuche\/parc-naturel-regional-du-massif-des-bauges\/\">Entdecken Sie den regionalen Naturpark Massif des Bauges<\/a> - 30 Oktober 2025<\/li><li><a href=\"https:\/\/annecy.geek-tonic.dev\/de\/besuche\/jardins-de-leurope-a-annecy\/\">Jardins de l&#8217;Europe in Annecy: eine gr\u00fcne Klammer<\/a> - 6 Oktober 2025<\/li><li><a href=\"https:\/\/annecy.geek-tonic.dev\/de\/besuche\/besuchen-sie-la-clusaz\/\">Top-Aktivit\u00e4ten in La Clusaz<\/a> - 1 April 2025<\/li><li><a href=\"https:\/\/annecy.geek-tonic.dev\/de\/besuche\/weine-aus-haute-savoie\/\">Alles \u00fcber den Wein aus Hochsavoyen<\/a> - 1 Februar 2025<\/li><li><a href=\"https:\/\/annecy.geek-tonic.dev\/de\/besuche\/schloss-von-menthon-saint-bernard\/\">Schloss von Menthon Saint Bernard<\/a> - 1 November 2024<\/li><li><a href=\"https:\/\/annecy.geek-tonic.dev\/de\/besuche\/glockenmuseum-paccard\/\">Glockenmuseum Paccard<\/a> - 12 Oktober 2024<\/li><li><a href=\"https:\/\/annecy.geek-tonic.dev\/de\/besuche\/baumklettern-in-annecy\/\">Baumklettern in Annecy<\/a> - 15 September 2024<\/li><li><a href=\"https:\/\/annecy.geek-tonic.dev\/de\/besuche\/restaurants-mit-den-fuessen-im-wasser\/\">Restaurants mit den F\u00fc\u00dfen im Wasser<\/a> - 27 August 2024<\/li><li><a href=\"https:\/\/annecy.geek-tonic.dev\/de\/besuche\/le-semnoz-skigebiet-und-sommerrodelbahn\/\">Le Semnoz Skigebiet und Sommerrodelbahn<\/a> - 19 Juli 2024<\/li><li><a href=\"https:\/\/annecy.geek-tonic.dev\/de\/besuche\/wassersportzentrum\/\">Wassersportbasis in Doussard<\/a> - 14 Juli 2024<\/li><li><a href=\"https:\/\/annecy.geek-tonic.dev\/de\/besuche\/das-eismeer\/\">Das Eismeer<\/a> - 9 Juni 2024<\/li><li><a href=\"https:\/\/annecy.geek-tonic.dev\/de\/besuche\/cascade-dangon-spaziergaenge-und-wanderungen\/\">Cascade d&#8217;Angon Spazierg\u00e4nge und Wanderungen<\/a> - 6 Juni 2024<\/li><li><a href=\"https:\/\/annecy.geek-tonic.dev\/de\/besuche\/annecy-im-mai\/\">Annecy im Mai<\/a> - 2 April 2024<\/li><li><a href=\"https:\/\/annecy.geek-tonic.dev\/de\/besuche\/die-aiguille-du-midi\/\">Die Aiguille du Midi<\/a> - 29 M\u00e4rz 2024<\/li><li><a href=\"https:\/\/annecy.geek-tonic.dev\/de\/besuche\/dorf-yvoire-ein-anderer-see\/\">Dorf Yvoire Ein anderer See, aber genauso viel Charme<\/a> - 13 M\u00e4rz 2024<\/li><li><a href=\"https:\/\/annecy.geek-tonic.dev\/de\/besuche\/wanderungen-rund-um-den-col-de-la-forclaz\/\">Wanderungen rund um den Col de la Forclaz<\/a> - 20 Februar 2024<\/li><li><a href=\"https:\/\/annecy.geek-tonic.dev\/de\/besuche\/tourismus-in-annecy\/\">Tourismus in Annecy<\/a> - 5 September 2023<\/li><li><a href=\"https:\/\/annecy.geek-tonic.dev\/de\/besuche\/der-palais-de-lisle\/\">Der Palais de l&#8217;Isle<\/a> - 18 Juni 2023<\/li><li><a href=\"https:\/\/annecy.geek-tonic.dev\/de\/besuche\/unsere-10-guten-gruende-fuer-das-schwimmen-am-see-von-annecy\/\">Unsere 10 guten Gr\u00fcnde f\u00fcr das Schwimmen am See von Annecy: Kann man am See von Annecy wirklich baden?<\/a> - 12 Mai 2023<\/li><li><a href=\"https:\/\/annecy.geek-tonic.dev\/de\/besuche\/das-schloss-von-annecy\/\">Das Schloss von Annecy<\/a> - 23 M\u00e4rz 2023<\/li><li><a href=\"https:\/\/annecy.geek-tonic.dev\/de\/besuche\/annecy-an-einem-tag\/\">Annecy an einem Tag Annecy an einem Tag zu besuchen, ist machbar! Hier finden Sie unsere besten Tipps!<\/a> - 21 M\u00e4rz 2023<\/li><li><a href=\"https:\/\/annecy.geek-tonic.dev\/de\/besuche\/naturreservat-roc-de-chere\/\">Naturreservat Roc de Ch\u00e8re<\/a> - 19 M\u00e4rz 2023<\/li><li><a href=\"https:\/\/annecy.geek-tonic.dev\/de\/besuche\/maerkte-in-annecy\/\">M\u00e4rkte in Annecy<\/a> - 2 M\u00e4rz 2023<\/li><li><a href=\"https:\/\/annecy.geek-tonic.dev\/de\/besuche\/die-altstadt-von-annecy\/\">Die Altstadt von Annecy<\/a> - 12 Februar 2023<\/li><li><a href=\"https:\/\/annecy.geek-tonic.dev\/de\/besuche\/wanderungen-in-der-combe-de-la-sambuy\/\">La Sambuy<\/a> - 15 November 2022<\/li><li><a href=\"https:\/\/annecy.geek-tonic.dev\/de\/besuche\/die-amurbruecke-in-annecy\/\">Die Amurbr\u00fccke in Annecy<\/a> - 22 August 2022<\/li><li><a href=\"https:\/\/annecy.geek-tonic.dev\/de\/besuche\/campingplatz-talloires-montmin\/\">Campingplatz Talloires Montmin<\/a> - 12 Juni 2021<\/li><li><a href=\"https:\/\/annecy.geek-tonic.dev\/de\/besuche\/10-gute-gruende-diesen-sommer-frankreich-und-den-see-von-annecy-in-hochsavoyen-wiederzuentdecken\/\">10 gute Gr\u00fcnde, diesen Sommer Frankreich und den See von Annecy in Hochsavoyen wiederzuentdecken<\/a> - 9 Juni 2021<\/li><li><a href=\"https:\/\/annecy.geek-tonic.dev\/de\/besuche\/grotte-und-wasserfall-von-seythenex\/\">Grotte und Wasserfall von Seythenex<\/a> - 2 Juni 2021<\/li><li><a href=\"https:\/\/annecy.geek-tonic.dev\/de\/besuche\/nationales-naturreservat-am-ende-des-sees-von-annecy\/\">Nationales Naturreservat am Ende des Sees von Annecy<\/a> - 10 Mai 2021<\/li><li><a href=\"https:\/\/annecy.geek-tonic.dev\/de\/besuche\/straende-annecy\/\">Die sch\u00f6nsten Str\u00e4nde am See von Annecy<\/a> - 19 April 2021<\/li><li><a href=\"https:\/\/annecy.geek-tonic.dev\/de\/besuche\/strand-von-angon\/\">Strand von Angon<\/a> - 29 M\u00e4rz 2021<\/li><li><a href=\"https:\/\/annecy.geek-tonic.dev\/de\/besuche\/schluchten-von-fier\/\">Die Schluchten von Fier<\/a> - 11 November 2020<\/li><li><a href=\"https:\/\/annecy.geek-tonic.dev\/de\/besuche\/restaurants-am-lac-dannecy\/\">Unsere besten lokalen Restaurants am Lac D&#8217;Annecy<\/a> - 17 Februar 2020<\/li><\/ul><\/div><div class=\"sp-wrap-cat\"><h3 class=\"sp-cat-name\"><a href=\"https:\/\/annecy.geek-tonic.dev\/de\/category\/tipps-tricks\/\">Tipps und Tricks<\/a><\/h3><ul class=\"sp-list-posts\"><li><a href=\"https:\/\/annecy.geek-tonic.dev\/de\/tipps-tricks\/mit-dem-hund-in-den-urlaub\/\">Mit dem Hund in den Urlaub auf den Campingpl\u00e4tzen Annecy kommen<\/a> - 13 Juni 2024<\/li><li><a href=\"https:\/\/annecy.geek-tonic.dev\/de\/tipps-tricks\/oeffentliche-verkehrsmittel\/\">\u00d6ffentliche Verkehrsmittel rund um den See von Annecy<\/a> - 3 April 2024<\/li><li><a href=\"https:\/\/annecy.geek-tonic.dev\/de\/tipps-tricks\/wo-kann-man-in-der-umgebung-von-campingplaetze-annecy-glutenfrei-essen\/\">Wo kann man in der Umgebung von Campingpl\u00e4tze Annecy glutenfrei essen? Unsere gepr\u00fcften guten Adressen<\/a> - 23 Februar 2024<\/li><li><a href=\"https:\/\/annecy.geek-tonic.dev\/de\/tipps-tricks\/auto-zum-campingplatz\/\">Wie kann man ohne Auto zum Campingplatz kommen?<\/a> - 28 Juli 2023<\/li><li><a href=\"https:\/\/annecy.geek-tonic.dev\/de\/tipps-tricks\/die-super-aktive-familie\/\">DIE SUPER AKTIVE FAMILIE Ideen f\u00fcr Aktivit\u00e4ten f\u00fcr eine Familie, die sich bewegt!<\/a> - 1 Juni 2022<\/li><li><a href=\"https:\/\/annecy.geek-tonic.dev\/de\/tipps-tricks\/grossfamilie\/\">DIE ZAHLREICHE UND SPARSAME FAMILIE : Alle guten Tipps f\u00fcr einen Besuch in Annecy, ohne sich zu ruinieren<\/a> - 13 Mai 2022<\/li><li><a href=\"https:\/\/annecy.geek-tonic.dev\/de\/tipps-tricks\/dynamisches-junges-paedchen\/\">DYNAMISCHES JUNGES P\u00c4DCHEN (oder auch nicht) Programm f\u00fcr einen Aufenthalt f\u00fcr zwei im Sportlerparadies<\/a> - 4 April 2022<\/li><li><a href=\"https:\/\/annecy.geek-tonic.dev\/de\/tipps-tricks\/kleine-familie-mit-baby\/\">KLEINE FAMILIE MIT BABY Reiseprogramm f\u00fcr alle, die mit ihren Kleinen reisen<\/a> - 15 M\u00e4rz 2022<\/li><li><a href=\"https:\/\/annecy.geek-tonic.dev\/de\/tipps-tricks\/epikureische-rentner\/\">EPIKUREISCHE RENTNER<\/a> - 3 M\u00e4rz 2022<\/li><li><a href=\"https:\/\/annecy.geek-tonic.dev\/de\/tipps-tricks\/annecy-statt-am-meer\/\">10 Gr\u00fcnde f\u00fcr einen Urlaub am See von Annecy statt am Meer!<\/a> - 4 Juli 2021<\/li><li><a href=\"https:\/\/annecy.geek-tonic.dev\/de\/tipps-tricks\/warum-wir-das-zelten-lieben\/\">Warum wir das Zelten lieben!<\/a> - 13 Februar 2021<\/li><li><a href=\"https:\/\/annecy.geek-tonic.dev\/de\/tipps-tricks\/blog-und-zeitungsartikel-camping\/\">Entdecken Sie die Blog- und Zeitungsartikel, die \u00fcber unsere Campingpl\u00e4tze geschrieben wurden.<\/a> - 19 Februar 2020<\/li><\/ul><\/div><\/div><\/div><div class=\"sp-wrap-cpt\"><h2 class=\"sp-cpt-name\">Seiten<\/h2><ul class=\"sp-list-posts sp-cpt-hierarchical\"><li class=\"page_item page-item-35951\"><a href=\"https:\/\/annecy.geek-tonic.dev\/de\/camping-duingt\/\">Campingplatz Duingt<\/a><\/li><li class=\"page_item page-item-34240\"><a href=\"https:\/\/annecy.geek-tonic.dev\/de\/plan-du-site\/\">Sitemap<\/a><\/li><li class=\"page_item page-item-29549\"><a href=\"https:\/\/annecy.geek-tonic.dev\/de\/suche-nach-einem-aufenthalt\/\">Suche nach einem Aufenthalt<\/a><\/li><li class=\"page_item page-item-34301\"><a href=\"https:\/\/annecy.geek-tonic.dev\/de\/nachrichten\/\">Campingplatz-Nachrichten<\/a><\/li><li class=\"page_item page-item-34255\"><a href=\"https:\/\/annecy.geek-tonic.dev\/de\/campingplatz-saint-jorioz\/\">Campingplatz Saint-Jorioz<\/a><\/li><li class=\"page_item page-item-34251\"><a href=\"https:\/\/annecy.geek-tonic.dev\/de\/camping-sevrier\/\">Campingplatz S\u00e9vrier<\/a><\/li><li class=\"page_item page-item-34305\"><a href=\"https:\/\/annecy.geek-tonic.dev\/de\/camping-thones\/\">Campingplatz Thones<\/a><\/li><li class=\"page_item page-item-34277\"><a href=\"https:\/\/annecy.geek-tonic.dev\/de\/camping-geneve\/\">Campingplatz Genf<\/a><\/li><li class=\"page_item page-item-34285\"><a href=\"https:\/\/annecy.geek-tonic.dev\/de\/campingplatz-la-clusaz\/\">Campingplatz la Clusaz<\/a><\/li><li class=\"page_item page-item-34266\"><a href=\"https:\/\/annecy.geek-tonic.dev\/de\/camping-veyrier-lac\/\">Campingplatz Veyrier-du-Lac<\/a><\/li><li class=\"page_item page-item-29780\"><a href=\"https:\/\/annecy.geek-tonic.dev\/de\/wochenende\/\">Wochenende Annecy<\/a><ul class='children'><li class=\"page_item page-item-29816\"><a href=\"https:\/\/annecy.geek-tonic.dev\/de\/wochenende\/ungewoehnliches\/\">Ungew\u00f6hnliches Wochenende<\/a><\/li><li class=\"page_item page-item-29783\"><a href=\"https:\/\/annecy.geek-tonic.dev\/de\/wochenende\/paar\/\">Liebeswochenende<\/a><\/li><li class=\"page_item page-item-29796\"><a href=\"https:\/\/annecy.geek-tonic.dev\/de\/wochenende\/familie\/\">Familienwochenende<\/a><\/li><\/ul><\/li><li class=\"page_item page-item-29310\"><a href=\"https:\/\/annecy.geek-tonic.dev\/de\/unterkunft\/\">Unterk\u00fcnfte<\/a><ul class='children'><li class=\"page_item page-item-29396\"><a href=\"https:\/\/annecy.geek-tonic.dev\/de\/unterkunft\/preislisten-und-sonderangebote\/\">Preislisten und Sonderangebote (PP)<\/a><\/li><li class=\"page_item page-item-29372\"><a href=\"https:\/\/annecy.geek-tonic.dev\/de\/unterkunft\/ungewoehnlich\/\">Ungew\u00f6hnlich (PP)<\/a><\/li><li class=\"page_item page-item-29351\"><a href=\"https:\/\/annecy.geek-tonic.dev\/de\/unterkunft\/chalet\/\">Chalets<\/a><\/li><li class=\"page_item page-item-29332\"><a href=\"https:\/\/annecy.geek-tonic.dev\/de\/unterkunft\/stellplaetze\/\">Stellpl\u00e4tze<\/a><\/li><li class=\"page_item page-item-29319\"><a href=\"https:\/\/annecy.geek-tonic.dev\/de\/unterkunft\/vermietungen\/\">vermietung<\/a><\/li><\/ul><\/li><li class=\"page_item page-item-29757\"><a href=\"https:\/\/annecy.geek-tonic.dev\/de\/lo-velajo\/\">LO VELAJO (V)<\/a><ul class='children'><li class=\"page_item page-item-29944\"><a href=\"https:\/\/annecy.geek-tonic.dev\/de\/lo-velajo\/zugang-kontaktieren\/\">Kontakt &amp; Anreise (V)<\/a><\/li><li class=\"page_item page-item-29853\"><a href=\"https:\/\/annecy.geek-tonic.dev\/de\/lo-velajo\/uber-uns\/\">Unser Team (V)<\/a><\/li><li class=\"page_item page-item-29863\"><a href=\"https:\/\/annecy.geek-tonic.dev\/de\/lo-velajo\/vermietungen\/\">mietunterk\u00fcnfte (V)<\/a><\/li><li class=\"page_item page-item-29883\"><a href=\"https:\/\/annecy.geek-tonic.dev\/de\/lo-velajo\/fuer-kinder\/\">F\u00fcr Kinder (V)<\/a><\/li><li class=\"page_item page-item-29758\"><a href=\"https:\/\/annecy.geek-tonic.dev\/de\/lo-velajo\/animationen\/\">Animationen (V)<\/a><\/li><li class=\"page_item page-item-29874\"><a href=\"https:\/\/annecy.geek-tonic.dev\/de\/lo-velajo\/pool\/\">Swimmingpool (V)<\/a><\/li><li class=\"page_item page-item-29870\"><a href=\"https:\/\/annecy.geek-tonic.dev\/de\/lo-velajo\/dienstleistungen\/\">Dienstleistungen (V)<\/a><\/li><\/ul><\/li><li class=\"page_item page-item-29422\"><a href=\"https:\/\/annecy.geek-tonic.dev\/de\/les-fontaines\/\">DIE BRUNNEN (F)<\/a><ul class='children'><li class=\"page_item page-item-29470\"><a href=\"https:\/\/annecy.geek-tonic.dev\/de\/les-fontaines\/faq-les-fontaines\/\">FAQ Les Fontaines<\/a><\/li><li class=\"page_item page-item-29908\"><a href=\"https:\/\/annecy.geek-tonic.dev\/de\/les-fontaines\/animationen\/\">Animationen (F)<\/a><\/li><li class=\"page_item page-item-29706\"><a href=\"https:\/\/annecy.geek-tonic.dev\/de\/les-fontaines\/fuer-kinder\/\">F\u00fcr Kinder (F)<\/a><\/li><li class=\"page_item page-item-29741\"><a href=\"https:\/\/annecy.geek-tonic.dev\/de\/les-fontaines\/wasserpark\/\">Wasserpark (F)<\/a><\/li><li class=\"page_item page-item-29739\"><a href=\"https:\/\/annecy.geek-tonic.dev\/de\/les-fontaines\/dienstleistungen\/\">Dienstleistungen (F)<\/a><\/li><li class=\"page_item page-item-29472\"><a href=\"https:\/\/annecy.geek-tonic.dev\/de\/les-fontaines\/zugang-kontaktieren\/\">Kontakt &amp; Anfahrt (F)<\/a><\/li><li class=\"page_item page-item-29454\"><a href=\"https:\/\/annecy.geek-tonic.dev\/de\/les-fontaines\/uber-uns\/\">Unser Team (F)<\/a><\/li><li class=\"page_item page-item-29445\"><a href=\"https:\/\/annecy.geek-tonic.dev\/de\/les-fontaines\/stellplaetze\/\">Stellpl\u00e4tze (F)<\/a><\/li><li class=\"page_item page-item-29436\"><a href=\"https:\/\/annecy.geek-tonic.dev\/de\/les-fontaines\/vermietungen\/\">mietunterk\u00fcnfte (F)<\/a><\/li><\/ul><\/li><li class=\"page_item page-item-29578\"><a href=\"https:\/\/annecy.geek-tonic.dev\/de\/la-ravoire\/\">LA RAVOIRE (R)<\/a><ul class='children'><li class=\"page_item page-item-29496\"><a href=\"https:\/\/annecy.geek-tonic.dev\/de\/la-ravoire\/faq-la-ravoire\/\">FAQ la Ravoire<\/a><\/li><li class=\"page_item page-item-29657\"><a href=\"https:\/\/annecy.geek-tonic.dev\/de\/la-ravoire\/animationen\/\">Animationen (R)<\/a><\/li><li class=\"page_item page-item-29711\"><a href=\"https:\/\/annecy.geek-tonic.dev\/de\/la-ravoire\/fuer-kinder\/\">F\u00fcr Kinder (R)<\/a><\/li><li class=\"page_item page-item-29699\"><a href=\"https:\/\/annecy.geek-tonic.dev\/de\/la-ravoire\/dienstleistungen\/\">Dienstleistungen (R)<\/a><\/li><li class=\"page_item page-item-29647\"><a href=\"https:\/\/annecy.geek-tonic.dev\/de\/la-ravoire\/uber-uns\/\">Unser Team (R)<\/a><\/li><li class=\"page_item page-item-29505\"><a href=\"https:\/\/annecy.geek-tonic.dev\/de\/la-ravoire\/zugang-kontaktieren\/\">Kontakt &amp; Anfahrt (R)<\/a><\/li><li class=\"page_item page-item-29634\"><a href=\"https:\/\/annecy.geek-tonic.dev\/de\/la-ravoire\/stellplaetze\/\">Stellpl\u00e4tze (R)<\/a><\/li><li class=\"page_item page-item-29618\"><a href=\"https:\/\/annecy.geek-tonic.dev\/de\/la-ravoire\/vermietungen\/\">Mietunterk\u00fcnfte (R)<\/a><\/li><li class=\"page_item page-item-29678\"><a href=\"https:\/\/annecy.geek-tonic.dev\/de\/la-ravoire\/wasserpark\/\">Wasserpark (R)<\/a><\/li><\/ul><\/li><li class=\"page_item page-item-56217\"><a href=\"https:\/\/annecy.geek-tonic.dev\/de\/recrutement\/\">Rekrutierung<\/a><\/li><li class=\"page_item page-item-31314\"><a href=\"https:\/\/annecy.geek-tonic.dev\/de\/vorteile-von-yelloh-village\/\">Vorteile von Yelloh! Village<\/a><\/li><li class=\"page_item page-item-29609\"><a href=\"https:\/\/annecy.geek-tonic.dev\/de\/zugang-kontaktieren\/\">Kontakt und Zugang<\/a><\/li><li class=\"page_item page-item-29554\"><a href=\"https:\/\/annecy.geek-tonic.dev\/de\/faq-campingplaetze\/\">FAQ<\/a><\/li><li class=\"page_item page-item-29298\"><a href=\"https:\/\/annecy.geek-tonic.dev\/de\/dienstleistungen\/\">Unsere dienstleistungen<\/a><\/li><li class=\"page_item page-item-28746\"><a href=\"https:\/\/annecy.geek-tonic.dev\/de\/campingaktivitaeten-annecy\/\">Animationen<\/a><\/li><li class=\"page_item page-item-56247\"><a href=\"https:\/\/annecy.geek-tonic.dev\/de\/wasserflaechen\/\">Unsere Wasserfl\u00e4chen<\/a><\/li><li class=\"page_item page-item-29845\"><a href=\"https:\/\/annecy.geek-tonic.dev\/de\/unsere-werte-und-verpflichtungen\/\">Unsere Werte und Verpflichtungen<\/a><\/li><li class=\"page_item page-item-29851\"><a href=\"https:\/\/annecy.geek-tonic.dev\/de\/unsere-geschichte\/\">Unsere Geschichte<\/a><\/li><li class=\"page_item page-item-28796\"><a href=\"https:\/\/annecy.geek-tonic.dev\/de\/\">Startseite<\/a><\/li><\/ul><\/div><\/div>\n<\/div>\n<\/div>\n<\/div>\n<\/section>\n","protected":false},"excerpt":{"rendered":"<p>Sitemap<\/p>\n","protected":false},"author":2,"featured_media":731,"parent":0,"menu_order":0,"comment_status":"closed","ping_status":"closed","template":"","meta":{"_acf_changed":false,"_seopress_robots_primary_cat":"","_seopress_titles_title":"Plan du site de campings Annecy","_seopress_titles_desc":"","_seopress_robots_index":"","inline_featured_image":false,"gt_fse_maillage_image":"https:\/\/annecy.geek-tonic.dev\/wp-content\/uploads\/2025\/03\/banner.png","gt_fse_maillage_titre":"Sitemap","gt_fse_maillage_alt":"Sitemap","gt_fse_maillage_resume":"","footnotes":""},"categories":[],"tags":[],"class_list":["post-34240","page","type-page","status-publish","has-post-thumbnail","hentry"],"acf":[],"_links":{"self":[{"href":"https:\/\/annecy.geek-tonic.dev\/de\/wp-json\/wp\/v2\/pages\/34240","targetHints":{"allow":["GET"]}}],"collection":[{"href":"https:\/\/annecy.geek-tonic.dev\/de\/wp-json\/wp\/v2\/pages"}],"about":[{"href":"https:\/\/annecy.geek-tonic.dev\/de\/wp-json\/wp\/v2\/types\/page"}],"author":[{"embeddable":true,"href":"https:\/\/annecy.geek-tonic.dev\/de\/wp-json\/wp\/v2\/users\/2"}],"replies":[{"embeddable":true,"href":"https:\/\/annecy.geek-tonic.dev\/de\/wp-json\/wp\/v2\/comments?post=34240"}],"version-history":[{"count":3,"href":"https:\/\/annecy.geek-tonic.dev\/de\/wp-json\/wp\/v2\/pages\/34240\/revisions"}],"predecessor-version":[{"id":36175,"href":"https:\/\/annecy.geek-tonic.dev\/de\/wp-json\/wp\/v2\/pages\/34240\/revisions\/36175"}],"wp:featuredmedia":[{"embeddable":true,"href":"https:\/\/annecy.geek-tonic.dev\/de\/wp-json\/wp\/v2\/media\/731"}],"wp:attachment":[{"href":"https:\/\/annecy.geek-tonic.dev\/de\/wp-json\/wp\/v2\/media?parent=34240"}],"wp:term":[{"taxonomy":"category","embeddable":true,"href":"https:\/\/annecy.geek-tonic.dev\/de\/wp-json\/wp\/v2\/categories?post=34240"},{"taxonomy":"post_tag","embeddable":true,"href":"https:\/\/annecy.geek-tonic.dev\/de\/wp-json\/wp\/v2\/tags?post=34240"}],"curies":[{"name":"wp","href":"https:\/\/api.w.org\/{rel}","templated":true}]}}