{"id":40462,"date":"2025-04-16T09:22:34","date_gmt":"2025-04-16T07:22:34","guid":{"rendered":"https:\/\/annecy.geek-tonic.dev\/lo-velajo\/haeufig-gestellte-fragen-lo-velajo\/"},"modified":"2025-08-06T11:27:02","modified_gmt":"2025-08-06T09:27:02","slug":"haeufig-gestellte-fragen-lo-velajo","status":"publish","type":"page","link":"https:\/\/annecy.geek-tonic.dev\/de\/lo-velajo\/haeufig-gestellte-fragen-lo-velajo\/","title":{"rendered":"FAQ Lo Vel\u00e2jo (V)"},"content":{"rendered":"\n<div class=\"wp-block-group page-hebergement home-one-fontaines home-faq has-custom-color-6-background-color has-background has-global-padding is-layout-constrained wp-block-group-is-layout-constrained\" style=\"border-top-left-radius:30px;border-top-right-radius:30px;margin-top:-1.5rem;padding-top:10rem;padding-bottom:15rem\">\n<h1 class=\"wp-block-heading has-text-align-center has-base-2-color has-text-color has-link-color wp-elements-bb64205495b2e748e2e85fcb95deb232\" style=\"margin-top:var(--wp--preset--spacing--20);margin-bottom:var(--wp--preset--spacing--40)\">H\u00e4ufig gestellte <span>Fragen<\/span><\/h1>\n\n\n\n<div style=\"height:53px\" aria-hidden=\"true\" class=\"wp-block-spacer gt-hide-mobile\"><\/div>\n\n\n\n<div class=\"faq-container page-faq\">\n    <div class=\"faq-search\">\n        <i class=\"fa-solid fa-magnifying-glass\"><\/i> <input type=\"text\" id=\"faqSearchInput\" placeholder=\"Rechercher des r\u00e9ponses...\">\n    <\/div>\n    <div class=\"faq-categories\">\n        <button class=\"faq-category-button\" data-category=\"all\">Tous<\/button>\n                        <button class=\"faq-category-button\" data-category=\"allgemeine-fragen\">\n                    Allgemeine Fragen                <\/button>\n                        <button class=\"faq-category-button\" data-category=\"animationen\">\n                    Animationen                <\/button>\n                        <button class=\"faq-category-button\" data-category=\"dienste-und-leistungen\">\n                    Dienste und Leistungen                <\/button>\n                        <button class=\"faq-category-button\" data-category=\"swimmingpools\">\n                    Swimmingpools                <\/button>\n                        <button class=\"faq-category-button\" data-category=\"unterkunfte-und-stellplatze\">\n                    Unterk\u00fcnfte und Stellpl\u00e4tze                <\/button>\n            <\/div>\n\n    <div class=\"faq-questions\">\n                        <div class=\"faq-question\" data-categories=\"animationen\">\n                    <div class=\"faq-toggle\">\n                        <div>Welche Animationen bieten Sie an?<\/div> <span class=\"faq-opener\"><\/span>\n                    <\/div>\n                    <div class=\"faq-answer\">\n                        \n<p>Wir bieten in den Monaten Juli und August ein kleines <strong>, kostenloses Unterhaltungsprogramm<\/strong> an. Dazu geh\u00f6rt ein Musikkonzert jeden Mittwochabend. Kostenlose Schnuppertauchg\u00e4nge f\u00fcr Kinder ab 8 Jahren am Mittwochvormittag und w\u00f6chentliche Zauber-, Fahrrad- oder Schminkstunden. Bitte beachten Sie, dass das von uns angebotene Unterhaltungsprogramm klein ist. Wenn Sie einen Campingplatz mit Kinderclub und vielen Aktivit\u00e4ten suchen, ist der Campingplatz Lo Vel\u00e2jo nicht das Richtige f\u00fcr Sie!   <\/p>\n                    <\/div>\n                <\/div>\n                        <div class=\"faq-question\" data-categories=\"allgemeine-fragen animationen\">\n                    <div class=\"faq-toggle\">\n                        <div>Haben Sie einen Kinderclub?<\/div> <span class=\"faq-opener\"><\/span>\n                    <\/div>\n                    <div class=\"faq-answer\">\n                        \n<p>Ja, im Juli\/August gibt es von Montag bis Freitag jeden Morgen einen Kinderclub. W\u00e4hrend dieser Hochsaison organisieren wir au\u00dferdem die ganze Woche \u00fcber ein kleines kostenloses Animationsprogramm, Zauber- oder Akrobatikshow, Schnuppertauchen, Konzert&#8230; <\/p>\n                    <\/div>\n                <\/div>\n                        <div class=\"faq-question\" data-categories=\"allgemeine-fragen unterkunfte-und-stellplatze\">\n                    <div class=\"faq-toggle\">\n                        <div>Wie gro\u00df sind Stellpl\u00e4tze auf Campingpl\u00e4tzen?<\/div> <span class=\"faq-opener\"><\/span>\n                    <\/div>\n                    <div class=\"faq-answer\">\n                        \n<p>Der Campingplatz Lo Vel\u00e2jo hat keine Stellpl\u00e4tze, sondern nur Mobilheime.<\/p>\n                    <\/div>\n                <\/div>\n                        <div class=\"faq-question\" data-categories=\"allgemeine-fragen\">\n                    <div class=\"faq-toggle\">\n                        <div>Wie sind die Ankunfts- und Abflugzeiten?<\/div> <span class=\"faq-opener\"><\/span>\n                    <\/div>\n                    <div class=\"faq-answer\">\n                        \n<p>Die Ankunftszeit ist ab 16.00 Uhr. Bitte beachten Sie, dass die Rezeption zwischen 12:00 und 14:00 Uhr geschlossen ist. Wenn Sie fr\u00fcher anreisen, k\u00f6nnen Sie ab 14:00 Uhr einchecken. Die Abreise erfolgt bis 10:00 Uhr.   <\/p>\n                    <\/div>\n                <\/div>\n                        <div class=\"faq-question\" data-categories=\"allgemeine-fragen swimmingpools\">\n                    <div class=\"faq-toggle\">\n                        <div>Kann man den Wasserpark in La Ravoire et Fontaines benutzen, wenn man im V\u00e9l\u00e2jo \u00fcbernachtet?<\/div> <span class=\"faq-opener\"><\/span>\n                    <\/div>\n                    <div class=\"faq-answer\">\n                        \n<p>Nein, sowohl aus versicherungstechnischen Gr\u00fcnden als auch wegen des Komforts f\u00fcr die G\u00e4ste. Die Haftpflichtversicherung wird keinen Schadensfall f\u00fcr eine Person \u00fcbernehmen, die keine Kundenrechnung f\u00fcr den Campingplatz hat. <\/p>\n\n<p>Au\u00dferdem sind unsere Wasserbereiche auf die Anzahl der Stellpl\u00e4tze auf unseren Campingpl\u00e4tzen zugeschnitten. Deshalb \u00f6ffnen wir sie nicht f\u00fcr Au\u00dfenstehende, auch wenn sie sich in unseren anderen Einrichtungen befinden. <\/p>\n                    <\/div>\n                <\/div>\n                        <div class=\"faq-question\" data-categories=\"allgemeine-fragen\">\n                    <div class=\"faq-toggle\">\n                        <div>Wie weit ist der Campingplatz in der Stadt Annecy entfernt?<\/div> <span class=\"faq-opener\"><\/span>\n                    <\/div>\n                    <div class=\"faq-answer\">\n                        \n<p>Der Campingplatz Lo Vel\u00e2jo liegt 20 km s\u00fcdlich von Annecy am Ende des Sees. Annecy ist je nach Vorliebe mit dem Auto, dem Fahrrad, dem Bus oder dem Boot erreichbar.   <\/p>\n                    <\/div>\n                <\/div>\n                        <div class=\"faq-question\" data-categories=\"unterkunfte-und-stellplatze\">\n                    <div class=\"faq-toggle\">\n                        <div>Welche Art von Unterkunft haben Sie?<\/div> <span class=\"faq-opener\"><\/span>\n                    <\/div>\n                    <div class=\"faq-answer\">\n                        \n<p>Wir bieten eine Reihe von Cottages mit drei verschiedenen Komfortstufen an: Die 3-Blumen-Cottages verf\u00fcgen \u00fcber drei Schlafzimmer, Klimaanlage, Fernseher und Geschirrsp\u00fcler; die 4-Blumen-Cottages bieten die gleiche Ausstattung und zus\u00e4tzlich eine Plancha anstelle des Kohlegrills sowie Bettw\u00e4sche und Handt\u00fccher inklusive; die Premium-Cottages schlie\u00dflich zeichnen sich durch eine gro\u00dfe Terrasse, zwei B\u00e4der, Bettw\u00e4sche und Endreinigung inklusive aus.<\/p>\n                    <\/div>\n                <\/div>\n                        <div class=\"faq-question\" data-categories=\"allgemeine-fragen\">\n                    <div class=\"faq-toggle\">\n                        <div>Wie weit ist der Campingplatz vom See entfernt, wenn man zu Fu\u00df geht?<\/div> <span class=\"faq-opener\"><\/span>\n                    <\/div>\n                    <div class=\"faq-answer\">\n                        \n<p>Der Campingplatz Lo Vel\u00e2jo liegt ruhig auf den Anh\u00f6hen von Lathuile, 2 km\/ 25 Minuten zu Fu\u00df vom Strand von Doussard entfernt, der ebenfalls mit dem kostenlosen Pendelbus in der Hochsaison und mit dem Fahrrad in 10 Minuten erreichbar ist.<\/p>\n                    <\/div>\n                <\/div>\n                        <div class=\"faq-question\" data-categories=\"dienste-und-leistungen\">\n                    <div class=\"faq-toggle\">\n                        <div>Gibt es Wifi auf dem Campingplatz?<\/div> <span class=\"faq-opener\"><\/span>\n                    <\/div>\n                    <div class=\"faq-answer\">\n                        \n<p>Ja, WLAN deckt den gesamten Campingplatz ab. Dieser Service ist kostenlos und ohne Ger\u00e4tebegrenzung. <\/p>\n                    <\/div>\n                <\/div>\n                        <div class=\"faq-question\" data-categories=\"allgemeine-fragen\">\n                    <div class=\"faq-toggle\">\n                        <div>Kann ich die W\u00e4sche f\u00fcr meinen Aufenthalt reservieren?<\/div> <span class=\"faq-opener\"><\/span>\n                    <\/div>\n                    <div class=\"faq-answer\">\n                        \n<p>Ja, Sie k\u00f6nnen diese Option auf der Buchungsseite hinzuf\u00fcgen oder, wenn Sie es bereits getan haben, senden Sie uns eine E-Mail und wir k\u00f6nnen es f\u00fcr Sie arrangieren.<\/p>\n                    <\/div>\n                <\/div>\n                        <div class=\"faq-question\" data-categories=\"allgemeine-fragen\">\n                    <div class=\"faq-toggle\">\n                        <div>Nehmen Sie Gruppen auf?<\/div> <span class=\"faq-opener\"><\/span>\n                    <\/div>\n                    <div class=\"faq-answer\">\n                        \n<p>Wir sind drei ruhige Campingpl\u00e4tze, die f\u00fcr Paare und Familien geeignet sind, die eine friedliche und familienfreundliche Umgebung suchen. Es gibt eine strikte Ruhepolitik ab 23.00 Uhr. <\/p>\n\n<p>Wir sind daher <strong>keine geeigneten Campingpl\u00e4tze f\u00fcr Gruppen von Erwachsenen<\/strong>, die hier Urlaub machen. Wir raten dringend von Buchungen f\u00fcr Erwachsenengruppen im Juli und August ab, da Sie zu dieser Zeit von Familien mit Kindern umgeben sein werden. Wir akzeptieren die Buchung von Erwachsenengruppen nur unter der Voraussetzung, dass Sie unsere Ruhepolitik akzeptieren und verstehen, dass Sie R\u00fccksicht auf Ihre Nachbarn nehmen m\u00fcssen.    <\/p>\n\n<p>Bitte beachten Sie, dass wir auf dem Campingplatz keine Junggesellenabschiede akzeptieren und diesbez\u00fcglich keine Ausnahmen machen.<\/p>\n\n<p>F\u00fcr Familien, die in Gruppen anreisen, gilt aus denselben Gr\u00fcnden eine Begrenzung auf drei Unterk\u00fcnfte\/Stellpl\u00e4tze. Alle G\u00e4ste werden gebeten, die Hausordnung und die Nachtruhezeiten einzuhalten. Am Ende Ihres Aufenthalts werden alle G\u00e4ste ausdr\u00fccklich gebeten, das Geschirr in ihrer jeweiligen Unterkunft zur\u00fcckzulassen.  <\/p>\n                    <\/div>\n                <\/div>\n                        <div class=\"faq-question\" data-categories=\"allgemeine-fragen\">\n                    <div class=\"faq-toggle\">\n                        <div>Ist Camping bei anderen Nationalit\u00e4ten beliebt?<\/div> <span class=\"faq-opener\"><\/span>\n                    <\/div>\n                    <div class=\"faq-answer\">\n                        \n<p>Ja, der Campingplatz Lo Vel\u00e2jo empf\u00e4ngt G\u00e4ste aus vielen verschiedenen L\u00e4ndern. Beachten Sie, dass der Juli und die ersten beiden Augustwochen besonders bei niederl\u00e4ndischen Urlaubern beliebt sind. <\/p>\n                    <\/div>\n                <\/div>\n                        <div class=\"faq-question\" data-categories=\"allgemeine-fragen\">\n                    <div class=\"faq-toggle\">\n                        <div>Gibt es eine L\u00e4rmpolitik?<\/div> <span class=\"faq-opener\"><\/span>\n                    <\/div>\n                    <div class=\"faq-answer\">\n                        \n<p>Ja, wir sind ein kleiner, ruhiger Campingplatz. Aus R\u00fccksicht auf andere G\u00e4ste bitten wir um absolute Ruhe nach 22.00 Uhr. Wir haben im Juli und August um 22.00 Uhr einen Sicherheitsbeamten auf dem Campingplatz, der um den Campingplatz herumgeht, um sicherzustellen, dass es keinen L\u00e4rm gibt. Seien Sie daher nicht \u00fcberrascht oder beleidigt, wenn Sie gebeten werden, leise zu sprechen.   <\/p>\n                    <\/div>\n                <\/div>\n                        <div class=\"faq-question\" data-categories=\"swimmingpools\">\n                    <div class=\"faq-toggle\">\n                        <div>Sind Badeshorts in Schwimmb\u00e4dern erlaubt?<\/div> <span class=\"faq-opener\"><\/span>\n                    <\/div>\n                    <div class=\"faq-answer\">\n                        <p><span style=\"font-weight: 400;\">Ja, auf allen drei Campingpl\u00e4tzen sind Badeshorts erlaubt!   <\/span><\/p>\n                    <\/div>\n                <\/div>\n                        <div class=\"faq-question\" data-categories=\"dienste-und-leistungen\">\n                    <div class=\"faq-toggle\">\n                        <div>Sind Haustiere erlaubt?<\/div> <span class=\"faq-opener\"><\/span>\n                    <\/div>\n                    <div class=\"faq-answer\">\n                        <p><span style=\"font-weight: 400;\">Wenn Sie im April, Mai, Juni oder September auf einem Campingplatz oder in einer mietunterk\u00fcnfte zu uns kommen, sind Haustiere gegen einen Aufpreis von 6\u20ac pro Nacht erlaubt. <\/span><\/p>\n<p><span style=\"font-weight: 400;\">Wenn Sie im Sommer einen Stellplatz auf dem Campingplatz mieten, sind Haustiere ebenfalls erlaubt, allerdings gegen einen Aufpreis von 6\u20ac pro Nacht.<\/span><\/p>\n<p><span style=\"font-weight: 400;\">Im Juli und August sind Tiere in unseren mietunterk\u00fcnften auf unseren 3 Campingpl\u00e4tzen jedoch nicht erlaubt.<\/span><\/p>\n                    <\/div>\n                <\/div>\n                        <div class=\"faq-question\" data-categories=\"allgemeine-fragen\">\n                    <div class=\"faq-toggle\">\n                        <div>K\u00f6nnen wir zwei Fahrzeuge f\u00fcr unseren Aufenthalt mitbringen?<\/div> <span class=\"faq-opener\"><\/span>\n                    <\/div>\n                    <div class=\"faq-answer\">\n                        <p><span style=\"font-weight: 400;\">F\u00fcr jeden Aufenthalt ist ein Fahrzeug im Preis inbegriffen. Wenn Sie mit einem zus\u00e4tzlichen Fahrzeug anreisen, wird ein Aufpreis von \u20ac 5 pro Nacht berechnet. <\/span><span style=\"font-weight: 400;\"><br \/>\n<\/span><span style=\"font-weight: 400;\">Unabh\u00e4ngig davon, ob das zus\u00e4tzliche Fahrzeug vor Ihrem Stellplatz, innerhalb oder au\u00dferhalb des Campingplatzes geparkt wird, ist der Zuschlag zu zahlen.<\/span><span style=\"font-weight: 400;\"><br \/>\n<\/span><span style=\"font-weight: 400;\">Zu den zus\u00e4tzlichen Fahrzeugen z\u00e4hlen Anh\u00e4nger, Motorr\u00e4der, Boote und nat\u00fcrlich ein anderes Automobil.<\/span><\/p>\n                    <\/div>\n                <\/div>\n                        <div class=\"faq-question\" data-categories=\"\">\n                    <div class=\"faq-toggle\">\n                        <div>Kann ich Bettw\u00e4sche und Handt\u00fccher f\u00fcr meinen Aufenthalt reservieren?<\/div> <span class=\"faq-opener\"><\/span>\n                    <\/div>\n                    <div class=\"faq-answer\">\n                        <p>Ja, Sie k\u00f6nnen diese Option auf der Buchungsseite hinzuf\u00fcgen oder Ihre Buchung jederzeit \u00e4ndern.<\/p>\n                    <\/div>\n                <\/div>\n                        <div class=\"faq-question\" data-categories=\"animationen\">\n                    <div class=\"faq-toggle\">\n                        <div>Ist dieser Campingplatz f\u00fcr Teenager geeignet, die nach Aktivit\u00e4ten suchen?<\/div> <span class=\"faq-opener\"><\/span>\n                    <\/div>\n                    <div class=\"faq-answer\">\n                        <p>Nein, wir sind ein kleiner, ruhiger Campingplatz. Wir bieten keine Aktivit\u00e4ten f\u00fcr Teenager an. Die meisten unserer G\u00e4ste sind Familien mit kleinen Kindern. Wenn Ihre Teenager also auf der Suche nach Aktivit\u00e4ten, Partys und Freunden sind, ist unser kleiner, ruhiger Campingplatz nicht der richtige Ort f\u00fcr Sie.   <\/p>\n                    <\/div>\n                <\/div>\n                        <div class=\"faq-question\" data-categories=\"animationen\">\n                    <div class=\"faq-toggle\">\n                        <div>Welche Animationen bieten Sie an?<\/div> <span class=\"faq-opener\"><\/span>\n                    <\/div>\n                    <div class=\"faq-answer\">\n                        <p>In den Monaten Juli und August bieten wir ein kleines kostenloses Unterhaltungsprogramm an. Dazu geh\u00f6rt jeden Mittwochabend ein Musikkonzert mit einer Poolparty (bis 22.00 Uhr). Kostenlose Schnuppertauchg\u00e4nge f\u00fcr Kinder ab 8 Jahren am Mittwoch und Freitag und w\u00f6chentliche Zauberei, Radfahren oder Schminken. * Wenn Sie einen Campingplatz mit Kinderclub und vielen Aktivit\u00e4ten suchen, ist der Campingplatz La Ravoire nicht der richtige Ort f\u00fcr Sie!   <\/p>\n                    <\/div>\n                <\/div>\n                        <div class=\"faq-question\" data-categories=\"dienste-und-leistungen\">\n                    <div class=\"faq-toggle\">\n                        <div>Kann ich auf dem Campingplatz Fahrr\u00e4der mieten?<\/div> <span class=\"faq-opener\"><\/span>\n                    <\/div>\n                    <div class=\"faq-answer\">\n                        <p>Ja, wir haben einen Fahrradverleih vor Ort. Sie k\u00f6nnen bei uns Fahrr\u00e4der f\u00fcr einen halben Tag, einen ganzen Tag oder eine Woche mieten. <\/p>\n                    <\/div>\n                <\/div>\n            <\/div>\n<\/div>\n\n<script>\n    document.addEventListener('DOMContentLoaded', function() {\n        const buttons = document.querySelectorAll('.faq-category-button');\n        const questions = document.querySelectorAll('.faq-question');\n        const toggles = document.querySelectorAll('.faq-toggle');\n        const searchInput = document.getElementById('faqSearchInput');\n\n        \/\/ Adapte ici le message en fonction de la langue si tu veux\n        const noResultsMessageText = document.documentElement.lang === 'fr-FR'\n            ? 'Aucun r\u00e9sultat trouv\u00e9.'\n            : 'No results found.';\n\n        \/\/ V\u00e9rifie si le message existe d\u00e9j\u00e0 (pour \u00e9viter les doublons si script recharg\u00e9)\n        let noResultsMessage = document.getElementById('noResultsMessage');\n        if (!noResultsMessage) {\n            noResultsMessage = document.createElement('div');\n            noResultsMessage.id = 'noResultsMessage';\n            noResultsMessage.textContent = noResultsMessageText;\n            noResultsMessage.style.display = 'none';\n            noResultsMessage.style.textAlign = 'center';\n            noResultsMessage.style.padding = '20px';\n            noResultsMessage.style.fontSize = '19px';\n            noResultsMessage.style.color = '#999';\n            document.querySelector('.faq-container').appendChild(noResultsMessage);\n        }\n\n        buttons.forEach(button => {\n            button.addEventListener('click', function() {\n                const category = this.getAttribute('data-category');\n                let hasResults = false;\n\n                questions.forEach(question => {\n                    if (category === 'all' || question.getAttribute('data-categories').includes(category)) {\n                        question.style.display = 'block';\n                        hasResults = true;\n                    } else {\n                        question.style.display = 'none';\n                    }\n                });\n\n                \/\/ Ajoute .visible \u00e0 toutes les questions affich\u00e9es\n                questions.forEach(q => {\n                    if (q.style.display !== 'none') {\n                        q.classList.add('visible');\n                    } else {\n                        q.classList.remove('visible');\n                    }\n                });\n\n                noResultsMessage.style.display = hasResults ? 'none' : 'block';\n            });\n        });\n\n        \/\/ Simule le clic sur \"Tous\/All\" pour afficher tout au d\u00e9part\n        document.querySelector('.faq-category-button[data-category=\"all\"]').click();\n\n        toggles.forEach(toggle => {\n            toggle.addEventListener('click', function() {\n                const question = this.closest('.faq-question');\n                const answer = question.querySelector('.faq-answer');\n                const isOpen = question.classList.contains('open');\n\n                document.querySelectorAll('.faq-question').forEach(q => {\n                    if (q !== question) {\n                        q.classList.remove('open');\n                        q.querySelector('.faq-answer').style.maxHeight = null;\n                    }\n                });\n\n                if (!isOpen) {\n                    question.classList.add('open');\n                    answer.style.maxHeight = answer.scrollHeight + 'px';\n                } else {\n                    question.classList.remove('open');\n                    answer.style.maxHeight = null;\n                }\n            });\n        });\n\n        \/\/ Recherche am\u00e9lior\u00e9e\n        searchInput.addEventListener('input', function() {\n            const searchTerm = this.value.trim().toLowerCase();\n            let hasResults = false;\n            removeHighlight();\n\n            if (searchTerm.length >= 3) {\n                questions.forEach(question => {\n                    const toggleElement = question.querySelector('.faq-toggle div');\n                    const answerElement = question.querySelector('.faq-answer');\n\n                    const questionText = toggleElement.textContent.toLowerCase();\n                    const answerText = answerElement.textContent.toLowerCase();\n\n                    if (removeAccents(questionText).includes(removeAccents(searchTerm)) ||\n                        removeAccents(answerText).includes(removeAccents(searchTerm))) {\n                        question.style.display = 'block';\n                        question.classList.add('visible');\n                        hasResults = true;\n                        toggleElement.innerHTML = highlightSearchTerm(toggleElement.textContent, searchTerm);\n                        answerElement.innerHTML = highlightSearchTerm(answerElement.textContent, searchTerm);\n                    } else {\n                        question.style.display = 'none';\n                        question.classList.remove('visible');\n                    }\n                });\n            } else {\n                questions.forEach(question => {\n                    question.style.display = 'block';\n                    question.classList.add('visible');\n                    hasResults = true;\n                });\n            }\n\n            noResultsMessage.style.display = hasResults ? 'none' : 'block';\n        });\n\n        function removeHighlight() {\n            document.querySelectorAll('.highlight').forEach(el => {\n                el.replaceWith(document.createTextNode(el.textContent));\n            });\n        }\n\n        function highlightSearchTerm(text, term) {\n            const regex = new RegExp(`(${escapeRegExp(term)})`, 'gi');\n            return text.replace(regex, '<span class=\"highlight\">$1<\/span>');\n        }\n\n        function escapeRegExp(string) {\n            return string.replace(\/[.*+?^${}()|[\\]\\\\]\/g, '\\\\$&');\n        }\n\n        function removeAccents(str) {\n            return str.normalize(\"NFD\").replace(\/[\\u0300-\\u036f]\/g, \"\");\n        }\n\n        \/\/ Animation : ajoute la classe visible progressivement (seulement sur celles affich\u00e9es)\n        questions.forEach((el, index) => {\n            el.style.transitionDelay = `${index * 0.1}s`;\n        });\n\n        const observer = new IntersectionObserver(entries => {\n            entries.forEach(entry => {\n                if (entry.isIntersecting) {\n                    entry.target.classList.add('visible');\n                    observer.unobserve(entry.target);\n                }\n            });\n        }, {\n            threshold: 0.1\n        });\n\n        questions.forEach(el => observer.observe(el));\n    });\n\n<\/script><\/div>\n","protected":false},"excerpt":{"rendered":"<p>H\u00e4ufig gestellte Fragen<\/p>\n","protected":false},"author":1,"featured_media":39909,"parent":29757,"menu_order":0,"comment_status":"closed","ping_status":"closed","template":"wp-custom-template-page-interne-velajo","meta":{"_acf_changed":false,"_seopress_robots_primary_cat":"","_seopress_titles_title":"FAQ | Foire Aux Questions Camping Lo Vel\u00e2jo","_seopress_titles_desc":"","_seopress_robots_index":"yes","inline_featured_image":false,"gt_fse_maillage_image":"https:\/\/annecy.geek-tonic.dev\/wp-content\/uploads\/2025\/05\/Lac-dAnnecy-edited.jpg","gt_fse_maillage_titre":"FAQ  ","gt_fse_maillage_alt":"FAQ Lo Vel\u00e2jo","gt_fse_maillage_resume":"","footnotes":""},"categories":[],"tags":[],"class_list":["post-40462","page","type-page","status-publish","has-post-thumbnail","hentry"],"acf":[],"_links":{"self":[{"href":"https:\/\/annecy.geek-tonic.dev\/de\/wp-json\/wp\/v2\/pages\/40462","targetHints":{"allow":["GET"]}}],"collection":[{"href":"https:\/\/annecy.geek-tonic.dev\/de\/wp-json\/wp\/v2\/pages"}],"about":[{"href":"https:\/\/annecy.geek-tonic.dev\/de\/wp-json\/wp\/v2\/types\/page"}],"author":[{"embeddable":true,"href":"https:\/\/annecy.geek-tonic.dev\/de\/wp-json\/wp\/v2\/users\/1"}],"replies":[{"embeddable":true,"href":"https:\/\/annecy.geek-tonic.dev\/de\/wp-json\/wp\/v2\/comments?post=40462"}],"version-history":[{"count":1,"href":"https:\/\/annecy.geek-tonic.dev\/de\/wp-json\/wp\/v2\/pages\/40462\/revisions"}],"predecessor-version":[{"id":40463,"href":"https:\/\/annecy.geek-tonic.dev\/de\/wp-json\/wp\/v2\/pages\/40462\/revisions\/40463"}],"up":[{"embeddable":true,"href":"https:\/\/annecy.geek-tonic.dev\/de\/wp-json\/wp\/v2\/pages\/29757"}],"wp:featuredmedia":[{"embeddable":true,"href":"https:\/\/annecy.geek-tonic.dev\/de\/wp-json\/wp\/v2\/media\/39909"}],"wp:attachment":[{"href":"https:\/\/annecy.geek-tonic.dev\/de\/wp-json\/wp\/v2\/media?parent=40462"}],"wp:term":[{"taxonomy":"category","embeddable":true,"href":"https:\/\/annecy.geek-tonic.dev\/de\/wp-json\/wp\/v2\/categories?post=40462"},{"taxonomy":"post_tag","embeddable":true,"href":"https:\/\/annecy.geek-tonic.dev\/de\/wp-json\/wp\/v2\/tags?post=40462"}],"curies":[{"name":"wp","href":"https:\/\/api.w.org\/{rel}","templated":true}]}}