{"id":29857,"date":"2025-04-14T12:18:50","date_gmt":"2025-04-14T10:18:50","guid":{"rendered":"https:\/\/annecy.geek-tonic.dev\/lo-velajo\/about-us\/"},"modified":"2025-10-01T16:16:14","modified_gmt":"2025-10-01T14:16:14","slug":"about-us","status":"publish","type":"page","link":"https:\/\/annecy.geek-tonic.dev\/en\/lo-velajo\/about-us\/","title":{"rendered":"Our team (V)"},"content":{"rendered":"\n<section class=\"wp-block-group home-one home-one-ravoire has-custom-color-6-background-color has-background has-global-padding is-layout-constrained wp-block-group-is-layout-constrained\" style=\"border-top-left-radius:30px;border-top-right-radius:30px;margin-top:-1.5em;padding-top:var(--wp--preset--spacing--60);padding-bottom:var(--wp--preset--spacing--60)\">\n<div class=\"wp-block-group has-base-2-color has-text-color has-link-color wp-elements-ff384aa875e2ca368f45fa1cc0df34df has-global-padding is-layout-constrained wp-block-group-is-layout-constrained\">\n<h1 class=\"wp-block-heading has-base-2-color has-text-color has-link-color wp-elements-2899cc529058e5818937f1aed218ebe8\">Our team at camping Lo Vel\u00e2jo  <\/h1>\n<\/div>\n\n\n\n<div class=\"wp-block-group has-global-padding is-layout-constrained wp-block-group-is-layout-constrained\">\n<div class=\"wp-block-group has-custom-color-6-background-color has-background has-global-padding is-layout-constrained wp-block-group-is-layout-constrained\">\n<div class=\"wp-block-group is-nowrap is-layout-flex wp-container-core-group-is-layout-6c531013 wp-block-group-is-layout-flex\">\n<figure class=\"wp-block-image size-large has-custom-border solo-img reveal\"><img loading=\"lazy\" decoding=\"async\" width=\"1024\" height=\"682\" src=\"https:\/\/annecy.geek-tonic.dev\/wp-content\/uploads\/2025\/07\/atelier-maquillage-1-1024x682.jpg\" alt=\"make-up workshop\" class=\"wp-image-39800\" style=\"border-radius:30px\" srcset=\"https:\/\/annecy.geek-tonic.dev\/wp-content\/uploads\/2025\/07\/atelier-maquillage-1-1024x682.jpg 1024w, https:\/\/annecy.geek-tonic.dev\/wp-content\/uploads\/2025\/07\/atelier-maquillage-1-300x200.jpg 300w, https:\/\/annecy.geek-tonic.dev\/wp-content\/uploads\/2025\/07\/atelier-maquillage-1-768x512.jpg 768w, https:\/\/annecy.geek-tonic.dev\/wp-content\/uploads\/2025\/07\/atelier-maquillage-1-1536x1024.jpg 1536w, https:\/\/annecy.geek-tonic.dev\/wp-content\/uploads\/2025\/07\/atelier-maquillage-1.jpg 2000w\" sizes=\"auto, (max-width: 1024px) 100vw, 1024px\" \/><\/figure>\n\n\n\n<div class=\"wp-block-group img-slide-right has-global-padding is-layout-constrained wp-block-group-is-layout-constrained\">\n<figure class=\"wp-block-image alignright size-large first wp-duotone-ffffff-ffffff-1\" style=\"margin-bottom:5rem\"><img loading=\"lazy\" decoding=\"async\" width=\"512\" height=\"512\" src=\"https:\/\/annecy.geek-tonic.dev\/wp-content\/uploads\/2025\/05\/equipe.svg\" alt=\"team\" class=\"wp-image-10496\"\/><\/figure>\n\n\n\n<figure class=\"wp-block-image size-large has-custom-border last reveal-reverse\"><img loading=\"lazy\" decoding=\"async\" width=\"1024\" height=\"682\" src=\"https:\/\/annecy.geek-tonic.dev\/wp-content\/uploads\/2025\/07\/cours-de-gym-2-1024x682.jpg\" alt=\"gym lessons (2)\" class=\"wp-image-39796\" style=\"border-radius:30px\" srcset=\"https:\/\/annecy.geek-tonic.dev\/wp-content\/uploads\/2025\/07\/cours-de-gym-2-1024x682.jpg 1024w, https:\/\/annecy.geek-tonic.dev\/wp-content\/uploads\/2025\/07\/cours-de-gym-2-300x200.jpg 300w, https:\/\/annecy.geek-tonic.dev\/wp-content\/uploads\/2025\/07\/cours-de-gym-2-768x512.jpg 768w, https:\/\/annecy.geek-tonic.dev\/wp-content\/uploads\/2025\/07\/cours-de-gym-2-1536x1024.jpg 1536w, https:\/\/annecy.geek-tonic.dev\/wp-content\/uploads\/2025\/07\/cours-de-gym-2.jpg 2000w\" sizes=\"auto, (max-width: 1024px) 100vw, 1024px\" \/><\/figure>\n<\/div>\n<\/div>\n<\/div>\n<\/div>\n\n\n\n<div class=\"wp-block-group bottom is-nowrap is-layout-flex wp-container-core-group-is-layout-ff20216e wp-block-group-is-layout-flex\" style=\"margin-top:0rem\">\n<div class=\"wp-block-columns is-layout-flex wp-container-core-columns-is-layout-28f84493 wp-block-columns-is-layout-flex\">\n<div class=\"wp-block-column left is-layout-flow wp-block-column-is-layout-flow\" style=\"flex-basis:40%\">\n<div class=\"wp-block-group group-h2-like has-global-padding is-layout-constrained wp-block-group-is-layout-constrained\">\n<p class=\"h2-like has-base-2-color has-text-color has-link-color has-kalam-font-family wp-elements-48cada3e2d80358c9e267e352a49841a\" style=\"font-size:clamp(15.197px, 0.95rem + ((1vw - 3.2px) * 0.634), 23px);font-style:normal;font-weight:400\">A great team <br\/>at your service!<\/p>\n\n\n\n<svg xmlns=\"http:\/\/www.w3.org\/2000\/svg\" width=\"246\" height=\"190\" viewbox=\"0 0 246 190\" fill=\"none\" id=\"arrow1\">\n  <path d=\"M237.43 48.272C228.471 42.2937 201.435 35.7717 167.744 54.0094C125.631 76.8065 110.223 96.5509 109.541 124.002C108.91 149.419 122.952 164.585 130.974 165.316C147.018 166.777 149.613 118.148 145.528 96.3347C141.443 74.5215 139.633 32.2372 100.728 20.4516C61.8234 8.66609 2.88797 45.7995 14.8015 144.341M237.43 48.272C237.76 46.7065 243.336 46.1115 245.697 45.4172M237.43 48.272C237.1 49.8375 237.684 55.1391 237.632 57.0018M23.7336 133.492C20.2223 134.795 13.7086 139.348 15.7447 147.137C14.8709 143.205 10.8674 135.377 1.84412 135.517\" stroke=\"white\" stroke-width=\"2\"><\/path>\n<\/svg>\n<\/div>\n<\/div>\n\n\n\n<div class=\"wp-block-column right is-layout-flow wp-block-column-is-layout-flow\" style=\"flex-basis:60%\">\n<p class=\"has-base-2-color has-text-color has-link-color wp-elements-3e52542ce917d19f02274b4c265f8ad3\" style=\"padding-top:var(--wp--preset--spacing--30)\">The <a href=\"https:\/\/annecy.geek-tonic.dev\/en\/lo-velajo\/\" data-type=\"page\" data-id=\"2382\">Lo V\u00e9l\u00e2jo campsite <\/a> team is dedicated to you and is ready to listen to your needs to guarantee you a successful vacation in your <a href=\"https:\/\/annecy.geek-tonic.dev\/en\/lo-velajo\/rentals\/\" data-type=\"page\" data-id=\"3382\">mobile home rental<\/a>. Our craftsmen of happiness will do their utmost to make your vacation at our campsite with <a href=\"https:\/\/annecy.geek-tonic.dev\/en\/lo-velajo\/pool\/\" data-type=\"page\" data-id=\"3379\">swimming pool Lo Vel\u00e2jo<\/a> an unforgettable one. From maintenance to reception to catering, we choose passionate staff who are ready to make your vacation their priority! Looking for a job? Find out about the positions available in 2025 when we open the Lo Vel\u00e2jo campsite on our dedicated <a href=\"https:\/\/annecy.geek-tonic.dev\/en\/recrutement\/\" data-type=\"page\" data-id=\"68\">Recruitment<\/a> page.    <\/p>\n<\/div>\n<\/div>\n<\/div>\n\n\n\n<figure class=\"wp-block-image size-full is-resized montagne\"><img decoding=\"async\" src=\"https:\/\/annecy.geek-tonic.dev\/wp-content\/uploads\/2025\/05\/teams-work.svg\" alt=\"teams work\" class=\"wp-image-11833\" style=\"width:500px\"\/><\/figure>\n<\/section>\n\n<section class=\"wp-block-group home-equipe is-layout-flow wp-block-group-is-layout-flow\" style=\"padding-top:var(--wp--preset--spacing--50);padding-bottom:var(--wp--preset--spacing--50)\">\n<div class=\"wp-block-group has-global-padding is-content-justification-center is-layout-constrained wp-block-group-is-layout-constrained\">\n<h2 class=\"wp-block-heading has-text-align-left has-custom-color-2-color has-text-color has-link-color wp-elements-a8e87f37cc99ec753d8c545c298b42ff\">Introducing our Lo Vel\u00e2jo team<\/h2>\n\n\n\n<p class=\"has-text-align-center\">Discover the members of <strong>our team at camping Lo Vel\u00e2jo<\/strong> and put a name to each of them!  <\/p>\n\n\n\n<div class=\"wp-block-columns is-layout-flex wp-container-core-columns-is-layout-28f84493 wp-block-columns-is-layout-flex\">\n<div class=\"wp-block-column is-layout-flow wp-block-column-is-layout-flow\">\n<div class=\"wp-block-group has-custom-color-6-background-color has-background is-vertical is-content-justification-left is-layout-flex wp-container-core-group-is-layout-b50c6906 wp-block-group-is-layout-flex\" style=\"border-radius:15px;padding-top:var(--wp--preset--spacing--20);padding-right:var(--wp--preset--spacing--20);padding-bottom:var(--wp--preset--spacing--20);padding-left:var(--wp--preset--spacing--20)\">\n<div class=\"wp-block-group is-nowrap is-layout-flex wp-container-core-group-is-layout-6c531013 wp-block-group-is-layout-flex\">\n<figure class=\"wp-block-image size-full is-resized is-style-default\"><img loading=\"lazy\" decoding=\"async\" width=\"256\" height=\"267\" src=\"https:\/\/annecy.geek-tonic.dev\/wp-content\/uploads\/2025\/05\/andre.jpg\" alt=\"andr&#xE9;\" class=\"wp-image-12117\" style=\"aspect-ratio:1;object-fit:cover;width:200px\"\/><\/figure>\n\n\n\n<div class=\"wp-block-group is-vertical is-content-justification-left is-layout-flex wp-container-core-group-is-layout-dd225191 wp-block-group-is-layout-flex\">\n<h2 class=\"wp-block-heading has-base-2-color has-text-color has-link-color wp-elements-735b8c5850d5186fdb46a00092249bc3\">Fabrice<\/h2>\n\n\n\n<p class=\"has-base-2-color has-text-color has-link-color wp-elements-48497f412669dc7cda95aefaabd83f90\"><em>Maintenance Manager<\/em><\/p>\n\n\n\n<ul class=\"wp-block-social-links has-icon-color has-icon-background-color is-style-default is-layout-flex wp-block-social-links-is-layout-flex\"><\/ul>\n<\/div>\n<\/div>\n\n\n\n<p class=\"has-base-2-color has-text-color has-link-color wp-elements-98cca62bde56e5fd262bcdd37365cb60\">Fabrice! A child of the village and a loyal collaborator of the Lac d&#8217;Annecy campsites, he has been working for 25 years at the service of your vacations! His grandmother Yvonne created the campsite in 1965, and now he&#8217;s back following in her family&#8217;s footsteps. Olivier and Damien have decided to put him in charge of Vel\u00e2jo!     <\/p>\n\n\n\n<p class=\"has-base-2-color has-text-color has-link-color wp-elements-4971efe4545e0b894e921ffd64033a09\">A jack-of-all-trades and head of maintenance, he&#8217;ll be the first on the scene in the event of a technical incident or gas failure, with his natural benevolence.<\/p>\n<\/div>\n<\/div>\n\n\n\n<div class=\"wp-block-column is-layout-flow wp-block-column-is-layout-flow\">\n<div class=\"wp-block-group has-custom-color-6-background-color has-background is-vertical is-layout-flex wp-container-core-group-is-layout-9ae43232 wp-block-group-is-layout-flex\" style=\"border-radius:15px;padding-top:var(--wp--preset--spacing--20);padding-right:var(--wp--preset--spacing--20);padding-bottom:var(--wp--preset--spacing--20);padding-left:var(--wp--preset--spacing--20)\">\n<div class=\"wp-block-group is-nowrap is-layout-flex wp-container-core-group-is-layout-6c531013 wp-block-group-is-layout-flex\">\n<figure class=\"wp-block-image size-full is-resized is-style-default\"><img loading=\"lazy\" decoding=\"async\" width=\"1080\" height=\"2400\" src=\"https:\/\/annecy.geek-tonic.dev\/wp-content\/uploads\/2025\/05\/Marylou.jpg\" alt=\"Marylou\" class=\"wp-image-13685\" style=\"aspect-ratio:1;object-fit:cover;width:200px\" srcset=\"https:\/\/annecy.geek-tonic.dev\/wp-content\/uploads\/2025\/05\/Marylou.jpg 1080w, https:\/\/annecy.geek-tonic.dev\/wp-content\/uploads\/2025\/05\/Marylou-135x300.jpg 135w, https:\/\/annecy.geek-tonic.dev\/wp-content\/uploads\/2025\/05\/Marylou-461x1024.jpg 461w, https:\/\/annecy.geek-tonic.dev\/wp-content\/uploads\/2025\/05\/Marylou-768x1707.jpg 768w, https:\/\/annecy.geek-tonic.dev\/wp-content\/uploads\/2025\/05\/Marylou-691x1536.jpg 691w, https:\/\/annecy.geek-tonic.dev\/wp-content\/uploads\/2025\/05\/Marylou-922x2048.jpg 922w\" sizes=\"auto, (max-width: 1080px) 100vw, 1080px\" \/><\/figure>\n\n\n\n<div class=\"wp-block-group is-vertical is-content-justification-left is-layout-flex wp-container-core-group-is-layout-dd225191 wp-block-group-is-layout-flex\">\n<h2 class=\"wp-block-heading has-base-2-color has-text-color has-link-color wp-elements-826157d4d74430f254747e2067b67ffb\">Marylou<\/h2>\n\n\n\n<p class=\"has-base-2-color has-text-color has-link-color wp-elements-b554b96191fd20c42ac423995ead65ce\"><em>Reception manager<\/em><\/p>\n\n\n\n<ul class=\"wp-block-social-links has-icon-color has-icon-background-color is-style-default is-layout-flex wp-block-social-links-is-layout-flex\"><\/ul>\n<\/div>\n<\/div>\n\n\n\n<p class=\"has-base-2-color has-text-color has-link-color wp-elements-987c27a832a443a795f34439982861a4\">Responsible for reception, she&#8217;s the person to go to for information! Marylou was born and raised in Doussard, so she can tell you all about local activities and what&#8217;s on in the area! A keen hiker and horseback rider, she&#8217;ll be able to advise you on the best hiking itineraries!  <\/p>\n\n\n\n<p class=\"has-base-2-color has-text-color has-link-color wp-elements-41478495a238b6f2b63b031993ab0fe8\">Smiling and always ready to help, you&#8217;ll be pampered before, during and after your stay.<\/p>\n\n\n\n<p class=\"has-base-2-color has-text-color has-link-color wp-elements-c80f265f2fa63174aabc0c5177078297\">This campsite is very close to her heart, as she worked there when it was still called \u201cle Verger Fleuri\u201d when she was a student!<\/p>\n<\/div>\n<\/div>\n<\/div>\n<\/div>\n<\/section>\n\n<section class=\"wp-block-group home-third home-third-fontaines is-layout-flow wp-block-group-is-layout-flow\" style=\"margin-top:var(--wp--preset--spacing--40);margin-bottom:var(--wp--preset--spacing--50);padding-top:0;padding-bottom:0\">\n<div class=\"wp-block-group top is-layout-flow wp-block-group-is-layout-flow\">\n<div data-swiper=\"{&quot;speed&quot;:400,&quot;spaceBetween&quot;:16,&quot;slidesPerView&quot;:1,&quot;createElements&quot;:true,&quot;loop&quot;:true,&quot;freemode&quot;:true,&quot;navigation&quot;:{&quot;nextEl&quot;:&quot;buttonNext&quot;,&quot;prevEl&quot;:&quot;buttonPrev&quot;},&quot;breakpoints&quot;:[{&quot;slidesPerView&quot;:1}],&quot;effect&quot;:&quot;fade&quot;,&quot;pagination&quot;:false}\" class=\"wp-block-group gt-is-slider gt-is-slider-desktop is-layout-flow wp-block-group-is-layout-flow\">\n<div data-swiper=\"{&quot;speed&quot;:1000,&quot;autoplay&quot;:{&quot;delay&quot;:5000,&quot;disableOnInteraction&quot;:false},&quot;spaceBetween&quot;:0,&quot;slidesPerView&quot;:1,&quot;pagination&quot;:{&quot;el&quot;:&quot;.swiper-pagination&quot;,&quot;dynamicBullets&quot;:true,&quot;clickable&quot;:true,&quot;type&quot;:&quot;bullets&quot;},&quot;navigation&quot;:{&quot;nextEl&quot;:&quot;.swiper-button-next&quot;,&quot;prevEl&quot;:&quot;.swiper-button-prev&quot;},&quot;breakpoints&quot;:[{&quot;slidesPerView&quot;:1}]}\" class=\"wp-block-cover has-parallax has-custom-content-position is-position-bottom-left\" style=\"min-height:100vh;aspect-ratio:unset;\"><div role=\"img\" aria-label=\"Paysages lac d'Annecy\" class=\"wp-block-cover__image-background wp-image-6681 size-full has-parallax\" style=\"background-position:50% 50%;background-image:url(https:\/\/annecy.geek-tonic.dev\/wp-content\/uploads\/2025\/04\/Paysages-lac-dAnnecy.jpg)\"><\/div><span aria-hidden=\"true\" class=\"wp-block-cover__background has-custom-color-8-background-color has-background-dim-40 has-background-dim\"><\/span><div class=\"wp-block-cover__inner-container is-layout-flow wp-block-cover-is-layout-flow\">\n<figure class=\"wp-block-image size-large is-resized\"><img loading=\"lazy\" decoding=\"async\" width=\"334\" height=\"328\" src=\"https:\/\/annecy.geek-tonic.dev\/wp-content\/uploads\/2025\/03\/logo-annecy-white.svg\" alt=\"annecy campsites\" class=\"wp-image-98\" style=\"width:300px\"\/><\/figure>\n<\/div><\/div>\n\n\n\n<div data-swiper=\"{&quot;speed&quot;:1000,&quot;autoplay&quot;:{&quot;delay&quot;:5000,&quot;disableOnInteraction&quot;:false},&quot;spaceBetween&quot;:0,&quot;slidesPerView&quot;:1,&quot;pagination&quot;:{&quot;el&quot;:&quot;.swiper-pagination&quot;,&quot;dynamicBullets&quot;:true,&quot;clickable&quot;:true,&quot;type&quot;:&quot;bullets&quot;},&quot;navigation&quot;:{&quot;nextEl&quot;:&quot;.swiper-button-next&quot;,&quot;prevEl&quot;:&quot;.swiper-button-prev&quot;},&quot;breakpoints&quot;:[{&quot;slidesPerView&quot;:1}]}\" class=\"wp-block-cover has-parallax has-custom-content-position is-position-bottom-left\" style=\"min-height:100vh;aspect-ratio:unset;\"><div role=\"img\" aria-label=\"lac annecy de nuit\" class=\"wp-block-cover__image-background wp-image-10804 size-full has-parallax\" style=\"background-position:50% 50%;background-image:url(https:\/\/annecy.geek-tonic.dev\/wp-content\/uploads\/2025\/05\/lac-annecy-de-nuit-1.jpg)\"><\/div><span aria-hidden=\"true\" class=\"wp-block-cover__background has-custom-color-8-background-color has-background-dim-40 has-background-dim\"><\/span><div class=\"wp-block-cover__inner-container is-layout-flow wp-block-cover-is-layout-flow\">\n<figure class=\"wp-block-image size-large is-resized\"><img loading=\"lazy\" decoding=\"async\" width=\"334\" height=\"328\" src=\"https:\/\/annecy.geek-tonic.dev\/wp-content\/uploads\/2025\/03\/logo-annecy-white.svg\" alt=\"annecy campsites\" class=\"wp-image-98\" style=\"width:300px\"\/><\/figure>\n<\/div><\/div>\n<\/div>\n\n\n\n<div class=\"wp-block-group bottom-slider-text has-link-color wp-elements-b4ece626df4a9e5f17cdf1781b4f6a4c has-global-padding is-layout-constrained wp-block-group-is-layout-constrained\">\n<h2 class=\"wp-block-heading has-base-2-color has-text-color has-link-color wp-elements-686439873625fff14a091072170261e4\">Our group of campsites in Annecy<\/h2>\n\n\n\n<p class=\"has-base-2-color has-text-color has-link-color wp-elements-c6229a66dfbb2ca96cf6e11a30bc0b02\">The campsite <strong><strong>Lo Vel\u00e2jo<\/strong><\/strong> is part of the independent, family-run <strong>Campings Annecy<\/strong> group, ideally located near Lake Annecy.<\/p>\n\n\n\n<p class=\"has-base-2-color has-text-color has-link-color wp-elements-0660c25a2a4b67a43e2ef5e8faa83362\">In this exceptional natural setting, join a passionate team! Visit our <a href=\"https:\/\/annecy.geek-tonic.dev\/en\/recrutement\/\" data-type=\"page\" data-id=\"68\">recruitment page<\/a> to discover the <strong>jobs currently available<\/strong> at our three campsites: <strong>La Ravoire<\/strong>, <strong>Les Fontaines<\/strong> and <strong>Lo Vel\u00e2jo<\/strong>. <\/p>\n<\/div>\n<\/div>\n<\/section>\n\n<section class=\"wp-block-group page-maillage page-maillage-fontaines has-global-padding is-layout-constrained wp-block-group-is-layout-constrained\" style=\"padding-bottom:var(--wp--preset--spacing--60)\">\n<p class=\"has-custom-color-2-color has-text-color has-link-color has-righteous-font-family wp-elements-95d669615784e48840d64cb4ec046b75\" style=\"margin-right:0;margin-left:0;font-size:clamp(1.403rem, 1.403rem + ((1vw - 0.2rem) * 1.167), 2.3rem);text-transform:uppercase\">Discover also<\/p>\n\n\n\n<div data-wp-context=\"{}\" data-wp-interactive=\"core\/query\" data-wp-key=\"9\" data-wp-router-region=\"query-9\" class=\"wp-block-query alignwide gt-fse-maillage-query is-layout-flow wp-block-query-is-layout-flow\"><ul class=\"wp-block-post-template is-layout-flow wp-block-post-template-is-layout-flow\"><li data-wp-key=\"post-template-item-29761\" class=\"wp-block-post post-29761 page type-page status-publish has-post-thumbnail hentry\">\n<figure class=\"wp-block-post-featured-image\"><img loading=\"lazy\" decoding=\"async\" width=\"2000\" height=\"1333\" src=\"https:\/\/annecy.geek-tonic.dev\/wp-content\/uploads\/2025\/07\/cours-de-gym-2-1.jpg\" class=\"attachment-post-thumbnail size-post-thumbnail wp-post-image\" alt=\"gym lessons (2)\" style=\"object-fit:cover;\" srcset=\"https:\/\/annecy.geek-tonic.dev\/wp-content\/uploads\/2025\/07\/cours-de-gym-2-1.jpg 2000w, https:\/\/annecy.geek-tonic.dev\/wp-content\/uploads\/2025\/07\/cours-de-gym-2-1-300x200.jpg 300w, https:\/\/annecy.geek-tonic.dev\/wp-content\/uploads\/2025\/07\/cours-de-gym-2-1-1024x682.jpg 1024w, https:\/\/annecy.geek-tonic.dev\/wp-content\/uploads\/2025\/07\/cours-de-gym-2-1-768x512.jpg 768w, https:\/\/annecy.geek-tonic.dev\/wp-content\/uploads\/2025\/07\/cours-de-gym-2-1-1536x1024.jpg 1536w\" sizes=\"auto, (max-width: 2000px) 100vw, 2000px\" \/><\/figure>\n\n\n<p class=\"savoir-plus has-base-2-color has-text-color has-link-color has-righteous-font-family wp-elements-226dcd23bdc3b34071f287f3f8c30cbd\" style=\"font-size:clamp(20.515px, 1.282rem + ((1vw - 3.2px) * 1.015), 33px);text-transform:uppercase\">Read more<\/p>\n\n\n\n<p class=\"maillage-title has-custom-color-2-color has-text-color has-link-color has-righteous-font-family wp-elements-6cdc0522349b0516acdb9d65335ee8bb\" style=\"font-size:clamp(20.515px, 1.282rem + ((1vw - 3.2px) * 1.015), 33px);text-transform:uppercase\">Entertainment<\/p>\n\n\n<a class=\"is-style-lien-cover wp-block-read-more\" href=\"https:\/\/annecy.geek-tonic.dev\/en\/lo-velajo\/entertainment\/\" target=\"_self\">Read more<span class=\"screen-reader-text\">: Animations (V)<\/span><\/a>\n<\/li><li data-wp-key=\"post-template-item-29878\" class=\"wp-block-post post-29878 page type-page status-publish has-post-thumbnail hentry\">\n<figure class=\"wp-block-post-featured-image\"><img loading=\"lazy\" decoding=\"async\" width=\"2000\" height=\"1333\" src=\"https:\/\/annecy.geek-tonic.dev\/wp-content\/uploads\/2025\/07\/camping-avec-piscine-lo-velajo-1.jpg\" class=\"attachment-post-thumbnail size-post-thumbnail wp-post-image\" alt=\"camping with pool lo velajo (1)\" style=\"object-fit:cover;\" srcset=\"https:\/\/annecy.geek-tonic.dev\/wp-content\/uploads\/2025\/07\/camping-avec-piscine-lo-velajo-1.jpg 2000w, https:\/\/annecy.geek-tonic.dev\/wp-content\/uploads\/2025\/07\/camping-avec-piscine-lo-velajo-1-300x200.jpg 300w, https:\/\/annecy.geek-tonic.dev\/wp-content\/uploads\/2025\/07\/camping-avec-piscine-lo-velajo-1-1024x682.jpg 1024w, https:\/\/annecy.geek-tonic.dev\/wp-content\/uploads\/2025\/07\/camping-avec-piscine-lo-velajo-1-768x512.jpg 768w, https:\/\/annecy.geek-tonic.dev\/wp-content\/uploads\/2025\/07\/camping-avec-piscine-lo-velajo-1-1536x1024.jpg 1536w\" sizes=\"auto, (max-width: 2000px) 100vw, 2000px\" \/><\/figure>\n\n\n<p class=\"savoir-plus has-base-2-color has-text-color has-link-color has-righteous-font-family wp-elements-226dcd23bdc3b34071f287f3f8c30cbd\" style=\"font-size:clamp(20.515px, 1.282rem + ((1vw - 3.2px) * 1.015), 33px);text-transform:uppercase\">Read more<\/p>\n\n\n\n<p class=\"maillage-title has-custom-color-2-color has-text-color has-link-color has-righteous-font-family wp-elements-6cdc0522349b0516acdb9d65335ee8bb\" style=\"font-size:clamp(20.515px, 1.282rem + ((1vw - 3.2px) * 1.015), 33px);text-transform:uppercase\">the pool<\/p>\n\n\n<a class=\"is-style-lien-cover wp-block-read-more\" href=\"https:\/\/annecy.geek-tonic.dev\/en\/lo-velajo\/pool\/\" target=\"_self\">Read more<span class=\"screen-reader-text\">: Swimming pool (V)<\/span><\/a>\n<\/li><li data-wp-key=\"post-template-item-29875\" class=\"wp-block-post post-29875 page type-page status-publish has-post-thumbnail hentry\">\n<figure class=\"wp-block-post-featured-image\"><img loading=\"lazy\" decoding=\"async\" width=\"2000\" height=\"1333\" src=\"https:\/\/annecy.geek-tonic.dev\/wp-content\/uploads\/2025\/07\/accueil-reception-1.jpg\" class=\"attachment-post-thumbnail size-post-thumbnail wp-post-image\" alt=\"reception desk (1)\" style=\"object-fit:cover;\" srcset=\"https:\/\/annecy.geek-tonic.dev\/wp-content\/uploads\/2025\/07\/accueil-reception-1.jpg 2000w, https:\/\/annecy.geek-tonic.dev\/wp-content\/uploads\/2025\/07\/accueil-reception-1-300x200.jpg 300w, https:\/\/annecy.geek-tonic.dev\/wp-content\/uploads\/2025\/07\/accueil-reception-1-1024x682.jpg 1024w, https:\/\/annecy.geek-tonic.dev\/wp-content\/uploads\/2025\/07\/accueil-reception-1-768x512.jpg 768w, https:\/\/annecy.geek-tonic.dev\/wp-content\/uploads\/2025\/07\/accueil-reception-1-1536x1024.jpg 1536w\" sizes=\"auto, (max-width: 2000px) 100vw, 2000px\" \/><\/figure>\n\n\n<p class=\"savoir-plus has-base-2-color has-text-color has-link-color has-righteous-font-family wp-elements-226dcd23bdc3b34071f287f3f8c30cbd\" style=\"font-size:clamp(20.515px, 1.282rem + ((1vw - 3.2px) * 1.015), 33px);text-transform:uppercase\">Read more<\/p>\n\n\n\n<p class=\"maillage-title has-custom-color-2-color has-text-color has-link-color has-righteous-font-family wp-elements-6cdc0522349b0516acdb9d65335ee8bb\" style=\"font-size:clamp(20.515px, 1.282rem + ((1vw - 3.2px) * 1.015), 33px);text-transform:uppercase\">Services<\/p>\n\n\n<a class=\"is-style-lien-cover wp-block-read-more\" href=\"https:\/\/annecy.geek-tonic.dev\/en\/lo-velajo\/services\/\" target=\"_self\">Read more<span class=\"screen-reader-text\">: Services (V)<\/span><\/a>\n<\/li><\/ul><\/div>\n<\/section>\n\n<p><\/p>\n","protected":false},"excerpt":{"rendered":"<p>Our team at camping Lo Vel\u00e2jo A great team at your service! The Lo V\u00e9l\u00e2jo campsite team is dedicated to you and is ready to listen to your needs to guarantee you a successful vacation in your mobile home rental. Our craftsmen of happiness will do their utmost to make your vacation at our campsite [&hellip;]<\/p>\n","protected":false},"author":1,"featured_media":39917,"parent":56270,"menu_order":0,"comment_status":"closed","ping_status":"closed","template":"wp-custom-template-page-interne-velajo","meta":{"_acf_changed":false,"_seopress_robots_primary_cat":"","_seopress_titles_title":"About camping Lo Vel\u00e2jo | Our team at camping Lo Vel\u00e2jo","_seopress_titles_desc":"","_seopress_robots_index":"","inline_featured_image":false,"gt_fse_maillage_image":"https:\/\/annecy.geek-tonic.dev\/wp-content\/uploads\/2025\/07\/mascotte-animation.jpg","gt_fse_maillage_titre":"Our team","gt_fse_maillage_alt":"animation mascot","gt_fse_maillage_resume":"","footnotes":""},"categories":[],"tags":[],"class_list":["post-29857","page","type-page","status-publish","has-post-thumbnail","hentry"],"acf":[],"_links":{"self":[{"href":"https:\/\/annecy.geek-tonic.dev\/en\/wp-json\/wp\/v2\/pages\/29857","targetHints":{"allow":["GET"]}}],"collection":[{"href":"https:\/\/annecy.geek-tonic.dev\/en\/wp-json\/wp\/v2\/pages"}],"about":[{"href":"https:\/\/annecy.geek-tonic.dev\/en\/wp-json\/wp\/v2\/types\/page"}],"author":[{"embeddable":true,"href":"https:\/\/annecy.geek-tonic.dev\/en\/wp-json\/wp\/v2\/users\/1"}],"replies":[{"embeddable":true,"href":"https:\/\/annecy.geek-tonic.dev\/en\/wp-json\/wp\/v2\/comments?post=29857"}],"version-history":[{"count":6,"href":"https:\/\/annecy.geek-tonic.dev\/en\/wp-json\/wp\/v2\/pages\/29857\/revisions"}],"predecessor-version":[{"id":56230,"href":"https:\/\/annecy.geek-tonic.dev\/en\/wp-json\/wp\/v2\/pages\/29857\/revisions\/56230"}],"up":[{"embeddable":true,"href":"https:\/\/annecy.geek-tonic.dev\/en\/wp-json\/wp\/v2\/pages\/56270"}],"wp:featuredmedia":[{"embeddable":true,"href":"https:\/\/annecy.geek-tonic.dev\/en\/wp-json\/wp\/v2\/media\/39917"}],"wp:attachment":[{"href":"https:\/\/annecy.geek-tonic.dev\/en\/wp-json\/wp\/v2\/media?parent=29857"}],"wp:term":[{"taxonomy":"category","embeddable":true,"href":"https:\/\/annecy.geek-tonic.dev\/en\/wp-json\/wp\/v2\/categories?post=29857"},{"taxonomy":"post_tag","embeddable":true,"href":"https:\/\/annecy.geek-tonic.dev\/en\/wp-json\/wp\/v2\/tags?post=29857"}],"curies":[{"name":"wp","href":"https:\/\/api.w.org\/{rel}","templated":true}]}}