{"id":31316,"date":"2025-03-24T15:54:05","date_gmt":"2025-03-24T14:54:05","guid":{"rendered":"https:\/\/annecy.geek-tonic.dev\/yelloh-village-benefits\/"},"modified":"2025-09-23T10:46:19","modified_gmt":"2025-09-23T08:46:19","slug":"yelloh-village-benefits","status":"publish","type":"page","link":"https:\/\/annecy.geek-tonic.dev\/en\/yelloh-village-benefits\/","title":{"rendered":"Yelloh! Village benefits"},"content":{"rendered":"\n<section class=\"wp-block-group home-one home-one-groupe home-yelloh has-custom-color-1-background-color has-background has-global-padding is-layout-constrained wp-block-group-is-layout-constrained\" style=\"border-top-left-radius:30px;border-top-right-radius:30px;margin-top:-1.5em;padding-top:var(--wp--preset--spacing--60);padding-bottom:var(--wp--preset--spacing--20)\">\n<div class=\"wp-block-group has-custom-color-1-background-color has-background has-global-padding is-layout-constrained wp-block-group-is-layout-constrained\" style=\"margin-bottom:var(--wp--preset--spacing--50)\">\n<div class=\"wp-block-group top-slider title-btn has-link-color wp-elements-ae63feffaf5acde3fe742a1c0fefa3e6 is-vertical is-content-justification-left is-nowrap is-layout-flex wp-container-core-group-is-layout-417970ea wp-block-group-is-layout-flex\">\n<h1 class=\"wp-block-heading has-base-2-color has-text-color has-link-color wp-elements-e8355374e7ad2e462bf4a4aed3685bba\">Yelloh! Village benefits <\/h1>\n\n\n\n<p>Nos <a href=\"https:\/\/annecy.geek-tonic.dev\/en\/\" data-type=\"page\" data-id=\"7\">campings Annecy<\/a>  sont heureux de faire partie du groupe d\u2019h\u00f4tellerie de plein air : <strong>Yelloh! Village<\/strong>. \u00c0 travers <a href=\"https:\/\/annecy.geek-tonic.dev\/en\/our-history\/\" data-type=\"page\" data-id=\"12\">son histoire<\/a>, notre groupe familial et ind\u00e9pendant partage des valeurs communes et le sens du service avec Yelloh! Village. Pour rendre vos vacances en Haute-Savoie toujours plus confortables et m\u00e9morables !<br\/><\/p>\n<\/div>\n\n\n\n<div class=\"wp-block-group top-slider title-btn has-link-color wp-elements-add1286ff0230bf9d22614299f5008af is-vertical is-content-justification-left is-nowrap is-layout-flex wp-container-core-group-is-layout-0e29a2b6 wp-block-group-is-layout-flex\" style=\"padding-top:var(--wp--preset--spacing--50)\">\n<div class=\"wp-block-group is-nowrap is-layout-flex wp-container-core-group-is-layout-6c531013 wp-block-group-is-layout-flex\">\n<figure class=\"wp-block-image aligncenter size-large is-resized\"><img decoding=\"async\" src=\"https:\/\/annecy.geek-tonic.dev\/wp-content\/uploads\/2025\/04\/yelloh_logo.svg\" alt=\"yelloh village logo\" class=\"wp-image-9060\" style=\"width:auto;height:120px\"\/><\/figure>\n\n\n\n<h2 class=\"wp-block-heading has-text-align-center has-base-2-color has-text-color has-link-color wp-elements-4b958f59352c2eec842b56af964aae62\">About Yelloh! Village <\/h2>\n<\/div>\n\n\n\n<div class=\"wp-block-columns is-layout-flex wp-container-core-columns-is-layout-416bbe66 wp-block-columns-is-layout-flex\" style=\"margin-top:var(--wp--preset--spacing--30)\">\n<div class=\"wp-block-column is-layout-flow wp-block-column-is-layout-flow\">\n<p class=\"has-text-align-left\">Yelloh! Village is the leading outdoor hotel brand in France and abroad, with an established reputation. Made up of 95 owners of independent 4- and 5-star campsites, all with different ideas to contribute, but united under the same banner, Yelloh! Village is a family of enthusiasts, motivated by creating the best vacations.   <\/p>\n\n\n\n<p class=\"has-text-align-left\">A benchmark brand, Yelloh! Village operates as a chain of franchises, bringing together the best professionals in the sector and establishing itself as the leading network of top-of-the-range campground-hotels. <\/p>\n\n\n\n<p class=\"has-text-align-left\">Yelloh! Village was created by Bernard Sauvaire (owner of La Petite Camargue and Carmargais) in 2000. Bernard got together with the owners of 3 campsites in the south of France to share ideas and become better together.  <\/p>\n<\/div>\n\n\n\n<div class=\"wp-block-column is-layout-flow wp-block-column-is-layout-flow\">\n<p class=\"has-text-align-left\">Each Yelloh! Village campsite has its own character and personality (like all independent campsites), but there&#8217;s one thing they all have in common: their love of customers and their passion for customer service. That&#8217;s what the franchise is all about.    <\/p>\n\n\n\n<p class=\"has-text-align-left\">The idea is to constantly improve the campsites, with new pools and facilities to create the best possible vacation experience at Yelloh! Village campsites. <\/p>\n\n\n\n    <div id=\"gt-fse-lire-plus-1\"\n         class=\"gt-fse-lire-plus\"\n         data-min-height=\"130\"\n         style=\"background-color: #9bbea9;\">\n\n        <input id=\"gt-fse-lire-plus-1-toggle\"\n               type=\"checkbox\"\n               class=\"gt-fse-lire-plus__toggle\" \/>\n\n        <label for=\"gt-fse-lire-plus-1-toggle\"\n               class=\"gt-fse-lire-plus__toggle-label\">\n            <span>Lire plus<\/span>\n            <span>Lire moins<\/span>\n        <\/label>\n\n        <div class=\"gt-fse-lire-plus__content\"\n             style=\"height: 130px;\">\n\n            \n\n<p class=\"has-text-align-left\">Yelloh! Village places the human touch and quality at the top of its list of priorities, and it&#8217;s an ethic we believe we&#8217;ll follow and become part of.<\/p>\n\n\n\n<p class=\"has-text-align-left\">At Campings Annecy, our collaboration with Yelloh! Village will not cause us to lose our identity. We remain independent and can retain the unique personality we&#8217;ve cultivated over the years. <\/p>\n\n\n            <div class=\"gt-fse-lire-plus__gradient\"\n                 style=\"background: linear-gradient(to bottom, rgba(155,190,169,0) 0%, rgba(155,190,169,1) 100%);\"><\/div>\n        <\/div>\n\n    <\/div>\n\n    <\/div>\n<\/div>\n<\/div>\n<\/div>\n<\/section>\n\n<section class=\"wp-block-group home-third home-third-groupe is-layout-flow wp-block-group-is-layout-flow\" style=\"margin-top:-1.5rem\">\n<div class=\"wp-block-group top is-layout-flow wp-block-group-is-layout-flow\">\n<div data-swiper=\"{&quot;speed&quot;:400,&quot;spaceBetween&quot;:16,&quot;slidesPerView&quot;:1,&quot;createElements&quot;:true,&quot;loop&quot;:true,&quot;freemode&quot;:true,&quot;navigation&quot;:{&quot;nextEl&quot;:&quot;buttonNext&quot;,&quot;prevEl&quot;:&quot;buttonPrev&quot;},&quot;breakpoints&quot;:[{&quot;slidesPerView&quot;:1}],&quot;effect&quot;:&quot;fade&quot;,&quot;pagination&quot;:false}\" class=\"wp-block-group gt-is-slider gt-is-slider-desktop is-layout-flow wp-block-group-is-layout-flow\">\n<div data-swiper=\"{&quot;speed&quot;:1000,&quot;autoplay&quot;:{&quot;delay&quot;:5000,&quot;disableOnInteraction&quot;:false},&quot;spaceBetween&quot;:0,&quot;slidesPerView&quot;:1,&quot;pagination&quot;:{&quot;el&quot;:&quot;.swiper-pagination&quot;,&quot;dynamicBullets&quot;:true,&quot;clickable&quot;:true,&quot;type&quot;:&quot;bullets&quot;},&quot;navigation&quot;:{&quot;nextEl&quot;:&quot;.swiper-button-next&quot;,&quot;prevEl&quot;:&quot;.swiper-button-prev&quot;},&quot;breakpoints&quot;:[{&quot;slidesPerView&quot;:1}]}\" class=\"wp-block-cover has-parallax has-custom-content-position is-position-bottom-left\" style=\"min-height:100vh;aspect-ratio:unset;\"><div role=\"img\" aria-label=\"Yelloh! La Ravoire\" class=\"wp-block-cover__image-background wp-image-10086 size-full has-parallax\" style=\"background-position:50% 50%;background-image:url(https:\/\/annecy.geek-tonic.dev\/wp-content\/uploads\/2025\/05\/campign-la-ravoire-annecy.jpg)\"><\/div><span aria-hidden=\"true\" class=\"wp-block-cover__background has-custom-color-8-background-color has-background-dim-40 has-background-dim\"><\/span><div class=\"wp-block-cover__inner-container is-layout-flow wp-block-cover-is-layout-flow\">\n<div class=\"wp-block-group title-btn is-nowrap is-layout-flex wp-container-core-group-is-layout-5c4495dd wp-block-group-is-layout-flex\">\n<p class=\"h1-like has-base-2-color has-text-color has-link-color has-righteous-font-family wp-elements-144a2b0ceee5636c7edb1da95ed68a52\" style=\"font-size:clamp(57.838px, 3.615rem + ((1vw - 3.2px) * 5.054), 120px);font-style:normal;font-weight:400;line-height:0.8;text-transform:uppercase\"><strong>The Charter <\/strong><br\/><strong>Yelloh!<\/strong><\/p>\n<\/div>\n<\/div><\/div>\n\n\n\n<div data-swiper=\"{&quot;speed&quot;:1000,&quot;autoplay&quot;:{&quot;delay&quot;:5000,&quot;disableOnInteraction&quot;:false},&quot;spaceBetween&quot;:0,&quot;slidesPerView&quot;:1,&quot;pagination&quot;:{&quot;el&quot;:&quot;.swiper-pagination&quot;,&quot;dynamicBullets&quot;:true,&quot;clickable&quot;:true,&quot;type&quot;:&quot;bullets&quot;},&quot;navigation&quot;:{&quot;nextEl&quot;:&quot;.swiper-button-next&quot;,&quot;prevEl&quot;:&quot;.swiper-button-prev&quot;},&quot;breakpoints&quot;:[{&quot;slidesPerView&quot;:1}]}\" class=\"wp-block-cover has-parallax has-custom-content-position is-position-bottom-left\" style=\"min-height:100vh;aspect-ratio:unset;\"><div role=\"img\" aria-label=\"serveuse restaurant camping les fontaines\" class=\"wp-block-cover__image-background wp-image-5961 size-full has-parallax\" style=\"background-position:50% 50%;background-image:url(https:\/\/annecy.geek-tonic.dev\/wp-content\/uploads\/2025\/04\/serveuse-restaurant-camping-les-fontaines.jpg)\"><\/div><span aria-hidden=\"true\" class=\"wp-block-cover__background has-custom-color-8-background-color has-background-dim-40 has-background-dim\"><\/span><div class=\"wp-block-cover__inner-container is-layout-flow wp-block-cover-is-layout-flow\">\n<div class=\"wp-block-group title-btn is-nowrap is-layout-flex wp-container-core-group-is-layout-5c4495dd wp-block-group-is-layout-flex\">\n<p class=\"h1-like has-base-2-color has-text-color has-link-color has-righteous-font-family wp-elements-144a2b0ceee5636c7edb1da95ed68a52\" style=\"font-size:clamp(57.838px, 3.615rem + ((1vw - 3.2px) * 5.054), 120px);font-style:normal;font-weight:400;line-height:0.8;text-transform:uppercase\"><strong>The Charter <\/strong><br\/><strong>Yelloh!<\/strong><\/p>\n<\/div>\n<\/div><\/div>\n\n\n\n<div data-swiper=\"{&quot;speed&quot;:1000,&quot;autoplay&quot;:{&quot;delay&quot;:5000,&quot;disableOnInteraction&quot;:false},&quot;spaceBetween&quot;:0,&quot;slidesPerView&quot;:1,&quot;pagination&quot;:{&quot;el&quot;:&quot;.swiper-pagination&quot;,&quot;dynamicBullets&quot;:true,&quot;clickable&quot;:true,&quot;type&quot;:&quot;bullets&quot;},&quot;navigation&quot;:{&quot;nextEl&quot;:&quot;.swiper-button-next&quot;,&quot;prevEl&quot;:&quot;.swiper-button-prev&quot;},&quot;breakpoints&quot;:[{&quot;slidesPerView&quot;:1}]}\" class=\"wp-block-cover has-parallax has-custom-content-position is-position-bottom-left\" style=\"min-height:100vh;aspect-ratio:unset;\"><div role=\"img\" aria-label=\"toboggans aquatiques\" class=\"wp-block-cover__image-background wp-image-4292 size-full has-parallax\" style=\"background-position:50% 50%;background-image:url(https:\/\/annecy.geek-tonic.dev\/wp-content\/uploads\/2025\/04\/toboggans-aquatiques.jpg)\"><\/div><span aria-hidden=\"true\" class=\"wp-block-cover__background has-custom-color-8-background-color has-background-dim-40 has-background-dim\"><\/span><div class=\"wp-block-cover__inner-container is-layout-flow wp-block-cover-is-layout-flow\">\n<div class=\"wp-block-group title-btn is-nowrap is-layout-flex wp-container-core-group-is-layout-5c4495dd wp-block-group-is-layout-flex\">\n<p class=\"h1-like has-base-2-color has-text-color has-link-color has-righteous-font-family wp-elements-144a2b0ceee5636c7edb1da95ed68a52\" style=\"font-size:clamp(57.838px, 3.615rem + ((1vw - 3.2px) * 5.054), 120px);font-style:normal;font-weight:400;line-height:0.8;text-transform:uppercase\"><strong>The Charter <\/strong><br\/><strong>Yelloh!<\/strong><\/p>\n<\/div>\n<\/div><\/div>\n<\/div>\n\n\n\n<div class=\"wp-block-group bottom-slider-text has-link-color wp-elements-efa616cb6864d9ee2e30e912add73496 has-global-padding is-layout-constrained wp-block-group-is-layout-constrained\">\n<p class=\"has-base-2-color has-text-color has-link-color wp-elements-671981601a9fcb93c7527e1a1bf03d50\">When you choose a campsite with Yelloh! Village, you can choose your camping destination in the knowledge that you&#8217;ll receive the same high-quality service and amenities. <\/p>\n\n\n\n<p class=\"has-base-2-color has-text-color has-link-color wp-elements-bf4b844db6f8d80f972529dd68146fb9\">Our 3 campsites will have to adhere to the Yelloh! charter of excellence, which means you are guaranteed a quality experience and we will be audited annually to ensure we adhere to the high standards of the Yelloh! charter.   <\/p>\n\n\n\n<p class=\"has-base-2-color has-text-color has-link-color wp-elements-1a6af8b9a7374e451e447fec6fb1ce7a\">Sharing the same human and qualitative values. For us at Campings Annecy, joining the Yelloh! family was an obvious choice.    <\/p>\n\n\n\n<p class=\"has-base-2-color has-text-color has-link-color wp-elements-3eda6652224c20dac92e1cdf02dd8127\">As specialists and guarantors of quality, we can rely on their expertise while retaining our cherished identity. Because we love your smiles, we&#8217;re proud to have become the artisans of your happiness! <\/p>\n<\/div>\n<\/div>\n<\/section>\n\n<section class=\"wp-block-group page-maillage page-maillage-groupe has-global-padding is-layout-constrained wp-container-core-group-is-layout-9ec0d898 wp-block-group-is-layout-constrained\" style=\"margin-top:var(--wp--preset--spacing--30);margin-bottom:var(--wp--preset--spacing--50);padding-top:var(--wp--preset--spacing--50);padding-right:var(--wp--preset--spacing--50);padding-bottom:var(--wp--preset--spacing--40);padding-left:var(--wp--preset--spacing--50)\">\n<div class=\"wp-block-columns is-layout-flex wp-container-core-columns-is-layout-28f84493 wp-block-columns-is-layout-flex\">\n<div class=\"wp-block-column is-vertically-aligned-center is-layout-flow wp-block-column-is-layout-flow\">\n<div class=\"wp-block-group compo-title has-global-padding is-content-justification-right is-layout-constrained wp-container-core-group-is-layout-f1f2ed93 wp-block-group-is-layout-constrained\">\n<h2 class=\"wp-block-heading has-custom-color-2-color has-text-color has-link-color wp-elements-9c7bf59bc4493cbe4499f97753ff2c51\" style=\"text-transform:uppercase\">Mobile application at the campsite: all the services<\/h2>\n<\/div>\n\n\n\n<div class=\"wp-block-group is-nowrap is-layout-flex wp-container-core-group-is-layout-6c531013 wp-block-group-is-layout-flex\">\n<figure class=\"wp-block-image aligncenter size-medium is-resized\"><img loading=\"lazy\" decoding=\"async\" width=\"937\" height=\"937\" src=\"https:\/\/annecy.geek-tonic.dev\/wp-content\/uploads\/2025\/05\/application-mobile.svg\" alt=\"mobile application\" class=\"wp-image-10093\" style=\"width:250px\"\/><\/figure>\n\n\n\n<p class=\"has-custom-color-2-color has-text-color has-link-color wp-elements-a02286a82b54bc3f34e4c7d2fcc983bf\" style=\"padding-top:var(--wp--preset--spacing--20)\">Download  <strong>the Yelloh! Village application <\/strong>  on your phone to get all the information you need about our campsites. Available on ios in the app store and Android in the Google play store, our application is an integral part of your stay at our Yelloh! Village campsites.    <\/p>\n<\/div>\n\n\n\n<div class=\"wp-block-group is-content-justification-left is-nowrap is-layout-flex wp-container-core-group-is-layout-fc9f69e7 wp-block-group-is-layout-flex\">\n<figure class=\"wp-block-image size-full\"><a href=\"https:\/\/apps.apple.com\/fr\/app\/camping-yelloh-village\/id720666338\" target=\"_blank\" rel=\" noopener\"><img decoding=\"async\" src=\"https:\/\/annecy.geek-tonic.dev\/wp-content\/uploads\/2025\/04\/apple.png\" alt=\"apple\" class=\"wp-image-9106\"\/><\/a><\/figure>\n\n\n\n<figure class=\"wp-block-image size-full\"><a href=\"https:\/\/play.google.com\/store\/apps\/details?id=fr.yellohvillage.application\" target=\"_blank\" rel=\" noopener\"><img decoding=\"async\" src=\"https:\/\/annecy.geek-tonic.dev\/wp-content\/uploads\/2025\/04\/google.png\" alt=\"google\" class=\"wp-image-9102\" style=\"object-fit:cover\"\/><\/a><\/figure>\n<\/div>\n<\/div>\n\n\n\n<div class=\"wp-block-column is-layout-flow wp-block-column-is-layout-flow\" style=\"flex-basis:5%\"><\/div>\n\n\n\n<div class=\"wp-block-column right is-layout-flow wp-block-column-is-layout-flow\">\n<div class=\"wp-block-group compo-title has-global-padding is-content-justification-right is-layout-constrained wp-container-core-group-is-layout-f1f2ed93 wp-block-group-is-layout-constrained\">\n<h2 class=\"wp-block-heading has-custom-color-2-color has-text-color has-link-color wp-elements-bf6fcdb12a45a0b1a58c1615c4db76a1\" style=\"text-transform:uppercase\">Join the Yelloh! Village loyalty program <\/h2>\n<\/div>\n\n\n\n<div class=\"wp-block-group is-nowrap is-layout-flex wp-container-core-group-is-layout-6c531013 wp-block-group-is-layout-flex\">\n<figure class=\"wp-block-image aligncenter size-medium is-resized\"><img loading=\"lazy\" decoding=\"async\" width=\"682\" height=\"682\" src=\"https:\/\/annecy.geek-tonic.dev\/wp-content\/uploads\/2025\/05\/fidelite-du-consommateur.svg\" alt=\"yelloh loyalty program\" class=\"wp-image-10113\" style=\"width:220px\"\/><\/figure>\n\n\n\n<p class=\"has-custom-color-2-color has-text-color has-link-color wp-elements-a477695f64acc331d258d911e6867040\" style=\"padding-top:var(--wp--preset--spacing--20)\">Visit  <strong>free Yelloh! Village loyalty program <\/strong>  earn free nights in low season! To find out more, visit   <a href=\"https:\/\/www.yellohvillage.co.uk\/loyalty_program\/yelloh_plus_loyalty_program\" target=\"_blank\" rel=\"noopener nofollow\">Yelloh! Village website <\/a>  or at reception.<\/p>\n<\/div>\n<\/div>\n<\/div>\n<\/section>\n\n<section class=\"wp-block-group page-maillage page-maillage-groupe has-global-padding is-layout-constrained wp-container-core-group-is-layout-3cd9d75d wp-block-group-is-layout-constrained\" style=\"margin-top:var(--wp--preset--spacing--30);margin-bottom:var(--wp--preset--spacing--50);padding-top:var(--wp--preset--spacing--10);padding-right:var(--wp--preset--spacing--50);padding-bottom:var(--wp--preset--spacing--30);padding-left:var(--wp--preset--spacing--50)\">\n<h2 class=\"wp-block-heading has-custom-color-2-color has-text-color has-link-color wp-elements-fc36a4e4416ff780f4df42d98a6f8fbf\" style=\"margin-right:0;margin-left:0\">Discover now our 3 campsites<\/h2>\n\n\n\n<div data-wp-context=\"{}\" data-wp-interactive=\"core\/query\" data-wp-key=\"9\" data-wp-router-region=\"query-9\" class=\"wp-block-query alignwide gt-fse-maillage-query is-layout-flow wp-block-query-is-layout-flow\"><ul class=\"wp-block-post-template is-layout-flow wp-block-post-template-is-layout-flow\"><li data-wp-key=\"post-template-item-56147\" class=\"wp-block-post post-56147 page type-page status-publish has-post-thumbnail hentry\">\n<figure class=\"wp-block-post-featured-image\"><img loading=\"lazy\" decoding=\"async\" width=\"2000\" height=\"1334\" src=\"https:\/\/annecy.geek-tonic.dev\/wp-content\/uploads\/2025\/04\/camping-laravoire-annecy.jpg\" class=\"attachment-post-thumbnail size-post-thumbnail wp-post-image\" alt=\"camping laravoire annecy\" style=\"object-fit:cover;\" srcset=\"https:\/\/annecy.geek-tonic.dev\/wp-content\/uploads\/2025\/04\/camping-laravoire-annecy.jpg 2000w, https:\/\/annecy.geek-tonic.dev\/wp-content\/uploads\/2025\/04\/camping-laravoire-annecy-300x200.jpg 300w, https:\/\/annecy.geek-tonic.dev\/wp-content\/uploads\/2025\/04\/camping-laravoire-annecy-1024x683.jpg 1024w, https:\/\/annecy.geek-tonic.dev\/wp-content\/uploads\/2025\/04\/camping-laravoire-annecy-768x512.jpg 768w, https:\/\/annecy.geek-tonic.dev\/wp-content\/uploads\/2025\/04\/camping-laravoire-annecy-1536x1025.jpg 1536w\" sizes=\"auto, (max-width: 2000px) 100vw, 2000px\" \/><\/figure>\n\n\n<p class=\"savoir-plus has-base-2-color has-text-color has-link-color has-righteous-font-family wp-elements-226dcd23bdc3b34071f287f3f8c30cbd\" style=\"font-size:clamp(20.515px, 1.282rem + ((1vw - 3.2px) * 1.015), 33px);text-transform:uppercase\">Read more<\/p>\n\n\n\n<p class=\"maillage-title has-custom-color-2-color has-text-color has-link-color has-righteous-font-family wp-elements-6cdc0522349b0516acdb9d65335ee8bb\" style=\"font-size:clamp(20.515px, 1.282rem + ((1vw - 3.2px) * 1.015), 33px);text-transform:uppercase\">La Ravoire<\/p>\n\n\n<a class=\"is-style-lien-cover wp-block-read-more\" href=\"https:\/\/annecy.geek-tonic.dev\/en\/la-ravoire\/\" target=\"_self\">Read more<span class=\"screen-reader-text\">: LA RAVOIRE (R)<\/span><\/a>\n<\/li><li data-wp-key=\"post-template-item-29408\" class=\"wp-block-post post-29408 page type-page status-publish has-post-thumbnail hentry\">\n<figure class=\"wp-block-post-featured-image\"><img loading=\"lazy\" decoding=\"async\" width=\"900\" height=\"600\" src=\"https:\/\/annecy.geek-tonic.dev\/wp-content\/uploads\/2025\/04\/les-fontaines-lathuile_1.jpg\" class=\"attachment-post-thumbnail size-post-thumbnail wp-post-image\" alt=\"camping les fontaines lathuile\" style=\"object-fit:cover;\" srcset=\"https:\/\/annecy.geek-tonic.dev\/wp-content\/uploads\/2025\/04\/les-fontaines-lathuile_1.jpg 900w, https:\/\/annecy.geek-tonic.dev\/wp-content\/uploads\/2025\/04\/les-fontaines-lathuile_1-300x200.jpg 300w, https:\/\/annecy.geek-tonic.dev\/wp-content\/uploads\/2025\/04\/les-fontaines-lathuile_1-768x512.jpg 768w\" sizes=\"auto, (max-width: 900px) 100vw, 900px\" \/><\/figure>\n\n\n<p class=\"savoir-plus has-base-2-color has-text-color has-link-color has-righteous-font-family wp-elements-226dcd23bdc3b34071f287f3f8c30cbd\" style=\"font-size:clamp(20.515px, 1.282rem + ((1vw - 3.2px) * 1.015), 33px);text-transform:uppercase\">Read more<\/p>\n\n\n\n<p class=\"maillage-title has-custom-color-2-color has-text-color has-link-color has-righteous-font-family wp-elements-6cdc0522349b0516acdb9d65335ee8bb\" style=\"font-size:clamp(20.515px, 1.282rem + ((1vw - 3.2px) * 1.015), 33px);text-transform:uppercase\">Les Fontaines<\/p>\n\n\n<a class=\"is-style-lien-cover wp-block-read-more\" href=\"https:\/\/annecy.geek-tonic.dev\/en\/les-fontaines\/\" target=\"_self\">Read more<span class=\"screen-reader-text\">: LES FONTAINES (F)<\/span><\/a>\n<\/li><li data-wp-key=\"post-template-item-56270\" class=\"wp-block-post post-56270 page type-page status-publish has-post-thumbnail hentry\">\n<figure class=\"wp-block-post-featured-image\"><img loading=\"lazy\" decoding=\"async\" width=\"1000\" height=\"562\" src=\"https:\/\/annecy.geek-tonic.dev\/wp-content\/uploads\/2025\/04\/camping-lo-velajo.jpg\" class=\"attachment-post-thumbnail size-post-thumbnail wp-post-image\" alt=\"camping lo velajo\" style=\"object-fit:cover;\" srcset=\"https:\/\/annecy.geek-tonic.dev\/wp-content\/uploads\/2025\/04\/camping-lo-velajo.jpg 1000w, https:\/\/annecy.geek-tonic.dev\/wp-content\/uploads\/2025\/04\/camping-lo-velajo-300x169.jpg 300w, https:\/\/annecy.geek-tonic.dev\/wp-content\/uploads\/2025\/04\/camping-lo-velajo-768x432.jpg 768w\" sizes=\"auto, (max-width: 1000px) 100vw, 1000px\" \/><\/figure>\n\n\n<p class=\"savoir-plus has-base-2-color has-text-color has-link-color has-righteous-font-family wp-elements-226dcd23bdc3b34071f287f3f8c30cbd\" style=\"font-size:clamp(20.515px, 1.282rem + ((1vw - 3.2px) * 1.015), 33px);text-transform:uppercase\">Read more<\/p>\n\n\n\n<p class=\"maillage-title has-custom-color-2-color has-text-color has-link-color has-righteous-font-family wp-elements-6cdc0522349b0516acdb9d65335ee8bb\" style=\"font-size:clamp(20.515px, 1.282rem + ((1vw - 3.2px) * 1.015), 33px);text-transform:uppercase\">Lo Vel\u00e2jo<\/p>\n\n\n<a class=\"is-style-lien-cover wp-block-read-more\" href=\"https:\/\/annecy.geek-tonic.dev\/en\/lo-velajo\/\" target=\"_self\">Read more<span class=\"screen-reader-text\">: LO VELAJO (V)<\/span><\/a>\n<\/li><\/ul><\/div>\n<\/section>\n","protected":false},"excerpt":{"rendered":"<p>Yelloh! Village benefits Nos campings Annecy sont heureux de faire partie du groupe d\u2019h\u00f4tellerie de plein air : Yelloh! Village. \u00c0 travers son histoire, notre groupe familial et ind\u00e9pendant partage des valeurs communes et le sens du service avec Yelloh! Village. Pour rendre vos vacances en Haute-Savoie toujours plus confortables et m\u00e9morables ! About Yelloh! [&hellip;]<\/p>\n","protected":false},"author":1,"featured_media":5505,"parent":0,"menu_order":0,"comment_status":"closed","ping_status":"closed","template":"","meta":{"_acf_changed":false,"_seopress_robots_primary_cat":"","_seopress_titles_title":"Take advantage of Yelloh! Village benefits at our campsites ","_seopress_titles_desc":"Enjoy an unforgettable stay in Haute-Savoie with Yelloh! Village. Comfort, personalized service and a loyalty program await you.  ","_seopress_robots_index":"","inline_featured_image":false,"gt_fse_maillage_image":"https:\/\/annecy.geek-tonic.dev\/wp-content\/uploads\/2025\/04\/allee-camping-les-fontaines-haute-savoie.jpg","gt_fse_maillage_titre":"Yelloh! village","gt_fse_maillage_alt":"Yelloh! village","gt_fse_maillage_resume":"","footnotes":""},"categories":[],"tags":[],"class_list":["post-31316","page","type-page","status-publish","has-post-thumbnail","hentry"],"acf":[],"_links":{"self":[{"href":"https:\/\/annecy.geek-tonic.dev\/en\/wp-json\/wp\/v2\/pages\/31316","targetHints":{"allow":["GET"]}}],"collection":[{"href":"https:\/\/annecy.geek-tonic.dev\/en\/wp-json\/wp\/v2\/pages"}],"about":[{"href":"https:\/\/annecy.geek-tonic.dev\/en\/wp-json\/wp\/v2\/types\/page"}],"author":[{"embeddable":true,"href":"https:\/\/annecy.geek-tonic.dev\/en\/wp-json\/wp\/v2\/users\/1"}],"replies":[{"embeddable":true,"href":"https:\/\/annecy.geek-tonic.dev\/en\/wp-json\/wp\/v2\/comments?post=31316"}],"version-history":[{"count":9,"href":"https:\/\/annecy.geek-tonic.dev\/en\/wp-json\/wp\/v2\/pages\/31316\/revisions"}],"predecessor-version":[{"id":54795,"href":"https:\/\/annecy.geek-tonic.dev\/en\/wp-json\/wp\/v2\/pages\/31316\/revisions\/54795"}],"wp:featuredmedia":[{"embeddable":true,"href":"https:\/\/annecy.geek-tonic.dev\/en\/wp-json\/wp\/v2\/media\/5505"}],"wp:attachment":[{"href":"https:\/\/annecy.geek-tonic.dev\/en\/wp-json\/wp\/v2\/media?parent=31316"}],"wp:term":[{"taxonomy":"category","embeddable":true,"href":"https:\/\/annecy.geek-tonic.dev\/en\/wp-json\/wp\/v2\/categories?post=31316"},{"taxonomy":"post_tag","embeddable":true,"href":"https:\/\/annecy.geek-tonic.dev\/en\/wp-json\/wp\/v2\/tags?post=31316"}],"curies":[{"name":"wp","href":"https:\/\/api.w.org\/{rel}","templated":true}]}}