{"id":29517,"date":"2025-03-24T14:39:18","date_gmt":"2025-03-24T13:39:18","guid":{"rendered":"https:\/\/annecy.geek-tonic.dev\/privacybeleid\/"},"modified":"2025-07-07T11:13:02","modified_gmt":"2025-07-07T09:13:02","slug":"privacybeleid","status":"publish","type":"page","link":"https:\/\/annecy.geek-tonic.dev\/nl\/privacybeleid\/","title":{"rendered":"Privacybeleid"},"content":{"rendered":"\n<div class=\"wp-block-group home-one home-one-groupe has-base-2-color has-custom-color-1-background-color has-text-color has-background has-link-color wp-elements-147d6f785b0705e52a40f2041ae08d16 has-global-padding is-content-justification-left is-layout-constrained wp-container-core-group-is-layout-cefa7fa6 wp-block-group-is-layout-constrained\" style=\"border-top-left-radius:30px;border-top-right-radius:30px;margin-top:-1.5em;padding-top:var(--wp--preset--spacing--60);padding-bottom:var(--wp--preset--spacing--60)\">\n<div class=\"wp-block-group top-slider title-btn has-custom-color-1-background-color has-background is-nowrap is-layout-flex wp-container-core-group-is-layout-5c4495dd wp-block-group-is-layout-flex\">\n<h1 class=\"wp-block-heading has-base-2-color has-text-color has-link-color wp-elements-b596672e8868e8bf50817e55d3eedc44\">PRIVACYBELEID<\/h1>\n<\/div>\n\n\n\n<p class=\"bottom\" style=\"margin-top:0rem\">Dit Privacybeleid beschrijft de persoonlijke gegevens die worden verzameld of gegenereerd (verwerkt) wanneer u de website gebruikt. Dit privacybeleid beschrijft de soorten persoonlijke gegevens die worden verzameld wanneer u onze website gebruikt en hoe uw persoonlijke gegevens worden gebruikt, gedeeld en beschermd. Ook wordt uitgelegd welke keuzes u hebt met betrekking tot uw persoonlijke gegevens en hoe u contact met ons kunt opnemen.  <\/p>\n\n\n\n<h2 class=\"wp-block-heading has-text-align-left montagne has-custom-color-2-color has-text-color\">Inhoudsopgave<\/h2>\n\n\n\n<ul style=\"text-decoration:underline\" class=\"wp-block-list ls-list ls-list-undefined has-base-2-color has-text-color has-link-color wp-elements-ad24f7954433c8359147a3dfc707d487\">\n<li class=\"has-base-2-color has-text-color has-link-color wp-elements-ee25c2f744777804d8872f41d78ec782\"><a href=\"#gdpr-1\">Wie zijn wij?<\/a><\/li>\n\n\n\n<li class=\"has-base-2-color has-text-color has-link-color wp-elements-0fd78d4f18515f281040e508ea40c0b6\"><a href=\"#gdpr-2\">Gebruik van verzamelde persoonlijke gegevens<\/a><\/li>\n\n\n\n<li class=\"has-base-2-color has-text-color has-link-color wp-elements-d0a715238593414ea491990f1e180649\"><a href=\"#gdpr-3\">Reacties<\/a><\/li>\n\n\n\n<li class=\"has-base-2-color has-text-color has-link-color wp-elements-ba429a2ebce029ec950c3deb3de43922\"><a href=\"#gdpr-4\">Media<\/a><\/li>\n\n\n\n<li class=\"has-base-2-color has-text-color has-link-color wp-elements-2820e4386f09428293cf94c5e923ea71\"><a href=\"#gdpr-5\">Contactformulieren<\/a><\/li>\n\n\n\n<li class=\"has-base-2-color has-text-color has-link-color wp-elements-741cb131da098206b3da073339570238\"><a href=\"#gdpr-6\">Gebruik van cookies<\/a><\/li>\n\n\n\n<li class=\"has-base-2-color has-text-color has-link-color wp-elements-79b728613f772c514a71f8146d21454c\"><a href=\"#gdpr-7\">Statistieken en publieksmeting<\/a><\/li>\n\n\n\n<li class=\"has-base-2-color has-text-color has-link-color wp-elements-87199beddbdbd6969d9c69dbbb40d33c\"><a href=\"https:\/\/www.camping-taranis.fr\/politique-de-confidentialite\/#gdpr-8\">Bewaartermijnen voor uw gegevens<\/a><\/li>\n\n\n\n<li class=\"has-base-2-color has-text-color has-link-color wp-elements-6524d98c628c866af2eb017f2bb3e34d\"><a href=\"#gdpr-9\">De rechten die u hebt over uw gegevens<\/a><\/li>\n\n\n\n<li class=\"has-base-2-color has-text-color has-link-color wp-elements-77f222c8619b06f758a0b0ebddee4e2e\"><a href=\"#gdpr-10\">Overdracht van uw persoonlijke gegevens<\/a><\/li>\n\n\n\n<li class=\"has-base-2-color has-text-color has-link-color wp-elements-cb36ddf7c2f238c9cbb4a098f601996b\"><a href=\"#gdpr-11\">Hoe we uw gegevens beschermen<\/a><\/li>\n\n\n\n<li class=\"has-base-2-color has-text-color has-link-color wp-elements-5998a49b5b4fe452201d6a95aef7c296\"><a href=\"#gdpr-12\">Contactgegevens<\/a><\/li>\n<\/ul>\n\n\n\n<h2 class=\"wp-block-heading montagne has-custom-color-2-color has-text-color\" id=\"gdpr-1\">Wie zijn wij?<\/h2>\n\n\n\n<p class=\"ls-paragraph\">Lees alles over ons op de pagina <a href=\"https:\/\/annecy.geek-tonic.dev\/nl\/juridische-informatie\/\" data-type=\"page\" data-id=\"3297\">met juridische informatie<\/a>.<\/p>\n\n\n\n<h2 class=\"wp-block-heading montagne has-custom-color-2-color has-text-color\" id=\"gdpr-2\">Gebruik van verzamelde persoonlijke gegevens<\/h2>\n\n\n\n<p class=\"ls-paragraph\">We verzamelen automatisch en rechtstreeks geen gegevens over jou.<\/p>\n\n\n\n<p class=\"ls-paragraph\">Desondanks kunnen we informatie, waaronder persoonlijke informatie, van derden verzamelen (zie het gedeelte <a href=\"#gdpr-5\" data-type=\"internal\" data-id=\"#gdpr-5\">Cookies<\/a>).<\/p>\n\n\n\n<h2 class=\"wp-block-heading montagne has-custom-color-2-color has-text-color\" id=\"gdpr-3\">Reacties<\/h2>\n\n\n\n<p class=\"ls-paragraph\">Wanneer u een reactie achterlaat op onze website, worden de gegevens die u hebt ingevuld in het reactieformulier, uw IP-adres en de user-agent van uw browser verzameld om ons te helpen ongewenste reacties op te sporen.<\/p>\n\n\n\n<p class=\"ls-paragraph\">Een geanonimiseerde tekenreeks die is gemaakt van je e-mailadres (ook bekend als een hash) kan naar de Gravatar-service worden gestuurd om te controleren of je deze gebruikt. De vertrouwelijkheidsclausules van de Gravatar-service zijn beschikbaar <a href=\"https:\/\/automattic.com\/privacy\/\">op https:\/\/automattic.com\/privacy\/.<\/a> Zodra je commentaar is gevalideerd, is je profielfoto openbaar zichtbaar naast je commentaar.  <\/p>\n\n\n\n<h2 class=\"wp-block-heading montagne has-custom-color-2-color has-text-color\" id=\"gdpr-4\">Media<\/h2>\n\n\n\n<p class=\"ls-paragraph\">Als je een geregistreerde gebruiker bent en afbeeldingen uploadt naar de website, raden we je aan om geen afbeeldingen te uploaden met EXIF-gegevens van GPS-co\u00f6rdinaten. Bezoekers van uw website kunnen locatiegegevens van deze afbeeldingen downloaden en extraheren. <\/p>\n\n\n\n<h2 class=\"wp-block-heading montagne has-custom-color-2-color has-text-color\" id=\"gdpr-5\">Contactformulieren<\/h2>\n\n\n\n<p class=\"ls-paragraph\">U kunt ervoor kiezen om ons informatie te verstrekken wanneer u een formulier invult. Deze informatie wordt per e-mail naar ons verzonden en wordt niet opgeslagen, behalve op onze e-mailservice; de informatie wordt uitsluitend gebruikt om op uw verzoek te reageren. Als informatie waarschijnlijk voor commerci\u00eble doeleinden zal worden gebruikt, zal dit aan het einde van het formulier worden aangegeven. We zullen altijd uw toestemming vragen als we informatie verzamelen via een formulier.  <\/p>\n\n\n\n<h2 class=\"wp-block-heading montagne has-custom-color-2-color has-text-color\" id=\"gdpr-6\">Gebruik van cookies<\/h2>\n\n\n\n<p class=\"ls-paragraph\"><strong>Wat is een koekje?<\/strong><br\/>Een cookie is een klein gegevensbestand dat wordt overgebracht naar en opgeslagen op uw apparaat. Praktisch gezien stelt een cookie ons in staat om bijvoorbeeld uw browser en taal te herkennen of uw voorkeuren op te slaan.<br\/>Op onze site worden twee soorten cookies gebruikt: \u201csessiecookies\u201d en \u201cpermanente cookies\u201d. Sessiecookies verlopen wanneer u uw browser afsluit, terwijl permanente cookies op uw apparaat blijven nadat uw browser is afgesloten en opnieuw kunnen worden gebruikt wanneer u onze site de volgende keer bezoekt.  <\/p>\n\n\n\n<p class=\"ls-paragraph\">Ga voor meer informatie naar <a href=\"https:\/\/allaboutcookies.org\/fr\" data-type=\"link\" data-id=\"https:\/\/allaboutcookies.org\/fr\">allaboutcookies.org<\/a>.<\/p>\n\n\n\n<p class=\"ls-paragraph\"><strong>Onze cookies<\/strong><\/p>\n\n\n\n<p class=\"ls-paragraph\">Als u een reactie achterlaat op onze site, wordt u gevraagd om uw naam, e-mailadres en website op te slaan in cookies. Dit is puur voor uw gemak, zodat u deze informatie niet opnieuw hoeft in te voeren als u later nog eens een reactie achterlaat. Deze cookies verlopen na een jaar.  <\/p>\n\n\n\n<p class=\"ls-paragraph\">Als u een account hebt en inlogt op deze site, wordt er een tijdelijk cookie aangemaakt om te bepalen of uw browser cookies accepteert. Het bevat geen persoonlijke gegevens en wordt automatisch verwijderd wanneer u uw browser afsluit. <\/p>\n\n\n\n<p class=\"ls-paragraph\">Wanneer u inlogt, stellen we een aantal cookies in om uw inloggegevens en schermvoorkeuren vast te leggen. De levensduur van een verbindingscookie is twee dagen, die van een schermoptiecookie is een jaar. Als u \u201cOnthoud mij\u201d aanvinkt, wordt uw verbindingscookie twee weken bewaard. Als u zich afmeldt bij uw account, wordt de aanmeldingscookie verwijderd.   <\/p>\n\n\n\n<p class=\"ls-paragraph\">Wanneer u een artikel aanpast of publiceert, wordt er een extra cookie opgeslagen in uw browser. Deze cookie bevat geen persoonlijke gegevens. Het geeft alleen de identificatiecode aan van het artikel dat u zojuist hebt gewijzigd. Het vervalt na \u00e9\u00e9n dag.   <\/p>\n\n\n\n<p class=\"ls-paragraph\"><strong>Cookies van derden<\/strong><\/p>\n\n\n\n<p class=\"ls-paragraph\">Artikelen op deze site kunnen ingesloten inhoud bevatten (bijv. video&#8217;s, afbeeldingen, artikelen, enz.). Ingesloten inhoud van andere sites gedraagt zich op dezelfde manier alsof de bezoeker die andere site bezoekt. <\/p>\n\n\n\n<p class=\"ls-paragraph\">Deze websites kunnen gegevens over u verzamelen, cookies gebruiken, trackingtools van derden insluiten en uw interacties met deze ingesloten inhoud bijhouden als u een account hebt op hun website.<\/p>\n\n\n\n<p class=\"ls-paragraph\">We kunnen bepaalde commerci\u00eble partners toestemming geven om technologie\u00ebn op onze site te installeren. Deze partners gebruiken deze technologie\u00ebn om ons te helpen analyseren hoe u de site gebruikt, bijvoorbeeld door de diensten van derden te noteren via welke u op het Platform bent aangekomen, om onze diensten op onze site en op websites van derden te marketen en te promoten, om ons te helpen fraude op te sporen en te voorkomen of risicobeoordelingen uit te voeren, of om informatie te verzamelen over uw activiteiten op de website. <\/p>\n\n\n\n<p class=\"ls-paragraph\">Onze website kan gebruik maken van sociale plugins die worden geleverd en beheerd door derden, zoals de \u201cVind ik leuk\u201d-knop van Facebook. Hierdoor kunt u de derde partij informatie sturen die u in een bepaald gedeelte van onze site bekijkt. Als u niet bent ingelogd op uw account bij de derde partij, weet de derde partij niet wie u bent. Als u bent ingelogd op uw account bij de derde partij, dan kan de derde partij informatie of acties met betrekking tot uw interacties met onze site koppelen aan uw account bij de derde partij. Raadpleeg het privacybeleid van de derde partij voor meer informatie over hun gegevenspraktijken.    <\/p>\n\n\n\n<p class=\"ls-paragraph\">De lijst met cookies van derden die op deze site worden gebruikt, is beschikbaar via het <a href=\"#moove_gdpr_cookie_modal\">paneel voor cookiebeheer<\/a>.<\/p>\n\n\n\n<h2 class=\"wp-block-heading montagne has-custom-color-2-color has-text-color\" id=\"gdpr-7\">Statistieken en publieksmeting<\/h2>\n\n\n\n<p class=\"ls-paragraph\">Op het gebied van analyse gebruiken we Google Analytics om informatie te verkrijgen over het gebruik van onze website om deze te verbeteren. Dit kan worden uitgeschakeld via het <a href=\"#moove_gdpr_cookie_modal\">paneel voor cookiebeheer<\/a>. <\/p>\n\n\n\n<p class=\"ls-paragraph\">Om te voorkomen dat Google Analytics uw informatie gebruikt voor analysedoeleinden, kunt u ook de Google Analytics deactiveringsbrowser add-on installeren door <a href=\"https:\/\/tools.google.com\/dlpage\/gaoptout\" rel=\"noopener\" target=\"_blank\">hier<\/a> te klikken. Houd er rekening mee dat we geen controle hebben over deze deactiveringslink en niet verantwoordelijk zijn voor de beschikbaarheid of nauwkeurigheid van dit mechanisme. Raadpleeg <a href=\"https:\/\/support.google.com\/analytics\/answer\/6004245\" rel=\"noopener\" target=\"_blank\">deze documentatie<\/a> voor meer informatie.  <\/p>\n\n\n\n<h2 class=\"wp-block-heading montagne has-custom-color-2-color has-text-color\" id=\"gdpr-8\">Bewaartermijnen voor uw gegevens<\/h2>\n\n\n\n<p class=\"ls-paragraph\">Als je een commentaar achterlaat, worden het commentaar en de metagegevens voor onbepaalde tijd bewaard. Hierdoor worden volgende opmerkingen automatisch herkend en goedgekeurd in plaats van dat ze in de wachtrij voor moderatie blijven staan. <\/p>\n\n\n\n<p class=\"ls-paragraph\">Voor gebruikers die zich op onze site registreren (waar mogelijk), slaan we ook de persoonlijke gegevens op die in hun profiel worden vermeld. Alle gebruikers kunnen hun persoonlijke gegevens op elk moment bekijken, wijzigen of verwijderen (met uitzondering van hun gebruikersnaam). Sitebeheerders kunnen deze informatie ook bekijken en wijzigen.  <\/p>\n\n\n\n<h2 class=\"wp-block-heading montagne has-custom-color-2-color has-text-color\" id=\"gdpr-9\">De rechten die u hebt over uw gegevens<\/h2>\n\n\n\n<p class=\"ls-paragraph\">Als u een account hebt of als u reacties hebt achtergelaten op de site, kunt u verzoeken om een bestand te ontvangen met alle persoonlijke gegevens die wij over u hebben, inclusief de gegevens die u aan ons hebt verstrekt. U kunt ook verzoeken om verwijdering van uw persoonlijke gegevens. Dit geldt niet voor gegevens die zijn opgeslagen voor administratieve, juridische of beveiligingsdoeleinden.  <\/p>\n\n\n\n<h2 class=\"wp-block-heading montagne has-custom-color-2-color has-text-color\" id=\"gdpr-10\">Overdracht van uw persoonlijke gegevens<\/h2>\n\n\n\n<p class=\"ls-paragraph\">De commentaren van bezoekers kunnen worden gecontroleerd met behulp van een geautomatiseerde dienst om ongewenste commentaren op te sporen<br\/>Alle persoonlijke gegevens die wij verwerken, worden binnen de Europese Unie verwerkt.<\/p>\n\n\n\n<h2 class=\"wp-block-heading montagne has-custom-color-2-color has-text-color\" id=\"gdpr-11\">Hoe we uw gegevens beschermen<\/h2>\n\n\n\n<p class=\"ls-paragraph\">We implementeren en actualiseren voortdurend de <strong>beveiliging<\/strong> van onze site om je gegevens te beschermen tegen ongeoorloofde toegang, verlies, vernietiging of wijziging. We doen er dan ook alles aan om je gegevens zo onkwetsbaar mogelijk te maken. Aangezien het internet geen 100% veilige omgeving is, kunnen we de veiligheid van de overdracht of opslag van je informatie niet volledig garanderen.  <\/p>\n\n\n\n<h2 class=\"wp-block-heading montagne has-custom-color-2-color has-text-color\" id=\"gdpr-12\">Contactgegevens<\/h2>\n\n\n\n<p class=\"ls-paragraph\">Als u verzoeken of vragen hebt over uw persoonlijke gegevens, neem dan contact met ons op via rgpd@geek-tonic.com. Andere contactgegevens vindt u in onze <a href=\"https:\/\/annecy.geek-tonic.dev\/nl\/juridische-informatie\/\" data-type=\"page\" data-id=\"3297\">juridische verklaring<\/a>. Houd er rekening mee dat we u kunnen vragen om uw identiteit te verifi\u00ebren voordat we verdere actie ondernemen met betrekking tot uw verzoek. <\/p>\n<\/div>\n","protected":false},"excerpt":{"rendered":"<p>PRIVACYBELEID Dit Privacybeleid beschrijft de persoonlijke gegevens die worden verzameld of gegenereerd (verwerkt) wanneer u de website gebruikt. Dit privacybeleid beschrijft de soorten persoonlijke gegevens die worden verzameld wanneer u onze website gebruikt en hoe uw persoonlijke gegevens worden gebruikt, gedeeld en beschermd. Ook wordt uitgelegd welke keuzes u hebt met betrekking tot uw persoonlijke [&hellip;]<\/p>\n","protected":false},"author":1,"featured_media":6615,"parent":0,"menu_order":0,"comment_status":"closed","ping_status":"closed","template":"","meta":{"_acf_changed":false,"_seopress_robots_primary_cat":"","_seopress_titles_title":"","_seopress_titles_desc":"","_seopress_robots_index":"yes","inline_featured_image":false,"gt_fse_maillage_image":"https:\/\/annecy.geek-tonic.dev\/wp-content\/uploads\/2025\/04\/vue-aerienne-camping-proche-lac-annecy.jpg","gt_fse_maillage_titre":"Persoonlijke gegevens","gt_fse_maillage_alt":"Privacybeleid","gt_fse_maillage_resume":"","footnotes":""},"categories":[],"tags":[],"class_list":["post-29517","page","type-page","status-publish","has-post-thumbnail","hentry"],"acf":[],"_links":{"self":[{"href":"https:\/\/annecy.geek-tonic.dev\/nl\/wp-json\/wp\/v2\/pages\/29517","targetHints":{"allow":["GET"]}}],"collection":[{"href":"https:\/\/annecy.geek-tonic.dev\/nl\/wp-json\/wp\/v2\/pages"}],"about":[{"href":"https:\/\/annecy.geek-tonic.dev\/nl\/wp-json\/wp\/v2\/types\/page"}],"author":[{"embeddable":true,"href":"https:\/\/annecy.geek-tonic.dev\/nl\/wp-json\/wp\/v2\/users\/1"}],"replies":[{"embeddable":true,"href":"https:\/\/annecy.geek-tonic.dev\/nl\/wp-json\/wp\/v2\/comments?post=29517"}],"version-history":[{"count":1,"href":"https:\/\/annecy.geek-tonic.dev\/nl\/wp-json\/wp\/v2\/pages\/29517\/revisions"}],"predecessor-version":[{"id":29518,"href":"https:\/\/annecy.geek-tonic.dev\/nl\/wp-json\/wp\/v2\/pages\/29517\/revisions\/29518"}],"wp:featuredmedia":[{"embeddable":true,"href":"https:\/\/annecy.geek-tonic.dev\/nl\/wp-json\/wp\/v2\/media\/6615"}],"wp:attachment":[{"href":"https:\/\/annecy.geek-tonic.dev\/nl\/wp-json\/wp\/v2\/media?parent=29517"}],"wp:term":[{"taxonomy":"category","embeddable":true,"href":"https:\/\/annecy.geek-tonic.dev\/nl\/wp-json\/wp\/v2\/categories?post=29517"},{"taxonomy":"post_tag","embeddable":true,"href":"https:\/\/annecy.geek-tonic.dev\/nl\/wp-json\/wp\/v2\/tags?post=29517"}],"curies":[{"name":"wp","href":"https:\/\/api.w.org\/{rel}","templated":true}]}}