{"id":29859,"date":"2025-04-14T12:18:50","date_gmt":"2025-04-14T10:18:50","guid":{"rendered":"https:\/\/annecy.geek-tonic.dev\/lo-velajo\/over-ons\/"},"modified":"2025-10-01T14:47:40","modified_gmt":"2025-10-01T12:47:40","slug":"over-ons","status":"publish","type":"page","link":"https:\/\/annecy.geek-tonic.dev\/nl\/lo-velajo\/over-ons\/","title":{"rendered":"Ons team (V)"},"content":{"rendered":"\n<section class=\"wp-block-group home-one home-one-ravoire has-custom-color-6-background-color has-background has-global-padding is-layout-constrained wp-block-group-is-layout-constrained\" style=\"border-top-left-radius:30px;border-top-right-radius:30px;margin-top:-1.5em;padding-top:var(--wp--preset--spacing--60);padding-bottom:var(--wp--preset--spacing--60)\">\n<div class=\"wp-block-group has-base-2-color has-text-color has-link-color wp-elements-8fc93d48318d05f0afe12388a275c583 has-global-padding is-layout-constrained wp-block-group-is-layout-constrained\">\n<h1 class=\"wp-block-heading has-base-2-color has-text-color has-link-color wp-elements-03d67a1c7bf3f120f4fa246c7e106b49\">Ons team op camping Lo Vel\u00e2jo  <\/h1>\n<\/div>\n\n\n\n<div class=\"wp-block-group has-global-padding is-layout-constrained wp-block-group-is-layout-constrained\">\n<div class=\"wp-block-group has-custom-color-6-background-color has-background has-global-padding is-layout-constrained wp-block-group-is-layout-constrained\">\n<div class=\"wp-block-group is-nowrap is-layout-flex wp-container-core-group-is-layout-6c531013 wp-block-group-is-layout-flex\">\n<figure class=\"wp-block-image size-large has-custom-border solo-img reveal\"><img loading=\"lazy\" decoding=\"async\" width=\"1024\" height=\"682\" src=\"https:\/\/annecy.geek-tonic.dev\/wp-content\/uploads\/2025\/07\/atelier-maquillage-1-1024x682.jpg\" alt=\"make-up workshop\" class=\"wp-image-39800\" style=\"border-radius:30px\" srcset=\"https:\/\/annecy.geek-tonic.dev\/wp-content\/uploads\/2025\/07\/atelier-maquillage-1-1024x682.jpg 1024w, https:\/\/annecy.geek-tonic.dev\/wp-content\/uploads\/2025\/07\/atelier-maquillage-1-300x200.jpg 300w, https:\/\/annecy.geek-tonic.dev\/wp-content\/uploads\/2025\/07\/atelier-maquillage-1-768x512.jpg 768w, https:\/\/annecy.geek-tonic.dev\/wp-content\/uploads\/2025\/07\/atelier-maquillage-1-1536x1024.jpg 1536w, https:\/\/annecy.geek-tonic.dev\/wp-content\/uploads\/2025\/07\/atelier-maquillage-1.jpg 2000w\" sizes=\"auto, (max-width: 1024px) 100vw, 1024px\" \/><\/figure>\n\n\n\n<div class=\"wp-block-group img-slide-right has-global-padding is-layout-constrained wp-block-group-is-layout-constrained\">\n<figure class=\"wp-block-image alignright size-large first wp-duotone-ffffff-ffffff-1\" style=\"margin-bottom:5rem\"><img loading=\"lazy\" decoding=\"async\" width=\"512\" height=\"512\" src=\"https:\/\/annecy.geek-tonic.dev\/wp-content\/uploads\/2025\/05\/equipe.svg\" alt=\"team\" class=\"wp-image-10496\"\/><\/figure>\n\n\n\n<figure class=\"wp-block-image size-large has-custom-border last reveal-reverse\"><img loading=\"lazy\" decoding=\"async\" width=\"1024\" height=\"682\" src=\"https:\/\/annecy.geek-tonic.dev\/wp-content\/uploads\/2025\/07\/cours-de-gym-2-1024x682.jpg\" alt=\"gymlessen (2)\" class=\"wp-image-39796\" style=\"border-radius:30px\" srcset=\"https:\/\/annecy.geek-tonic.dev\/wp-content\/uploads\/2025\/07\/cours-de-gym-2-1024x682.jpg 1024w, https:\/\/annecy.geek-tonic.dev\/wp-content\/uploads\/2025\/07\/cours-de-gym-2-300x200.jpg 300w, https:\/\/annecy.geek-tonic.dev\/wp-content\/uploads\/2025\/07\/cours-de-gym-2-768x512.jpg 768w, https:\/\/annecy.geek-tonic.dev\/wp-content\/uploads\/2025\/07\/cours-de-gym-2-1536x1024.jpg 1536w, https:\/\/annecy.geek-tonic.dev\/wp-content\/uploads\/2025\/07\/cours-de-gym-2.jpg 2000w\" sizes=\"auto, (max-width: 1024px) 100vw, 1024px\" \/><\/figure>\n<\/div>\n<\/div>\n<\/div>\n<\/div>\n\n\n\n<div class=\"wp-block-group bottom is-nowrap is-layout-flex wp-container-core-group-is-layout-ff20216e wp-block-group-is-layout-flex\" style=\"margin-top:0rem\">\n<div class=\"wp-block-columns is-layout-flex wp-container-core-columns-is-layout-28f84493 wp-block-columns-is-layout-flex\">\n<div class=\"wp-block-column left is-layout-flow wp-block-column-is-layout-flow\" style=\"flex-basis:40%\">\n<div class=\"wp-block-group group-h2-like has-global-padding is-layout-constrained wp-block-group-is-layout-constrained\">\n<p class=\"h2-like has-base-2-color has-text-color has-link-color has-kalam-font-family wp-elements-031bf45badca077f7d93ac24f5c17c86\" style=\"font-size:clamp(15.197px, 0.95rem + ((1vw - 3.2px) * 0.634), 23px);font-style:normal;font-weight:400\">Een geweldig team <br\/>tot uw dienst!<\/p>\n\n\n\n<svg xmlns=\"http:\/\/www.w3.org\/2000\/svg\" width=\"246\" height=\"190\" viewbox=\"0 0 246 190\" fill=\"none\" id=\"arrow1\">\n  <path d=\"M237.43 48.272C228.471 42.2937 201.435 35.7717 167.744 54.0094C125.631 76.8065 110.223 96.5509 109.541 124.002C108.91 149.419 122.952 164.585 130.974 165.316C147.018 166.777 149.613 118.148 145.528 96.3347C141.443 74.5215 139.633 32.2372 100.728 20.4516C61.8234 8.66609 2.88797 45.7995 14.8015 144.341M237.43 48.272C237.76 46.7065 243.336 46.1115 245.697 45.4172M237.43 48.272C237.1 49.8375 237.684 55.1391 237.632 57.0018M23.7336 133.492C20.2223 134.795 13.7086 139.348 15.7447 147.137C14.8709 143.205 10.8674 135.377 1.84412 135.517\" stroke=\"white\" stroke-width=\"2\"><\/path>\n<\/svg>\n<\/div>\n<\/div>\n\n\n\n<div class=\"wp-block-column right is-layout-flow wp-block-column-is-layout-flow\" style=\"flex-basis:60%\">\n<p class=\"has-base-2-color has-text-color has-link-color wp-elements-b807335f5ca7a63cd2dc96f8e5f480ba\" style=\"padding-top:var(--wp--preset--spacing--30)\">Het team van <a href=\"https:\/\/annecy.geek-tonic.dev\/nl\/lo-velajo\/\" data-type=\"page\" data-id=\"2382\">camping Lo V\u00e9l\u00e2jo <\/a> is toegewijd aan jou en staat voor je klaar om je een geslaagde vakantie te bezorgen in <a href=\"https:\/\/annecy.geek-tonic.dev\/nl\/lo-velajo\/verhuur\/\" data-type=\"page\" data-id=\"3382\">de verhuur van je stacaravan<\/a>. Ons vriendelijke personeel zal er alles aan doen om je een onvergetelijke vakantie te bezorgen op onze camping met <a href=\"https:\/\/annecy.geek-tonic.dev\/nl\/lo-velajo\/zwembad\/\" data-type=\"page\" data-id=\"3379\">zwembad Lo Vel\u00e2jo<\/a>. Van onderhoud tot receptie en catering, wij kiezen voor gepassioneerd personeel dat klaar staat om van jouw vakantie hun prioriteit te maken! Ben je op zoek naar een baan? Ontdek de beschikbare functies in 2025 wanneer we camping Lo Vel\u00e2jo openen op onze speciale <a href=\"https:\/\/annecy.geek-tonic.dev\/nl\/recrutement\/\" data-type=\"page\" data-id=\"68\">wervingspagina<\/a>.    <\/p>\n<\/div>\n<\/div>\n<\/div>\n\n\n\n<figure class=\"wp-block-image size-full is-resized montagne\"><img decoding=\"async\" src=\"https:\/\/annecy.geek-tonic.dev\/wp-content\/uploads\/2025\/05\/teams-work.svg\" alt=\"teams werken\" class=\"wp-image-11833\" style=\"width:500px\"\/><\/figure>\n<\/section>\n\n<section class=\"wp-block-group home-equipe is-layout-flow wp-block-group-is-layout-flow\" style=\"padding-top:var(--wp--preset--spacing--50);padding-bottom:var(--wp--preset--spacing--50)\">\n<div class=\"wp-block-group has-global-padding is-content-justification-center is-layout-constrained wp-block-group-is-layout-constrained\">\n<h2 class=\"wp-block-heading has-text-align-left has-custom-color-2-color has-text-color has-link-color wp-elements-a54d9e239959b731154a77e4937eaa83\">Even voorstellen: ons Lo Vel\u00e2jo team<\/h2>\n\n\n\n<p class=\"has-text-align-center\">Ontmoet de leden van <strong>ons team op camping Lo Vel\u00e2jo<\/strong> en geef ze allemaal een naam!  <\/p>\n\n\n\n<div class=\"wp-block-columns is-layout-flex wp-container-core-columns-is-layout-28f84493 wp-block-columns-is-layout-flex\">\n<div class=\"wp-block-column is-layout-flow wp-block-column-is-layout-flow\">\n<div class=\"wp-block-group has-custom-color-6-background-color has-background is-vertical is-content-justification-left is-layout-flex wp-container-core-group-is-layout-b50c6906 wp-block-group-is-layout-flex\" style=\"border-radius:15px;padding-top:var(--wp--preset--spacing--20);padding-right:var(--wp--preset--spacing--20);padding-bottom:var(--wp--preset--spacing--20);padding-left:var(--wp--preset--spacing--20)\">\n<div class=\"wp-block-group is-nowrap is-layout-flex wp-container-core-group-is-layout-6c531013 wp-block-group-is-layout-flex\">\n<figure class=\"wp-block-image size-full is-resized is-style-default\"><img loading=\"lazy\" decoding=\"async\" width=\"256\" height=\"267\" src=\"https:\/\/annecy.geek-tonic.dev\/wp-content\/uploads\/2025\/05\/andre.jpg\" alt=\"Andr&#xE9;\" class=\"wp-image-12117\" style=\"aspect-ratio:1;object-fit:cover;width:200px\"\/><\/figure>\n\n\n\n<div class=\"wp-block-group is-vertical is-content-justification-left is-layout-flex wp-container-core-group-is-layout-dd225191 wp-block-group-is-layout-flex\">\n<h2 class=\"wp-block-heading has-base-2-color has-text-color has-link-color wp-elements-735b8c5850d5186fdb46a00092249bc3\">Fabrice<\/h2>\n\n\n\n<p class=\"has-base-2-color has-text-color has-link-color wp-elements-3804246481a6f30bfd006d8b012dde44\"><em>Onderhoudsmanager<\/em><\/p>\n\n\n\n<ul class=\"wp-block-social-links has-icon-color has-icon-background-color is-style-default is-layout-flex wp-block-social-links-is-layout-flex\"><\/ul>\n<\/div>\n<\/div>\n\n\n\n<p class=\"has-base-2-color has-text-color has-link-color wp-elements-703bd5c2f3bbee393e3bea095789cdff\">Fabrice! Als kind van het dorp en trouwe medewerker van de Lac d&#8217;Annecy campings zet hij zich al 25 jaar in om uw vakantie tot een succes te maken! Zijn oma Yvonne richtte de camping op in 1965 en nu treedt hij weer in de voetsporen van haar familie. Olivier en Damien hebben besloten hem de leiding te geven over Vel\u00e2jo!     <\/p>\n\n\n\n<p class=\"has-base-2-color has-text-color has-link-color wp-elements-0677989ec0bb06330f11c17637f152a7\">Als manusje-van-alles en hoofd onderhoud is hij met zijn natuurlijke welwillendheid als eerste ter plaatse bij een technisch incident of een gasstoring.<\/p>\n<\/div>\n<\/div>\n\n\n\n<div class=\"wp-block-column is-layout-flow wp-block-column-is-layout-flow\">\n<div class=\"wp-block-group has-custom-color-6-background-color has-background is-vertical is-layout-flex wp-container-core-group-is-layout-9ae43232 wp-block-group-is-layout-flex\" style=\"border-radius:15px;padding-top:var(--wp--preset--spacing--20);padding-right:var(--wp--preset--spacing--20);padding-bottom:var(--wp--preset--spacing--20);padding-left:var(--wp--preset--spacing--20)\">\n<div class=\"wp-block-group is-nowrap is-layout-flex wp-container-core-group-is-layout-6c531013 wp-block-group-is-layout-flex\">\n<figure class=\"wp-block-image size-full is-resized is-style-default\"><img loading=\"lazy\" decoding=\"async\" width=\"1080\" height=\"2400\" src=\"https:\/\/annecy.geek-tonic.dev\/wp-content\/uploads\/2025\/05\/Marylou.jpg\" alt=\"Marylou\" class=\"wp-image-13685\" style=\"aspect-ratio:1;object-fit:cover;width:200px\" srcset=\"https:\/\/annecy.geek-tonic.dev\/wp-content\/uploads\/2025\/05\/Marylou.jpg 1080w, https:\/\/annecy.geek-tonic.dev\/wp-content\/uploads\/2025\/05\/Marylou-135x300.jpg 135w, https:\/\/annecy.geek-tonic.dev\/wp-content\/uploads\/2025\/05\/Marylou-461x1024.jpg 461w, https:\/\/annecy.geek-tonic.dev\/wp-content\/uploads\/2025\/05\/Marylou-768x1707.jpg 768w, https:\/\/annecy.geek-tonic.dev\/wp-content\/uploads\/2025\/05\/Marylou-691x1536.jpg 691w, https:\/\/annecy.geek-tonic.dev\/wp-content\/uploads\/2025\/05\/Marylou-922x2048.jpg 922w\" sizes=\"auto, (max-width: 1080px) 100vw, 1080px\" \/><\/figure>\n\n\n\n<div class=\"wp-block-group is-vertical is-content-justification-left is-layout-flex wp-container-core-group-is-layout-dd225191 wp-block-group-is-layout-flex\">\n<h2 class=\"wp-block-heading has-base-2-color has-text-color has-link-color wp-elements-826157d4d74430f254747e2067b67ffb\">Marylou<\/h2>\n\n\n\n<p class=\"has-base-2-color has-text-color has-link-color wp-elements-c33fb563f9a0eb68f050df540273a0b6\"><em>Receptiemanager<\/em><\/p>\n\n\n\n<ul class=\"wp-block-social-links has-icon-color has-icon-background-color is-style-default is-layout-flex wp-block-social-links-is-layout-flex\"><\/ul>\n<\/div>\n<\/div>\n\n\n\n<p class=\"has-base-2-color has-text-color has-link-color wp-elements-9b66a605d28fbd46b52afb9c61e93313\">Als verantwoordelijke voor de receptie is zij de persoon waar je terecht kunt voor informatie! Marylou is geboren en getogen in Doussard, dus ze kan je alles vertellen over lokale activiteiten en wat er te doen is in de omgeving! Als fervent wandelaar en paardrijdster kan ze je adviseren over de beste routes!  <\/p>\n\n\n\n<p class=\"has-base-2-color has-text-color has-link-color wp-elements-860437a7d661aca9619e599498bf0213\">Ze glimlachen en staan altijd klaar om je te helpen. Je wordt in de watten gelegd voor, tijdens en na je verblijf.<\/p>\n\n\n\n<p class=\"has-base-2-color has-text-color has-link-color wp-elements-48dfca13476462f4a6a0f94f3f16ea02\">Deze camping ligt haar na aan het hart, omdat ze er al werkte toen het nog \u201cle Verger Fleuri\u201d heette!<\/p>\n<\/div>\n<\/div>\n<\/div>\n<\/div>\n<\/section>\n\n<section class=\"wp-block-group home-third home-third-fontaines is-layout-flow wp-block-group-is-layout-flow\" style=\"margin-top:var(--wp--preset--spacing--40);margin-bottom:var(--wp--preset--spacing--50);padding-top:0;padding-bottom:0\">\n<div class=\"wp-block-group top is-layout-flow wp-block-group-is-layout-flow\">\n<div data-swiper=\"{&quot;speed&quot;:400,&quot;spaceBetween&quot;:16,&quot;slidesPerView&quot;:1,&quot;createElements&quot;:true,&quot;loop&quot;:true,&quot;freemode&quot;:true,&quot;navigation&quot;:{&quot;nextEl&quot;:&quot;buttonNext&quot;,&quot;prevEl&quot;:&quot;buttonPrev&quot;},&quot;breakpoints&quot;:[{&quot;slidesPerView&quot;:1}],&quot;effect&quot;:&quot;fade&quot;,&quot;pagination&quot;:false}\" class=\"wp-block-group gt-is-slider gt-is-slider-desktop is-layout-flow wp-block-group-is-layout-flow\">\n<div data-swiper=\"{&quot;speed&quot;:1000,&quot;autoplay&quot;:{&quot;delay&quot;:5000,&quot;disableOnInteraction&quot;:false},&quot;spaceBetween&quot;:0,&quot;slidesPerView&quot;:1,&quot;pagination&quot;:{&quot;el&quot;:&quot;.swiper-pagination&quot;,&quot;dynamicBullets&quot;:true,&quot;clickable&quot;:true,&quot;type&quot;:&quot;bullets&quot;},&quot;navigation&quot;:{&quot;nextEl&quot;:&quot;.swiper-button-next&quot;,&quot;prevEl&quot;:&quot;.swiper-button-prev&quot;},&quot;breakpoints&quot;:[{&quot;slidesPerView&quot;:1}]}\" class=\"wp-block-cover has-parallax has-custom-content-position is-position-bottom-left\" style=\"min-height:100vh;aspect-ratio:unset;\"><div role=\"img\" aria-label=\"Paysages lac d'Annecy\" class=\"wp-block-cover__image-background wp-image-6681 size-full has-parallax\" style=\"background-position:50% 50%;background-image:url(https:\/\/annecy.geek-tonic.dev\/wp-content\/uploads\/2025\/04\/Paysages-lac-dAnnecy.jpg)\"><\/div><span aria-hidden=\"true\" class=\"wp-block-cover__background has-custom-color-8-background-color has-background-dim-40 has-background-dim\"><\/span><div class=\"wp-block-cover__inner-container is-layout-flow wp-block-cover-is-layout-flow\">\n<figure class=\"wp-block-image size-large is-resized\"><img loading=\"lazy\" decoding=\"async\" width=\"334\" height=\"328\" src=\"https:\/\/annecy.geek-tonic.dev\/wp-content\/uploads\/2025\/03\/logo-annecy-white.svg\" alt=\"annecy campings\" class=\"wp-image-98\" style=\"width:300px\"\/><\/figure>\n<\/div><\/div>\n\n\n\n<div data-swiper=\"{&quot;speed&quot;:1000,&quot;autoplay&quot;:{&quot;delay&quot;:5000,&quot;disableOnInteraction&quot;:false},&quot;spaceBetween&quot;:0,&quot;slidesPerView&quot;:1,&quot;pagination&quot;:{&quot;el&quot;:&quot;.swiper-pagination&quot;,&quot;dynamicBullets&quot;:true,&quot;clickable&quot;:true,&quot;type&quot;:&quot;bullets&quot;},&quot;navigation&quot;:{&quot;nextEl&quot;:&quot;.swiper-button-next&quot;,&quot;prevEl&quot;:&quot;.swiper-button-prev&quot;},&quot;breakpoints&quot;:[{&quot;slidesPerView&quot;:1}]}\" class=\"wp-block-cover has-parallax has-custom-content-position is-position-bottom-left\" style=\"min-height:100vh;aspect-ratio:unset;\"><div role=\"img\" aria-label=\"lac annecy de nuit\" class=\"wp-block-cover__image-background wp-image-10804 size-full has-parallax\" style=\"background-position:50% 50%;background-image:url(https:\/\/annecy.geek-tonic.dev\/wp-content\/uploads\/2025\/05\/lac-annecy-de-nuit-1.jpg)\"><\/div><span aria-hidden=\"true\" class=\"wp-block-cover__background has-custom-color-8-background-color has-background-dim-40 has-background-dim\"><\/span><div class=\"wp-block-cover__inner-container is-layout-flow wp-block-cover-is-layout-flow\">\n<figure class=\"wp-block-image size-large is-resized\"><img loading=\"lazy\" decoding=\"async\" width=\"334\" height=\"328\" src=\"https:\/\/annecy.geek-tonic.dev\/wp-content\/uploads\/2025\/03\/logo-annecy-white.svg\" alt=\"annecy campings\" class=\"wp-image-98\" style=\"width:300px\"\/><\/figure>\n<\/div><\/div>\n<\/div>\n\n\n\n<div class=\"wp-block-group bottom-slider-text has-link-color wp-elements-1306cbba43df121934debab0c50621c2 has-global-padding is-layout-constrained wp-block-group-is-layout-constrained\">\n<h2 class=\"wp-block-heading has-base-2-color has-text-color has-link-color wp-elements-e36f94df78a996ab95ab66c00ae7be68\">Onze groep campings in Annecy<\/h2>\n\n\n\n<p class=\"has-base-2-color has-text-color has-link-color wp-elements-f9f4288fceaff5bdad7c0b0b1bb81093\">De camping <strong><strong>Lo Vel\u00e2jo<\/strong><\/strong> maakt deel uit van de onafhankelijke familiegroep <strong>Campings Annecy<\/strong>, ideaal gelegen bij het meer van Annecy.<\/p>\n\n\n\n<p class=\"has-base-2-color has-text-color has-link-color wp-elements-2cc0cd4b569ed55774ab6e89907d8c92\">In deze uitzonderlijke natuurlijke omgeving kunt u deel uitmaken van een gepassioneerd team! Bezoek onze <a href=\"https:\/\/annecy.geek-tonic.dev\/nl\/recrutement\/\" data-type=\"page\" data-id=\"68\">wervingspagina<\/a> en ontdek de vacatures <strong>die momenteel beschikbaar zijn<\/strong> op onze drie campings: <strong>La Ravoire<\/strong>, <strong>Les Fontaines<\/strong> en <strong>Lo Vel\u00e2jo<\/strong>. <\/p>\n<\/div>\n<\/div>\n<\/section>\n\n<section class=\"wp-block-group page-maillage page-maillage-fontaines has-global-padding is-layout-constrained wp-block-group-is-layout-constrained\" style=\"padding-bottom:var(--wp--preset--spacing--60)\">\n<p class=\"has-custom-color-2-color has-text-color has-link-color has-righteous-font-family wp-elements-1551ace2bdc560e0b7f5dac76b0055fd\" style=\"margin-right:0;margin-left:0;font-size:clamp(1.403rem, 1.403rem + ((1vw - 0.2rem) * 1.167), 2.3rem);text-transform:uppercase\">Ontdek ook<\/p>\n\n\n\n<div data-wp-context=\"{}\" data-wp-interactive=\"core\/query\" data-wp-key=\"9\" data-wp-router-region=\"query-9\" class=\"wp-block-query alignwide gt-fse-maillage-query is-layout-flow wp-block-query-is-layout-flow\"><ul class=\"wp-block-post-template is-layout-flow wp-block-post-template-is-layout-flow\"><li data-wp-key=\"post-template-item-29751\" class=\"wp-block-post post-29751 page type-page status-publish has-post-thumbnail hentry\">\n<figure class=\"wp-block-post-featured-image\"><img loading=\"lazy\" decoding=\"async\" width=\"2000\" height=\"1333\" src=\"https:\/\/annecy.geek-tonic.dev\/wp-content\/uploads\/2025\/07\/cours-de-gym-2-1.jpg\" class=\"attachment-post-thumbnail size-post-thumbnail wp-post-image\" alt=\"gymlessen (2)\" style=\"object-fit:cover;\" srcset=\"https:\/\/annecy.geek-tonic.dev\/wp-content\/uploads\/2025\/07\/cours-de-gym-2-1.jpg 2000w, https:\/\/annecy.geek-tonic.dev\/wp-content\/uploads\/2025\/07\/cours-de-gym-2-1-300x200.jpg 300w, https:\/\/annecy.geek-tonic.dev\/wp-content\/uploads\/2025\/07\/cours-de-gym-2-1-1024x682.jpg 1024w, https:\/\/annecy.geek-tonic.dev\/wp-content\/uploads\/2025\/07\/cours-de-gym-2-1-768x512.jpg 768w, https:\/\/annecy.geek-tonic.dev\/wp-content\/uploads\/2025\/07\/cours-de-gym-2-1-1536x1024.jpg 1536w\" sizes=\"auto, (max-width: 2000px) 100vw, 2000px\" \/><\/figure>\n\n\n<p class=\"savoir-plus has-base-2-color has-text-color has-link-color has-righteous-font-family wp-elements-8a010baa0657845ff50ba3a6877e9312\" style=\"font-size:clamp(20.515px, 1.282rem + ((1vw - 3.2px) * 1.015), 33px);text-transform:uppercase\">Lees meer<\/p>\n\n\n\n<p class=\"maillage-title has-custom-color-2-color has-text-color has-link-color has-righteous-font-family wp-elements-6cdc0522349b0516acdb9d65335ee8bb\" style=\"font-size:clamp(20.515px, 1.282rem + ((1vw - 3.2px) * 1.015), 33px);text-transform:uppercase\">Amusement<\/p>\n\n\n<a class=\"is-style-lien-cover wp-block-read-more\" href=\"https:\/\/annecy.geek-tonic.dev\/nl\/lo-velajo\/evenementen\/\" target=\"_self\">Lees verder<span class=\"screen-reader-text\">: Gebeurtenissen (V)<\/span><\/a>\n<\/li><li data-wp-key=\"post-template-item-29882\" class=\"wp-block-post post-29882 page type-page status-publish has-post-thumbnail hentry\">\n<figure class=\"wp-block-post-featured-image\"><img loading=\"lazy\" decoding=\"async\" width=\"2000\" height=\"1333\" src=\"https:\/\/annecy.geek-tonic.dev\/wp-content\/uploads\/2025\/07\/camping-avec-piscine-lo-velajo-1.jpg\" class=\"attachment-post-thumbnail size-post-thumbnail wp-post-image\" alt=\"camping met zwembad lo velajo (1)\" style=\"object-fit:cover;\" srcset=\"https:\/\/annecy.geek-tonic.dev\/wp-content\/uploads\/2025\/07\/camping-avec-piscine-lo-velajo-1.jpg 2000w, https:\/\/annecy.geek-tonic.dev\/wp-content\/uploads\/2025\/07\/camping-avec-piscine-lo-velajo-1-300x200.jpg 300w, https:\/\/annecy.geek-tonic.dev\/wp-content\/uploads\/2025\/07\/camping-avec-piscine-lo-velajo-1-1024x682.jpg 1024w, https:\/\/annecy.geek-tonic.dev\/wp-content\/uploads\/2025\/07\/camping-avec-piscine-lo-velajo-1-768x512.jpg 768w, https:\/\/annecy.geek-tonic.dev\/wp-content\/uploads\/2025\/07\/camping-avec-piscine-lo-velajo-1-1536x1024.jpg 1536w\" sizes=\"auto, (max-width: 2000px) 100vw, 2000px\" \/><\/figure>\n\n\n<p class=\"savoir-plus has-base-2-color has-text-color has-link-color has-righteous-font-family wp-elements-8a010baa0657845ff50ba3a6877e9312\" style=\"font-size:clamp(20.515px, 1.282rem + ((1vw - 3.2px) * 1.015), 33px);text-transform:uppercase\">Lees meer<\/p>\n\n\n\n<p class=\"maillage-title has-custom-color-2-color has-text-color has-link-color has-righteous-font-family wp-elements-6cdc0522349b0516acdb9d65335ee8bb\" style=\"font-size:clamp(20.515px, 1.282rem + ((1vw - 3.2px) * 1.015), 33px);text-transform:uppercase\">Zwembad<\/p>\n\n\n<a class=\"is-style-lien-cover wp-block-read-more\" href=\"https:\/\/annecy.geek-tonic.dev\/nl\/lo-velajo\/zwembad\/\" target=\"_self\">Lees verder<span class=\"screen-reader-text\">: Zwembad (V)<\/span><\/a>\n<\/li><li data-wp-key=\"post-template-item-29879\" class=\"wp-block-post post-29879 page type-page status-publish has-post-thumbnail hentry\">\n<figure class=\"wp-block-post-featured-image\"><img loading=\"lazy\" decoding=\"async\" width=\"2000\" height=\"1333\" src=\"https:\/\/annecy.geek-tonic.dev\/wp-content\/uploads\/2025\/07\/accueil-reception-1.jpg\" class=\"attachment-post-thumbnail size-post-thumbnail wp-post-image\" alt=\"receptie (1)\" style=\"object-fit:cover;\" srcset=\"https:\/\/annecy.geek-tonic.dev\/wp-content\/uploads\/2025\/07\/accueil-reception-1.jpg 2000w, https:\/\/annecy.geek-tonic.dev\/wp-content\/uploads\/2025\/07\/accueil-reception-1-300x200.jpg 300w, https:\/\/annecy.geek-tonic.dev\/wp-content\/uploads\/2025\/07\/accueil-reception-1-1024x682.jpg 1024w, https:\/\/annecy.geek-tonic.dev\/wp-content\/uploads\/2025\/07\/accueil-reception-1-768x512.jpg 768w, https:\/\/annecy.geek-tonic.dev\/wp-content\/uploads\/2025\/07\/accueil-reception-1-1536x1024.jpg 1536w\" sizes=\"auto, (max-width: 2000px) 100vw, 2000px\" \/><\/figure>\n\n\n<p class=\"savoir-plus has-base-2-color has-text-color has-link-color has-righteous-font-family wp-elements-8a010baa0657845ff50ba3a6877e9312\" style=\"font-size:clamp(20.515px, 1.282rem + ((1vw - 3.2px) * 1.015), 33px);text-transform:uppercase\">Lees meer<\/p>\n\n\n\n<p class=\"maillage-title has-custom-color-2-color has-text-color has-link-color has-righteous-font-family wp-elements-6cdc0522349b0516acdb9d65335ee8bb\" style=\"font-size:clamp(20.515px, 1.282rem + ((1vw - 3.2px) * 1.015), 33px);text-transform:uppercase\">Diensten<\/p>\n\n\n<a class=\"is-style-lien-cover wp-block-read-more\" href=\"https:\/\/annecy.geek-tonic.dev\/nl\/lo-velajo\/diensten\/\" target=\"_self\">Lees verder<span class=\"screen-reader-text\">: Diensten (V)<\/span><\/a>\n<\/li><\/ul><\/div>\n<\/section>\n\n<p><\/p>\n","protected":false},"excerpt":{"rendered":"<p>Ons team op camping Lo Vel\u00e2jo Een geweldig team tot uw dienst! Het team van camping Lo V\u00e9l\u00e2jo is toegewijd aan jou en staat voor je klaar om je een geslaagde vakantie te bezorgen in de verhuur van je stacaravan. Ons vriendelijke personeel zal er alles aan doen om je een onvergetelijke vakantie te bezorgen [&hellip;]<\/p>\n","protected":false},"author":1,"featured_media":39916,"parent":29737,"menu_order":0,"comment_status":"closed","ping_status":"closed","template":"wp-custom-template-page-interne-velajo","meta":{"_acf_changed":false,"_seopress_robots_primary_cat":"","_seopress_titles_title":"Over camping Lo Vel\u00e2jo | Ons team op camping Lo Vel\u00e2jo","_seopress_titles_desc":"","_seopress_robots_index":"","inline_featured_image":false,"gt_fse_maillage_image":"https:\/\/annecy.geek-tonic.dev\/wp-content\/uploads\/2025\/07\/mascotte-animation.jpg","gt_fse_maillage_titre":"Ons team","gt_fse_maillage_alt":"animatiemascotte","gt_fse_maillage_resume":"","footnotes":""},"categories":[],"tags":[],"class_list":["post-29859","page","type-page","status-publish","has-post-thumbnail","hentry"],"acf":[],"_links":{"self":[{"href":"https:\/\/annecy.geek-tonic.dev\/nl\/wp-json\/wp\/v2\/pages\/29859","targetHints":{"allow":["GET"]}}],"collection":[{"href":"https:\/\/annecy.geek-tonic.dev\/nl\/wp-json\/wp\/v2\/pages"}],"about":[{"href":"https:\/\/annecy.geek-tonic.dev\/nl\/wp-json\/wp\/v2\/types\/page"}],"author":[{"embeddable":true,"href":"https:\/\/annecy.geek-tonic.dev\/nl\/wp-json\/wp\/v2\/users\/1"}],"replies":[{"embeddable":true,"href":"https:\/\/annecy.geek-tonic.dev\/nl\/wp-json\/wp\/v2\/comments?post=29859"}],"version-history":[{"count":9,"href":"https:\/\/annecy.geek-tonic.dev\/nl\/wp-json\/wp\/v2\/pages\/29859\/revisions"}],"predecessor-version":[{"id":56224,"href":"https:\/\/annecy.geek-tonic.dev\/nl\/wp-json\/wp\/v2\/pages\/29859\/revisions\/56224"}],"up":[{"embeddable":true,"href":"https:\/\/annecy.geek-tonic.dev\/nl\/wp-json\/wp\/v2\/pages\/29737"}],"wp:featuredmedia":[{"embeddable":true,"href":"https:\/\/annecy.geek-tonic.dev\/nl\/wp-json\/wp\/v2\/media\/39916"}],"wp:attachment":[{"href":"https:\/\/annecy.geek-tonic.dev\/nl\/wp-json\/wp\/v2\/media?parent=29859"}],"wp:term":[{"taxonomy":"category","embeddable":true,"href":"https:\/\/annecy.geek-tonic.dev\/nl\/wp-json\/wp\/v2\/categories?post=29859"},{"taxonomy":"post_tag","embeddable":true,"href":"https:\/\/annecy.geek-tonic.dev\/nl\/wp-json\/wp\/v2\/tags?post=29859"}],"curies":[{"name":"wp","href":"https:\/\/api.w.org\/{rel}","templated":true}]}}