{"id":31312,"date":"2025-03-24T15:54:05","date_gmt":"2025-03-24T14:54:05","guid":{"rendered":"https:\/\/annecy.geek-tonic.dev\/voordelen-van-yelloh-village\/"},"modified":"2025-09-23T10:30:29","modified_gmt":"2025-09-23T08:30:29","slug":"voordelen-van-yelloh-village","status":"publish","type":"page","link":"https:\/\/annecy.geek-tonic.dev\/nl\/voordelen-van-yelloh-village\/","title":{"rendered":"Voordelen van Yelloh! Village"},"content":{"rendered":"\n<section class=\"wp-block-group home-one home-one-groupe home-yelloh has-custom-color-1-background-color has-background has-global-padding is-layout-constrained wp-block-group-is-layout-constrained\" style=\"border-top-left-radius:30px;border-top-right-radius:30px;margin-top:-1.5em;padding-top:var(--wp--preset--spacing--60);padding-bottom:var(--wp--preset--spacing--20)\">\n<div class=\"wp-block-group has-custom-color-1-background-color has-background has-global-padding is-layout-constrained wp-block-group-is-layout-constrained\" style=\"margin-bottom:var(--wp--preset--spacing--50)\">\n<div class=\"wp-block-group top-slider title-btn has-link-color wp-elements-6c396a8e5b38273efb84c686871eac4b is-vertical is-content-justification-left is-nowrap is-layout-flex wp-container-core-group-is-layout-417970ea wp-block-group-is-layout-flex\">\n<h1 class=\"wp-block-heading has-base-2-color has-text-color has-link-color wp-elements-db3fbc66f95df3297d220aace74c60d1\">Voordelen van Yelloh! Village <\/h1>\n\n\n\n<p>Nos <a href=\"https:\/\/annecy.geek-tonic.dev\/nl\/\" data-type=\"page\" data-id=\"7\">campings Annecy<\/a>  sont heureux de faire partie du groupe d\u2019h\u00f4tellerie de plein air : <strong>Yelloh! Village<\/strong>. \u00c0 travers <a href=\"https:\/\/annecy.geek-tonic.dev\/nl\/onze-geschiedenis\/\" data-type=\"page\" data-id=\"12\">son histoire<\/a>, notre groupe familial et ind\u00e9pendant partage des valeurs communes et le sens du service avec Yelloh! Village. Pour rendre vos vacances en Haute-Savoie toujours plus confortables et m\u00e9morables !<br\/><\/p>\n<\/div>\n\n\n\n<div class=\"wp-block-group top-slider title-btn has-link-color wp-elements-31d8fa4f569fe71b6592ecbdd23946e4 is-vertical is-content-justification-left is-nowrap is-layout-flex wp-container-core-group-is-layout-0e29a2b6 wp-block-group-is-layout-flex\" style=\"padding-top:var(--wp--preset--spacing--50)\">\n<div class=\"wp-block-group is-nowrap is-layout-flex wp-container-core-group-is-layout-6c531013 wp-block-group-is-layout-flex\">\n<figure class=\"wp-block-image aligncenter size-large is-resized\"><img decoding=\"async\" src=\"https:\/\/annecy.geek-tonic.dev\/wp-content\/uploads\/2025\/04\/yelloh_logo.svg\" alt=\"yelloh dorpslogo\" class=\"wp-image-9060\" style=\"width:auto;height:120px\"\/><\/figure>\n\n\n\n<h2 class=\"wp-block-heading has-text-align-center has-base-2-color has-text-color has-link-color wp-elements-03a35f5bb22ec7bc5cb146b7038921d3\">Over Yelloh! Village <\/h2>\n<\/div>\n\n\n\n<div class=\"wp-block-columns is-layout-flex wp-container-core-columns-is-layout-416bbe66 wp-block-columns-is-layout-flex\" style=\"margin-top:var(--wp--preset--spacing--30)\">\n<div class=\"wp-block-column is-layout-flow wp-block-column-is-layout-flow\">\n<p class=\"has-text-align-left\">Yelloh! Village is het grootste merk van outdoor accommodaties in Frankrijk en internationaal, en zijn reputatie is gevestigd. Yelloh! Village bestaat uit 95 eigenaars van onafhankelijke 4- en 5-sterrencampings, allemaal met hun eigen idee\u00ebn, maar verenigd onder dezelfde vlag. Het is een familie van enthousiastelingen die gemotiveerd zijn om de beste vakanties te cre\u00ebren.   <\/p>\n\n\n\n<p class=\"has-text-align-left\">Yelloh Village, een referentiemerk, werkt als een franchiseketen die de beste professionals uit de sector samenbrengt en zich opwerpt als h\u00e9t netwerk van eersteklas campinghotels. <\/p>\n\n\n\n<p class=\"has-text-align-left\">Yelloh! Village is in 2000 opgericht door Bernard Sauvaire (eigenaar van La Petite Camargue en Carmargais). Bernard kwam samen met de eigenaars van 3 campings in het zuiden van Frankrijk om idee\u00ebn uit te wisselen en samen beter te worden.  <\/p>\n<\/div>\n\n\n\n<div class=\"wp-block-column is-layout-flow wp-block-column-is-layout-flow\">\n<p class=\"has-text-align-left\">Elke Yelloh! Village camping heeft zijn eigen karakter en persoonlijkheid (zoals alle onafhankelijke campings), maar \u00e9\u00e9n ding hebben ze allemaal gemeen: hun liefde voor klanten en hun passie voor klantenservice. Dat is waar de franchise om draait.    <\/p>\n\n\n\n<p class=\"has-text-align-left\">Het idee is om de campings voortdurend te verbeteren, met nieuwe zwembaden en faciliteiten om de best mogelijke vakantie-ervaring te cre\u00ebren op de Yelloh! Village campings. <\/p>\n\n\n\n    <div id=\"gt-fse-lire-plus-1\"\n         class=\"gt-fse-lire-plus\"\n         data-min-height=\"130\"\n         style=\"background-color: #9bbea9;\">\n\n        <input id=\"gt-fse-lire-plus-1-toggle\"\n               type=\"checkbox\"\n               class=\"gt-fse-lire-plus__toggle\" \/>\n\n        <label for=\"gt-fse-lire-plus-1-toggle\"\n               class=\"gt-fse-lire-plus__toggle-label\">\n            <span>Lire plus<\/span>\n            <span>Lire moins<\/span>\n        <\/label>\n\n        <div class=\"gt-fse-lire-plus__content\"\n             style=\"height: 130px;\">\n\n            \n\n<p class=\"has-text-align-left\">Yelloh! Village heeft menselijke aandacht en kwaliteit hoog in het vaandel staan, en het is een ethos waarvan wij geloven dat we het volgen en zullen omarmen.<\/p>\n\n\n\n<p class=\"has-text-align-left\">De samenwerking met Yelloh! Village zal er bij Campings Annecy niet toe leiden dat we onze identiteit verliezen. We blijven onafhankelijk en kunnen onze unieke persoonlijkheid behouden die we in de loop der jaren hebben opgebouwd. <\/p>\n\n\n            <div class=\"gt-fse-lire-plus__gradient\"\n                 style=\"background: linear-gradient(to bottom, rgba(155,190,169,0) 0%, rgba(155,190,169,1) 100%);\"><\/div>\n        <\/div>\n\n    <\/div>\n\n    <\/div>\n<\/div>\n<\/div>\n<\/div>\n<\/section>\n\n<section class=\"wp-block-group home-third home-third-groupe is-layout-flow wp-block-group-is-layout-flow\" style=\"margin-top:-1.5rem\">\n<div class=\"wp-block-group top is-layout-flow wp-block-group-is-layout-flow\">\n<div data-swiper=\"{&quot;speed&quot;:400,&quot;spaceBetween&quot;:16,&quot;slidesPerView&quot;:1,&quot;createElements&quot;:true,&quot;loop&quot;:true,&quot;freemode&quot;:true,&quot;navigation&quot;:{&quot;nextEl&quot;:&quot;buttonNext&quot;,&quot;prevEl&quot;:&quot;buttonPrev&quot;},&quot;breakpoints&quot;:[{&quot;slidesPerView&quot;:1}],&quot;effect&quot;:&quot;fade&quot;,&quot;pagination&quot;:false}\" class=\"wp-block-group gt-is-slider gt-is-slider-desktop is-layout-flow wp-block-group-is-layout-flow\">\n<div data-swiper=\"{&quot;speed&quot;:1000,&quot;autoplay&quot;:{&quot;delay&quot;:5000,&quot;disableOnInteraction&quot;:false},&quot;spaceBetween&quot;:0,&quot;slidesPerView&quot;:1,&quot;pagination&quot;:{&quot;el&quot;:&quot;.swiper-pagination&quot;,&quot;dynamicBullets&quot;:true,&quot;clickable&quot;:true,&quot;type&quot;:&quot;bullets&quot;},&quot;navigation&quot;:{&quot;nextEl&quot;:&quot;.swiper-button-next&quot;,&quot;prevEl&quot;:&quot;.swiper-button-prev&quot;},&quot;breakpoints&quot;:[{&quot;slidesPerView&quot;:1}]}\" class=\"wp-block-cover has-parallax has-custom-content-position is-position-bottom-left\" style=\"min-height:100vh;aspect-ratio:unset;\"><div role=\"img\" aria-label=\"Yelloh! La Ravoire\" class=\"wp-block-cover__image-background wp-image-10086 size-full has-parallax\" style=\"background-position:50% 50%;background-image:url(https:\/\/annecy.geek-tonic.dev\/wp-content\/uploads\/2025\/05\/campign-la-ravoire-annecy.jpg)\"><\/div><span aria-hidden=\"true\" class=\"wp-block-cover__background has-custom-color-8-background-color has-background-dim-40 has-background-dim\"><\/span><div class=\"wp-block-cover__inner-container is-layout-flow wp-block-cover-is-layout-flow\">\n<div class=\"wp-block-group title-btn is-nowrap is-layout-flex wp-container-core-group-is-layout-5c4495dd wp-block-group-is-layout-flex\">\n<p class=\"h1-like has-base-2-color has-text-color has-link-color has-righteous-font-family wp-elements-316c242ae664646155052fb3873b5e4e\" style=\"font-size:clamp(57.838px, 3.615rem + ((1vw - 3.2px) * 5.054), 120px);font-style:normal;font-weight:400;line-height:0.8;text-transform:uppercase\"><strong>Het handvest <\/strong><br\/><strong>Yelloh!<\/strong><\/p>\n<\/div>\n<\/div><\/div>\n\n\n\n<div data-swiper=\"{&quot;speed&quot;:1000,&quot;autoplay&quot;:{&quot;delay&quot;:5000,&quot;disableOnInteraction&quot;:false},&quot;spaceBetween&quot;:0,&quot;slidesPerView&quot;:1,&quot;pagination&quot;:{&quot;el&quot;:&quot;.swiper-pagination&quot;,&quot;dynamicBullets&quot;:true,&quot;clickable&quot;:true,&quot;type&quot;:&quot;bullets&quot;},&quot;navigation&quot;:{&quot;nextEl&quot;:&quot;.swiper-button-next&quot;,&quot;prevEl&quot;:&quot;.swiper-button-prev&quot;},&quot;breakpoints&quot;:[{&quot;slidesPerView&quot;:1}]}\" class=\"wp-block-cover has-parallax has-custom-content-position is-position-bottom-left\" style=\"min-height:100vh;aspect-ratio:unset;\"><div role=\"img\" aria-label=\"serveuse restaurant camping les fontaines\" class=\"wp-block-cover__image-background wp-image-5961 size-full has-parallax\" style=\"background-position:50% 50%;background-image:url(https:\/\/annecy.geek-tonic.dev\/wp-content\/uploads\/2025\/04\/serveuse-restaurant-camping-les-fontaines.jpg)\"><\/div><span aria-hidden=\"true\" class=\"wp-block-cover__background has-custom-color-8-background-color has-background-dim-40 has-background-dim\"><\/span><div class=\"wp-block-cover__inner-container is-layout-flow wp-block-cover-is-layout-flow\">\n<div class=\"wp-block-group title-btn is-nowrap is-layout-flex wp-container-core-group-is-layout-5c4495dd wp-block-group-is-layout-flex\">\n<p class=\"h1-like has-base-2-color has-text-color has-link-color has-righteous-font-family wp-elements-316c242ae664646155052fb3873b5e4e\" style=\"font-size:clamp(57.838px, 3.615rem + ((1vw - 3.2px) * 5.054), 120px);font-style:normal;font-weight:400;line-height:0.8;text-transform:uppercase\"><strong>Het handvest <\/strong><br\/><strong>Yelloh!<\/strong><\/p>\n<\/div>\n<\/div><\/div>\n\n\n\n<div data-swiper=\"{&quot;speed&quot;:1000,&quot;autoplay&quot;:{&quot;delay&quot;:5000,&quot;disableOnInteraction&quot;:false},&quot;spaceBetween&quot;:0,&quot;slidesPerView&quot;:1,&quot;pagination&quot;:{&quot;el&quot;:&quot;.swiper-pagination&quot;,&quot;dynamicBullets&quot;:true,&quot;clickable&quot;:true,&quot;type&quot;:&quot;bullets&quot;},&quot;navigation&quot;:{&quot;nextEl&quot;:&quot;.swiper-button-next&quot;,&quot;prevEl&quot;:&quot;.swiper-button-prev&quot;},&quot;breakpoints&quot;:[{&quot;slidesPerView&quot;:1}]}\" class=\"wp-block-cover has-parallax has-custom-content-position is-position-bottom-left\" style=\"min-height:100vh;aspect-ratio:unset;\"><div role=\"img\" aria-label=\"toboggans aquatiques\" class=\"wp-block-cover__image-background wp-image-4292 size-full has-parallax\" style=\"background-position:50% 50%;background-image:url(https:\/\/annecy.geek-tonic.dev\/wp-content\/uploads\/2025\/04\/toboggans-aquatiques.jpg)\"><\/div><span aria-hidden=\"true\" class=\"wp-block-cover__background has-custom-color-8-background-color has-background-dim-40 has-background-dim\"><\/span><div class=\"wp-block-cover__inner-container is-layout-flow wp-block-cover-is-layout-flow\">\n<div class=\"wp-block-group title-btn is-nowrap is-layout-flex wp-container-core-group-is-layout-5c4495dd wp-block-group-is-layout-flex\">\n<p class=\"h1-like has-base-2-color has-text-color has-link-color has-righteous-font-family wp-elements-316c242ae664646155052fb3873b5e4e\" style=\"font-size:clamp(57.838px, 3.615rem + ((1vw - 3.2px) * 5.054), 120px);font-style:normal;font-weight:400;line-height:0.8;text-transform:uppercase\"><strong>Het handvest <\/strong><br\/><strong>Yelloh!<\/strong><\/p>\n<\/div>\n<\/div><\/div>\n<\/div>\n\n\n\n<div class=\"wp-block-group bottom-slider-text has-link-color wp-elements-12410845a209e368e5d3f00610e294ad has-global-padding is-layout-constrained wp-block-group-is-layout-constrained\">\n<p class=\"has-base-2-color has-text-color has-link-color wp-elements-c46908b90ea00e3e459c0c33ab4fc236\">Als je kiest voor een camping met Yelloh! Village, kun je je kampeerbestemming kiezen in de wetenschap dat je dezelfde service en faciliteiten van hoge kwaliteit krijgt. <\/p>\n\n\n\n<p class=\"has-base-2-color has-text-color has-link-color wp-elements-17dcfbf61c22c659257fdfe34e713a46\">Onze 3 campings moeten voldoen aan het Yelloh! handvest van uitmuntendheid, wat betekent dat je verzekerd bent van een kwaliteitservaring en dat we jaarlijks gecontroleerd worden om te garanderen dat we voldoen aan de hoge normen van het Yelloh! handvest.   <\/p>\n\n\n\n<p class=\"has-base-2-color has-text-color has-link-color wp-elements-1bf40f84af724c9406834503ffac6af3\">We delen dezelfde menselijke en kwaliteitswaarden. Deel uitmaken van de Yelloh! familie was voor ons op Campings Annecy een vanzelfsprekende keuze.    <\/p>\n\n\n\n<p class=\"has-base-2-color has-text-color has-link-color wp-elements-9ee31af31c19ea62a34c4050d5804a57\">Als specialisten en kwaliteitsgaranten kunnen we vertrouwen op hun expertise, terwijl we onze gekoesterde identiteit behouden. Omdat we van uw glimlach houden, zijn we er trots op dat we de makers van uw geluk zijn geworden! <\/p>\n<\/div>\n<\/div>\n<\/section>\n\n<section class=\"wp-block-group page-maillage page-maillage-groupe has-global-padding is-layout-constrained wp-container-core-group-is-layout-9ec0d898 wp-block-group-is-layout-constrained\" style=\"margin-top:var(--wp--preset--spacing--30);margin-bottom:var(--wp--preset--spacing--50);padding-top:var(--wp--preset--spacing--50);padding-right:var(--wp--preset--spacing--50);padding-bottom:var(--wp--preset--spacing--40);padding-left:var(--wp--preset--spacing--50)\">\n<div class=\"wp-block-columns is-layout-flex wp-container-core-columns-is-layout-28f84493 wp-block-columns-is-layout-flex\">\n<div class=\"wp-block-column is-vertically-aligned-center is-layout-flow wp-block-column-is-layout-flow\">\n<div class=\"wp-block-group compo-title has-global-padding is-content-justification-right is-layout-constrained wp-container-core-group-is-layout-f1f2ed93 wp-block-group-is-layout-constrained\">\n<h2 class=\"wp-block-heading has-custom-color-2-color has-text-color has-link-color wp-elements-e77e07a469c8d88213e0cb44820a1799\" style=\"text-transform:uppercase\">Mobiele applicatie op de camping: alle diensten<\/h2>\n<\/div>\n\n\n\n<div class=\"wp-block-group is-nowrap is-layout-flex wp-container-core-group-is-layout-6c531013 wp-block-group-is-layout-flex\">\n<figure class=\"wp-block-image aligncenter size-medium is-resized\"><img loading=\"lazy\" decoding=\"async\" width=\"937\" height=\"937\" src=\"https:\/\/annecy.geek-tonic.dev\/wp-content\/uploads\/2025\/05\/application-mobile.svg\" alt=\"mobiele toepassing\" class=\"wp-image-10093\" style=\"width:250px\"\/><\/figure>\n\n\n\n<p class=\"has-custom-color-2-color has-text-color has-link-color wp-elements-588a6e46c051b202e5813d2176ef42f1\" style=\"padding-top:var(--wp--preset--spacing--20)\">Downloaden  <strong>de Yelloh! dorpstoepassing <\/strong>  op je telefoon om alle informatie te krijgen die je nodig hebt over onze campings. Onze applicatie is beschikbaar op ios in de app store en op Android in de Google play store en maakt integraal deel uit van je verblijf op onze Yelloh! Village campings.    <\/p>\n<\/div>\n\n\n\n<div class=\"wp-block-group is-content-justification-left is-nowrap is-layout-flex wp-container-core-group-is-layout-fc9f69e7 wp-block-group-is-layout-flex\">\n<figure class=\"wp-block-image size-full\"><a href=\"https:\/\/apps.apple.com\/fr\/app\/camping-yelloh-village\/id720666338\" target=\"_blank\" rel=\" noopener\"><img decoding=\"async\" src=\"https:\/\/annecy.geek-tonic.dev\/wp-content\/uploads\/2025\/04\/apple.png\" alt=\"appel\" class=\"wp-image-9106\"\/><\/a><\/figure>\n\n\n\n<figure class=\"wp-block-image size-full\"><a href=\"https:\/\/play.google.com\/store\/apps\/details?id=fr.yellohvillage.application\" target=\"_blank\" rel=\" noopener\"><img decoding=\"async\" src=\"https:\/\/annecy.geek-tonic.dev\/wp-content\/uploads\/2025\/04\/google.png\" alt=\"google\" class=\"wp-image-9102\" style=\"object-fit:cover\"\/><\/a><\/figure>\n<\/div>\n<\/div>\n\n\n\n<div class=\"wp-block-column is-layout-flow wp-block-column-is-layout-flow\" style=\"flex-basis:5%\"><\/div>\n\n\n\n<div class=\"wp-block-column right is-layout-flow wp-block-column-is-layout-flow\">\n<div class=\"wp-block-group compo-title has-global-padding is-content-justification-right is-layout-constrained wp-container-core-group-is-layout-f1f2ed93 wp-block-group-is-layout-constrained\">\n<h2 class=\"wp-block-heading has-custom-color-2-color has-text-color has-link-color wp-elements-e448af995cbbb6813ed7936021e55706\" style=\"text-transform:uppercase\">Word lid van het Yelloh! Village getrouwheidsprogramma <\/h2>\n<\/div>\n\n\n\n<div class=\"wp-block-group is-nowrap is-layout-flex wp-container-core-group-is-layout-6c531013 wp-block-group-is-layout-flex\">\n<figure class=\"wp-block-image aligncenter size-medium is-resized\"><img loading=\"lazy\" decoding=\"async\" width=\"682\" height=\"682\" src=\"https:\/\/annecy.geek-tonic.dev\/wp-content\/uploads\/2025\/05\/fidelite-du-consommateur.svg\" alt=\"yelloh loyaliteitsprogramma\" class=\"wp-image-10113\" style=\"width:220px\"\/><\/figure>\n\n\n\n<p class=\"has-custom-color-2-color has-text-color has-link-color wp-elements-c545a26b222ce054018980b4eef9d72e\" style=\"padding-top:var(--wp--preset--spacing--20)\">Le  <strong>gratis Yelloh! Village getrouwheidsprogramma <\/strong>  kun je gratis overnachtingen winnen in het laagseizoen! Ga voor meer informatie naar   <a href=\"https:\/\/www.yellohvillage.nl\/getrouwheids_programma\/getrouwheidsprogramma_yelloh_plus\" target=\"_blank\" rel=\"noopener nofollow\">Yelloh! dorpswebsite <\/a>  of bij de receptie.<\/p>\n<\/div>\n<\/div>\n<\/div>\n<\/section>\n\n<section class=\"wp-block-group page-maillage page-maillage-groupe has-global-padding is-layout-constrained wp-container-core-group-is-layout-3cd9d75d wp-block-group-is-layout-constrained\" style=\"margin-top:var(--wp--preset--spacing--30);margin-bottom:var(--wp--preset--spacing--50);padding-top:var(--wp--preset--spacing--10);padding-right:var(--wp--preset--spacing--50);padding-bottom:var(--wp--preset--spacing--30);padding-left:var(--wp--preset--spacing--50)\">\n<h2 class=\"wp-block-heading has-custom-color-2-color has-text-color has-link-color wp-elements-be4826caee89fd7a5d478bd9f48e1bbe\" style=\"margin-right:0;margin-left:0\">Ontdek onze 3 campings<\/h2>\n\n\n\n<div data-wp-context=\"{}\" data-wp-interactive=\"core\/query\" data-wp-key=\"9\" data-wp-router-region=\"query-9\" class=\"wp-block-query alignwide gt-fse-maillage-query is-layout-flow wp-block-query-is-layout-flow\"><ul class=\"wp-block-post-template is-layout-flow wp-block-post-template-is-layout-flow\"><li data-wp-key=\"post-template-item-29587\" class=\"wp-block-post post-29587 page type-page status-publish has-post-thumbnail hentry\">\n<figure class=\"wp-block-post-featured-image\"><img loading=\"lazy\" decoding=\"async\" width=\"2000\" height=\"1334\" src=\"https:\/\/annecy.geek-tonic.dev\/wp-content\/uploads\/2025\/04\/camping-laravoire-annecy.jpg\" class=\"attachment-post-thumbnail size-post-thumbnail wp-post-image\" alt=\"camping laravoire annecy\" style=\"object-fit:cover;\" srcset=\"https:\/\/annecy.geek-tonic.dev\/wp-content\/uploads\/2025\/04\/camping-laravoire-annecy.jpg 2000w, https:\/\/annecy.geek-tonic.dev\/wp-content\/uploads\/2025\/04\/camping-laravoire-annecy-300x200.jpg 300w, https:\/\/annecy.geek-tonic.dev\/wp-content\/uploads\/2025\/04\/camping-laravoire-annecy-1024x683.jpg 1024w, https:\/\/annecy.geek-tonic.dev\/wp-content\/uploads\/2025\/04\/camping-laravoire-annecy-768x512.jpg 768w, https:\/\/annecy.geek-tonic.dev\/wp-content\/uploads\/2025\/04\/camping-laravoire-annecy-1536x1025.jpg 1536w\" sizes=\"auto, (max-width: 2000px) 100vw, 2000px\" \/><\/figure>\n\n\n<p class=\"savoir-plus has-base-2-color has-text-color has-link-color has-righteous-font-family wp-elements-8a010baa0657845ff50ba3a6877e9312\" style=\"font-size:clamp(20.515px, 1.282rem + ((1vw - 3.2px) * 1.015), 33px);text-transform:uppercase\">Lees meer<\/p>\n\n\n\n<p class=\"maillage-title has-custom-color-2-color has-text-color has-link-color has-righteous-font-family wp-elements-6cdc0522349b0516acdb9d65335ee8bb\" style=\"font-size:clamp(20.515px, 1.282rem + ((1vw - 3.2px) * 1.015), 33px);text-transform:uppercase\">La Ravoire<\/p>\n\n\n<a class=\"is-style-lien-cover wp-block-read-more\" href=\"https:\/\/annecy.geek-tonic.dev\/nl\/la-ravoire\/\" target=\"_self\">Lees verder<span class=\"screen-reader-text\">: LA RAVOIRE (R)<\/span><\/a>\n<\/li><li data-wp-key=\"post-template-item-29424\" class=\"wp-block-post post-29424 page type-page status-publish has-post-thumbnail hentry\">\n<figure class=\"wp-block-post-featured-image\"><img loading=\"lazy\" decoding=\"async\" width=\"900\" height=\"600\" src=\"https:\/\/annecy.geek-tonic.dev\/wp-content\/uploads\/2025\/04\/les-fontaines-lathuile_1.jpg\" class=\"attachment-post-thumbnail size-post-thumbnail wp-post-image\" alt=\"camping les fontaines lathuile\" style=\"object-fit:cover;\" srcset=\"https:\/\/annecy.geek-tonic.dev\/wp-content\/uploads\/2025\/04\/les-fontaines-lathuile_1.jpg 900w, https:\/\/annecy.geek-tonic.dev\/wp-content\/uploads\/2025\/04\/les-fontaines-lathuile_1-300x200.jpg 300w, https:\/\/annecy.geek-tonic.dev\/wp-content\/uploads\/2025\/04\/les-fontaines-lathuile_1-768x512.jpg 768w\" sizes=\"auto, (max-width: 900px) 100vw, 900px\" \/><\/figure>\n\n\n<p class=\"savoir-plus has-base-2-color has-text-color has-link-color has-righteous-font-family wp-elements-8a010baa0657845ff50ba3a6877e9312\" style=\"font-size:clamp(20.515px, 1.282rem + ((1vw - 3.2px) * 1.015), 33px);text-transform:uppercase\">Lees meer<\/p>\n\n\n\n<p class=\"maillage-title has-custom-color-2-color has-text-color has-link-color has-righteous-font-family wp-elements-6cdc0522349b0516acdb9d65335ee8bb\" style=\"font-size:clamp(20.515px, 1.282rem + ((1vw - 3.2px) * 1.015), 33px);text-transform:uppercase\">Les Fontaines<\/p>\n\n\n<a class=\"is-style-lien-cover wp-block-read-more\" href=\"https:\/\/annecy.geek-tonic.dev\/nl\/les-fontaines\/\" target=\"_self\">Lees verder<span class=\"screen-reader-text\">: FONTAINES (F)<\/span><\/a>\n<\/li><li data-wp-key=\"post-template-item-29737\" class=\"wp-block-post post-29737 page type-page status-publish has-post-thumbnail hentry\">\n<figure class=\"wp-block-post-featured-image\"><img loading=\"lazy\" decoding=\"async\" width=\"1000\" height=\"562\" src=\"https:\/\/annecy.geek-tonic.dev\/wp-content\/uploads\/2025\/04\/camping-lo-velajo.jpg\" class=\"attachment-post-thumbnail size-post-thumbnail wp-post-image\" alt=\"camping lo velajo\" style=\"object-fit:cover;\" srcset=\"https:\/\/annecy.geek-tonic.dev\/wp-content\/uploads\/2025\/04\/camping-lo-velajo.jpg 1000w, https:\/\/annecy.geek-tonic.dev\/wp-content\/uploads\/2025\/04\/camping-lo-velajo-300x169.jpg 300w, https:\/\/annecy.geek-tonic.dev\/wp-content\/uploads\/2025\/04\/camping-lo-velajo-768x432.jpg 768w\" sizes=\"auto, (max-width: 1000px) 100vw, 1000px\" \/><\/figure>\n\n\n<p class=\"savoir-plus has-base-2-color has-text-color has-link-color has-righteous-font-family wp-elements-8a010baa0657845ff50ba3a6877e9312\" style=\"font-size:clamp(20.515px, 1.282rem + ((1vw - 3.2px) * 1.015), 33px);text-transform:uppercase\">Lees meer<\/p>\n\n\n\n<p class=\"maillage-title has-custom-color-2-color has-text-color has-link-color has-righteous-font-family wp-elements-6cdc0522349b0516acdb9d65335ee8bb\" style=\"font-size:clamp(20.515px, 1.282rem + ((1vw - 3.2px) * 1.015), 33px);text-transform:uppercase\">Lo Vel\u00e2jo<\/p>\n\n\n<a class=\"is-style-lien-cover wp-block-read-more\" href=\"https:\/\/annecy.geek-tonic.dev\/nl\/lo-velajo\/\" target=\"_self\">Lees verder<span class=\"screen-reader-text\">: LO VELAJO (V)<\/span><\/a>\n<\/li><\/ul><\/div>\n<\/section>\n","protected":false},"excerpt":{"rendered":"<p>Voordelen van Yelloh! Village Nos campings Annecy sont heureux de faire partie du groupe d\u2019h\u00f4tellerie de plein air : Yelloh! Village. \u00c0 travers son histoire, notre groupe familial et ind\u00e9pendant partage des valeurs communes et le sens du service avec Yelloh! Village. Pour rendre vos vacances en Haute-Savoie toujours plus confortables et m\u00e9morables ! Over [&hellip;]<\/p>\n","protected":false},"author":1,"featured_media":5504,"parent":0,"menu_order":0,"comment_status":"closed","ping_status":"closed","template":"","meta":{"_acf_changed":false,"_seopress_robots_primary_cat":"","_seopress_titles_title":"Profiteer van de voordelen van Yelloh! Village op onze campings ","_seopress_titles_desc":"Geniet van een onvergetelijk verblijf in de Haute-Savoie met Yelloh! Village. Comfort, persoonlijke service en een loyaliteitsprogramma wachten op je.  ","_seopress_robots_index":"","inline_featured_image":false,"gt_fse_maillage_image":"https:\/\/annecy.geek-tonic.dev\/wp-content\/uploads\/2025\/04\/allee-camping-les-fontaines-haute-savoie.jpg","gt_fse_maillage_titre":"Yelloh! dorp","gt_fse_maillage_alt":"Yelloh! dorp","gt_fse_maillage_resume":"","footnotes":""},"categories":[],"tags":[],"class_list":["post-31312","page","type-page","status-publish","has-post-thumbnail","hentry"],"acf":[],"_links":{"self":[{"href":"https:\/\/annecy.geek-tonic.dev\/nl\/wp-json\/wp\/v2\/pages\/31312","targetHints":{"allow":["GET"]}}],"collection":[{"href":"https:\/\/annecy.geek-tonic.dev\/nl\/wp-json\/wp\/v2\/pages"}],"about":[{"href":"https:\/\/annecy.geek-tonic.dev\/nl\/wp-json\/wp\/v2\/types\/page"}],"author":[{"embeddable":true,"href":"https:\/\/annecy.geek-tonic.dev\/nl\/wp-json\/wp\/v2\/users\/1"}],"replies":[{"embeddable":true,"href":"https:\/\/annecy.geek-tonic.dev\/nl\/wp-json\/wp\/v2\/comments?post=31312"}],"version-history":[{"count":3,"href":"https:\/\/annecy.geek-tonic.dev\/nl\/wp-json\/wp\/v2\/pages\/31312\/revisions"}],"predecessor-version":[{"id":54788,"href":"https:\/\/annecy.geek-tonic.dev\/nl\/wp-json\/wp\/v2\/pages\/31312\/revisions\/54788"}],"wp:featuredmedia":[{"embeddable":true,"href":"https:\/\/annecy.geek-tonic.dev\/nl\/wp-json\/wp\/v2\/media\/5504"}],"wp:attachment":[{"href":"https:\/\/annecy.geek-tonic.dev\/nl\/wp-json\/wp\/v2\/media?parent=31312"}],"wp:term":[{"taxonomy":"category","embeddable":true,"href":"https:\/\/annecy.geek-tonic.dev\/nl\/wp-json\/wp\/v2\/categories?post=31312"},{"taxonomy":"post_tag","embeddable":true,"href":"https:\/\/annecy.geek-tonic.dev\/nl\/wp-json\/wp\/v2\/tags?post=31312"}],"curies":[{"name":"wp","href":"https:\/\/api.w.org\/{rel}","templated":true}]}}