{"id":40466,"date":"2025-04-16T09:22:34","date_gmt":"2025-04-16T07:22:34","guid":{"rendered":"https:\/\/annecy.geek-tonic.dev\/lo-velajo\/veelgestelde-vragen-lo-velajo\/"},"modified":"2025-08-06T11:27:02","modified_gmt":"2025-08-06T09:27:02","slug":"veelgestelde-vragen-lo-velajo","status":"publish","type":"page","link":"https:\/\/annecy.geek-tonic.dev\/nl\/lo-velajo\/veelgestelde-vragen-lo-velajo\/","title":{"rendered":"FAQ Lo Vel\u00e2jo (V)"},"content":{"rendered":"\n<div class=\"wp-block-group page-hebergement home-one-fontaines home-faq has-custom-color-6-background-color has-background has-global-padding is-layout-constrained wp-block-group-is-layout-constrained\" style=\"border-top-left-radius:30px;border-top-right-radius:30px;margin-top:-1.5rem;padding-top:10rem;padding-bottom:15rem\">\n<h1 class=\"wp-block-heading has-text-align-center has-base-2-color has-text-color has-link-color wp-elements-3cc67bbbd6f8dec195c03ff05112e05a\" style=\"margin-top:var(--wp--preset--spacing--20);margin-bottom:var(--wp--preset--spacing--40)\">Veelgestelde <span>vragen<\/span><\/h1>\n\n\n\n<div style=\"height:53px\" aria-hidden=\"true\" class=\"wp-block-spacer gt-hide-mobile\"><\/div>\n\n\n\n<div class=\"faq-container page-faq\">\n    <div class=\"faq-search\">\n        <i class=\"fa-solid fa-magnifying-glass\"><\/i> <input type=\"text\" id=\"faqSearchInput\" placeholder=\"Antwoorden zoeken...\">\n    <\/div>\n    <div class=\"faq-categories\">\n        <button class=\"faq-category-button\" data-category=\"all\">Tous<\/button>\n                        <button class=\"faq-category-button\" data-category=\"accommodatie-en-standplaatsen\">\n                    Accommodatie en standplaatsen                <\/button>\n                        <button class=\"faq-category-button\" data-category=\"algemene-vragen\">\n                    Algemene vragen                <\/button>\n                        <button class=\"faq-category-button\" data-category=\"amusement\">\n                    Amusement                <\/button>\n                        <button class=\"faq-category-button\" data-category=\"diensten-en-voordelen\">\n                    Diensten en voordelen                <\/button>\n                        <button class=\"faq-category-button\" data-category=\"zwembaden\">\n                    Zwembaden                <\/button>\n            <\/div>\n\n    <div class=\"faq-questions\">\n                        <div class=\"faq-question\" data-categories=\"amusement\">\n                    <div class=\"faq-toggle\">\n                        <div>Welke evenementen bieden jullie aan?<\/div> <span class=\"faq-opener\"><\/span>\n                    <\/div>\n                    <div class=\"faq-answer\">\n                        \n<p>In juli en augustus bieden we een klein <strong>programma met gratis entertainment<\/strong>. Dit omvat elke woensdagavond een muziekconcert. Gratis duiken voor kinderen vanaf 8 jaar op woensdagochtend en wekelijkse goochel-, fiets- of schminksessies. Let op: het animatieprogramma dat we aanbieden is klein en als je op zoek bent naar een camping met een kinderclub en veel activiteiten, dan is camping Lo Vel\u00e2jo niets voor jou!   <\/p>\n                    <\/div>\n                <\/div>\n                        <div class=\"faq-question\" data-categories=\"algemene-vragen amusement\">\n                    <div class=\"faq-toggle\">\n                        <div>Hebben jullie een kinderclub?<\/div> <span class=\"faq-opener\"><\/span>\n                    <\/div>\n                    <div class=\"faq-answer\">\n                        \n<p>Ja, er is een kinderclub elke ochtend van maandag tot vrijdag in juli en augustus. Tijdens het hoogseizoen organiseren we ook een klein programma met gratis entertainment gedurende de hele week, waaronder goochelshows, acrobatiek, duiklessen en concerten. <\/p>\n                    <\/div>\n                <\/div>\n                        <div class=\"faq-question\" data-categories=\"accommodatie-en-standplaatsen algemene-vragen\">\n                    <div class=\"faq-toggle\">\n                        <div>Hoe groot zijn de kampeerplaatsen?<\/div> <span class=\"faq-opener\"><\/span>\n                    <\/div>\n                    <div class=\"faq-answer\">\n                        \n<p>Camping Lo Vel\u00e2jo heeft geen kampeerplaatsen, alleen stacaravans.<\/p>\n                    <\/div>\n                <\/div>\n                        <div class=\"faq-question\" data-categories=\"algemene-vragen\">\n                    <div class=\"faq-toggle\">\n                        <div>Wat zijn de aankomst- en vertrektijden?<\/div> <span class=\"faq-opener\"><\/span>\n                    <\/div>\n                    <div class=\"faq-answer\">\n                        \n<p>Aankomsttijd is vanaf 16.00 uur. Houd er rekening mee dat de receptie gesloten is tussen 12:00 en 14:00 uur. Als je eerder aankomt, kun je inchecken vanaf 14:00 uur. Vertrek voor 10.00 uur.   <\/p>\n                    <\/div>\n                <\/div>\n                        <div class=\"faq-question\" data-categories=\"algemene-vragen zwembaden\">\n                    <div class=\"faq-toggle\">\n                        <div>Kan ik gebruik maken van het waterpark Ravoire et Fontaines als ik in V\u00e9l\u00e2jo verblijf?<\/div> <span class=\"faq-opener\"><\/span>\n                    <\/div>\n                    <div class=\"faq-answer\">\n                        \n<p>Nee, zowel om verzekeringstechnische redenen als voor het comfort van de klanten. De wettelijke aansprakelijkheidsverzekering dekt geen schadeclaim voor iemand die geen klantenfactuur heeft op de camping. <\/p>\n\n<p>Bovendien zijn onze watergebieden ontworpen voor het aantal kampeerplaatsen op onze campings. Daarom stellen we ze niet open voor buitenstaanders, zelfs niet als ze op onze andere campings verblijven. <\/p>\n                    <\/div>\n                <\/div>\n                        <div class=\"faq-question\" data-categories=\"algemene-vragen\">\n                    <div class=\"faq-toggle\">\n                        <div>Hoe ver ligt de camping van Annecy?<\/div> <span class=\"faq-opener\"><\/span>\n                    <\/div>\n                    <div class=\"faq-answer\">\n                        \n<p>Camping Lo Vel\u00e2jo ligt 20 km ten zuiden van Annecy, aan het einde van het meer. Annecy is bereikbaar per auto, fiets, bus of boot, afhankelijk van je voorkeur.   <\/p>\n                    <\/div>\n                <\/div>\n                        <div class=\"faq-question\" data-categories=\"accommodatie-en-standplaatsen\">\n                    <div class=\"faq-toggle\">\n                        <div>Wat voor soort accommodatie heb je?<\/div> <span class=\"faq-opener\"><\/span>\n                    <\/div>\n                    <div class=\"faq-answer\">\n                        \n<p>We bieden een reeks cottages met drie comfortniveaus: de 3 Fleurs cottages hebben 3 slaapkamers, airconditioning, televisie en vaatwasser; de 4 Fleurs cottages bieden dezelfde faciliteiten, met de toevoeging van een plancha in plaats van een houtskoolbarbecue, en bed- en badlinnen inbegrepen; de Premium cottages ten slotte hebben een groot terras, twee badkamers, linnengoed inbegrepen en eindschoonmaak inbegrepen.<\/p>\n                    <\/div>\n                <\/div>\n                        <div class=\"faq-question\" data-categories=\"algemene-vragen\">\n                    <div class=\"faq-toggle\">\n                        <div>Hoe ver is de camping te voet van het meer verwijderd?<\/div> <span class=\"faq-opener\"><\/span>\n                    <\/div>\n                    <div class=\"faq-answer\">\n                        \n<p>Camping Lo Vel\u00e2jo ligt op een rustige locatie op de hoogten van Lathuile, op 2 km\/25 minuten lopen van het strand van Doussard, dat ook bereikbaar is met de gratis pendelbus in het hoogseizoen en met de fiets in 10 minuten.<\/p>\n                    <\/div>\n                <\/div>\n                        <div class=\"faq-question\" data-categories=\"diensten-en-voordelen\">\n                    <div class=\"faq-toggle\">\n                        <div>Is er wifi op de camping?<\/div> <span class=\"faq-opener\"><\/span>\n                    <\/div>\n                    <div class=\"faq-answer\">\n                        \n<p>Ja, wifi is beschikbaar op de hele camping. Deze service is gratis en er is geen limiet aan het aantal apparaten dat je kunt gebruiken. <\/p>\n                    <\/div>\n                <\/div>\n                        <div class=\"faq-question\" data-categories=\"algemene-vragen\">\n                    <div class=\"faq-toggle\">\n                        <div>Kan ik linnengoed reserveren voor mijn verblijf?<\/div> <span class=\"faq-opener\"><\/span>\n                    <\/div>\n                    <div class=\"faq-answer\">\n                        \n<p>Ja, je kunt deze optie toevoegen op de boekingspagina of als je dat al hebt gedaan, stuur ons dan een e-mail en wij regelen het voor je.<\/p>\n                    <\/div>\n                <\/div>\n                        <div class=\"faq-question\" data-categories=\"algemene-vragen\">\n                    <div class=\"faq-toggle\">\n                        <div>Accepteert u groepen?<\/div> <span class=\"faq-opener\"><\/span>\n                    <\/div>\n                    <div class=\"faq-answer\">\n                        \n<p>We zijn drie rustige campings, geschikt voor stellen en gezinnen die op zoek zijn naar een rustige gezinsomgeving. Er geldt een strikt stiltebeleid vanaf 23.00 uur. <\/p>\n\n<p>We zijn daarom <strong>geen camping die geschikt is voor groepen volwassenen<\/strong> op vakantie. We raden groepsboekingen voor volwassenen in juli en augustus sterk af, omdat je dan omringd zult zijn door gezinnen met kinderen. We accepteren alleen groepsreserveringen voor volwassenen als je ons stille beleid accepteert en begrijpt dat je respectvol met je buren om moet gaan.    <\/p>\n\n<p>Houd er rekening mee dat we geen vrijgezellenfeesten accepteren op de camping en dat we hier geen uitzonderingen op maken.<\/p>\n\n<p>Voor gezinnen die in groep komen, hanteren we om dezelfde redenen een limiet van drie accommodaties\/staanplaatsen. Iedereen wordt verzocht zich te houden aan het huishoudelijk reglement en de nachtrust. Aan het einde van uw verblijf wordt elke cottage uitdrukkelijk verzocht het serviesgoed terug te brengen naar de betreffende accommodatie.  <\/p>\n                    <\/div>\n                <\/div>\n                        <div class=\"faq-question\" data-categories=\"algemene-vragen\">\n                    <div class=\"faq-toggle\">\n                        <div>Is kamperen populair bij andere nationaliteiten?<\/div> <span class=\"faq-opener\"><\/span>\n                    <\/div>\n                    <div class=\"faq-answer\">\n                        \n<p>Ja, camping Lo Vel\u00e2jo verwelkomt bezoekers uit veel verschillende landen. Vooral juli en de eerste twee weken van augustus zijn populair bij Nederlandse vakantiegangers. <\/p>\n                    <\/div>\n                <\/div>\n                        <div class=\"faq-question\" data-categories=\"algemene-vragen\">\n                    <div class=\"faq-toggle\">\n                        <div>Is er een geluidsbeleid?<\/div> <span class=\"faq-opener\"><\/span>\n                    <\/div>\n                    <div class=\"faq-answer\">\n                        \n<p>Ja, we zijn een rustige kleine camping. We vragen om volledige stilte na 22.00 uur, uit respect voor andere gasten. In juli en augustus is er om 22.00 uur een bewaker op de camping aanwezig die rondloopt om te controleren of er geen lawaai is.  Wees dus niet verbaasd of beledigd als je wordt gevraagd om zachter te praten.<\/p>\n                    <\/div>\n                <\/div>\n                        <div class=\"faq-question\" data-categories=\"zwembaden\">\n                    <div class=\"faq-toggle\">\n                        <div>Zijn zwemshorts toegestaan in zwembaden?<\/div> <span class=\"faq-opener\"><\/span>\n                    <\/div>\n                    <div class=\"faq-answer\">\n                        <p><span style=\"font-weight: 400;\">Ja, zwemshorts zijn toegestaan op alle drie onze campings!   <\/span><\/p>\n                    <\/div>\n                <\/div>\n                        <div class=\"faq-question\" data-categories=\"diensten-en-voordelen\">\n                    <div class=\"faq-toggle\">\n                        <div>Zijn huisdieren toegestaan?<\/div> <span class=\"faq-opener\"><\/span>\n                    <\/div>\n                    <div class=\"faq-answer\">\n                        <p><span style=\"font-weight: 400;\">Als je in april, mei, juni of september naar onze camping of verhuur komt, zijn huisdieren toegestaan tegen een toeslag van \u20ac 6 per nacht. <\/span><\/p>\n<p><span style=\"font-weight: 400;\">Als je in de zomer een kampeerplaats huurt, zijn huisdieren ook toegestaan tegen een toeslag van \u20ac 6 per nacht.<\/span><\/p>\n<p><span style=\"font-weight: 400;\">Wij accepteren echter geen huisdieren in onze verhuuraccommodaties in juli en augustus op onze 3 campings.<\/span><\/p>\n                    <\/div>\n                <\/div>\n                        <div class=\"faq-question\" data-categories=\"algemene-vragen\">\n                    <div class=\"faq-toggle\">\n                        <div>Kunnen we twee voertuigen meenemen voor ons verblijf?<\/div> <span class=\"faq-opener\"><\/span>\n                    <\/div>\n                    <div class=\"faq-answer\">\n                        <p><span style=\"font-weight: 400;\">E\u00e9n voertuig is inbegrepen in de prijs voor elk verblijf. Als je een extra voertuig meeneemt, betaal je \u20ac5 per nacht. <\/span><span style=\"font-weight: 400;\"><br \/>\n<\/span><span style=\"font-weight: 400;\">Of het extra voertuig nu wel of niet voor je kampeerplaats geparkeerd staat, binnen of buiten de camping, de toeslag is verschuldigd.<\/span><span style=\"font-weight: 400;\"><br \/>\n<\/span><span style=\"font-weight: 400;\">Extra voertuigen zijn bijvoorbeeld aanhangers, motoren, boten en natuurlijk nog een auto.<\/span><\/p>\n                    <\/div>\n                <\/div>\n                        <div class=\"faq-question\" data-categories=\"\">\n                    <div class=\"faq-toggle\">\n                        <div>Kan ik lakens en handdoeken reserveren voor mijn verblijf?<\/div> <span class=\"faq-opener\"><\/span>\n                    <\/div>\n                    <div class=\"faq-answer\">\n                        <p>Ja, je kunt deze optie op de boekingspagina toevoegen of je boeking op elk gewenst moment wijzigen.<\/p>\n                    <\/div>\n                <\/div>\n                        <div class=\"faq-question\" data-categories=\"amusement\">\n                    <div class=\"faq-toggle\">\n                        <div>Is deze camping geschikt voor tieners die op zoek zijn naar activiteiten?<\/div> <span class=\"faq-opener\"><\/span>\n                    <\/div>\n                    <div class=\"faq-answer\">\n                        <p>Nee, we zijn een kleine, rustige camping. We bieden geen activiteiten voor tieners. De meerderheid van onze klanten zijn gezinnen met jonge kinderen. Dus als je tieners op zoek zijn naar activiteiten, feestjes en vrienden, dan is onze rustige kleine camping niets voor jou.   <\/p>\n                    <\/div>\n                <\/div>\n                        <div class=\"faq-question\" data-categories=\"amusement\">\n                    <div class=\"faq-toggle\">\n                        <div>Welke evenementen bieden jullie aan?<\/div> <span class=\"faq-opener\"><\/span>\n                    <\/div>\n                    <div class=\"faq-answer\">\n                        <p>In juli en augustus bieden we een klein programma met gratis entertainment. Dit omvat elke woensdagavond livemuziek met een poolparty (tot 22.00 uur). Gratis duiken voor kinderen vanaf 8 jaar op woensdag en vrijdag en een wekelijkse goochel-, fiets- of schminksessie. * Let op: het animatieprogramma dat we aanbieden is klein en als je op zoek bent naar een camping met een kinderclub en veel activiteiten, dan is camping La Ravoire niets voor jou!   <\/p>\n                    <\/div>\n                <\/div>\n                        <div class=\"faq-question\" data-categories=\"diensten-en-voordelen\">\n                    <div class=\"faq-toggle\">\n                        <div>Kan ik fietsen huren op de camping?<\/div> <span class=\"faq-opener\"><\/span>\n                    <\/div>\n                    <div class=\"faq-answer\">\n                        <p>Ja, we verhuren fietsen ter plaatse. Je kunt bij ons fietsen huren voor een halve dag, een dag of een week.<\/p>\n                    <\/div>\n                <\/div>\n            <\/div>\n<\/div>\n\n<script>\n    document.addEventListener('DOMContentLoaded', function() {\n        const buttons = document.querySelectorAll('.faq-category-button');\n        const questions = document.querySelectorAll('.faq-question');\n        const toggles = document.querySelectorAll('.faq-toggle');\n        const searchInput = document.getElementById('faqSearchInput');\n\n        \/\/ Adapte ici le message en fonction de la langue si tu veux\n        const noResultsMessageText = document.documentElement.lang === 'fr-FR'\n            ? 'Aucun r\u00e9sultat trouv\u00e9.'\n            : 'No results found.';\n\n        \/\/ V\u00e9rifie si le message existe d\u00e9j\u00e0 (pour \u00e9viter les doublons si script recharg\u00e9)\n        let noResultsMessage = document.getElementById('noResultsMessage');\n        if (!noResultsMessage) {\n            noResultsMessage = document.createElement('div');\n            noResultsMessage.id = 'noResultsMessage';\n            noResultsMessage.textContent = noResultsMessageText;\n            noResultsMessage.style.display = 'none';\n            noResultsMessage.style.textAlign = 'center';\n            noResultsMessage.style.padding = '20px';\n            noResultsMessage.style.fontSize = '19px';\n            noResultsMessage.style.color = '#999';\n            document.querySelector('.faq-container').appendChild(noResultsMessage);\n        }\n\n        buttons.forEach(button => {\n            button.addEventListener('click', function() {\n                const category = this.getAttribute('data-category');\n                let hasResults = false;\n\n                questions.forEach(question => {\n                    if (category === 'all' || question.getAttribute('data-categories').includes(category)) {\n                        question.style.display = 'block';\n                        hasResults = true;\n                    } else {\n                        question.style.display = 'none';\n                    }\n                });\n\n                \/\/ Ajoute .visible \u00e0 toutes les questions affich\u00e9es\n                questions.forEach(q => {\n                    if (q.style.display !== 'none') {\n                        q.classList.add('visible');\n                    } else {\n                        q.classList.remove('visible');\n                    }\n                });\n\n                noResultsMessage.style.display = hasResults ? 'none' : 'block';\n            });\n        });\n\n        \/\/ Simule le clic sur \"Tous\/All\" pour afficher tout au d\u00e9part\n        document.querySelector('.faq-category-button[data-category=\"all\"]').click();\n\n        toggles.forEach(toggle => {\n            toggle.addEventListener('click', function() {\n                const question = this.closest('.faq-question');\n                const answer = question.querySelector('.faq-answer');\n                const isOpen = question.classList.contains('open');\n\n                document.querySelectorAll('.faq-question').forEach(q => {\n                    if (q !== question) {\n                        q.classList.remove('open');\n                        q.querySelector('.faq-answer').style.maxHeight = null;\n                    }\n                });\n\n                if (!isOpen) {\n                    question.classList.add('open');\n                    answer.style.maxHeight = answer.scrollHeight + 'px';\n                } else {\n                    question.classList.remove('open');\n                    answer.style.maxHeight = null;\n                }\n            });\n        });\n\n        \/\/ Recherche am\u00e9lior\u00e9e\n        searchInput.addEventListener('input', function() {\n            const searchTerm = this.value.trim().toLowerCase();\n            let hasResults = false;\n            removeHighlight();\n\n            if (searchTerm.length >= 3) {\n                questions.forEach(question => {\n                    const toggleElement = question.querySelector('.faq-toggle div');\n                    const answerElement = question.querySelector('.faq-answer');\n\n                    const questionText = toggleElement.textContent.toLowerCase();\n                    const answerText = answerElement.textContent.toLowerCase();\n\n                    if (removeAccents(questionText).includes(removeAccents(searchTerm)) ||\n                        removeAccents(answerText).includes(removeAccents(searchTerm))) {\n                        question.style.display = 'block';\n                        question.classList.add('visible');\n                        hasResults = true;\n                        toggleElement.innerHTML = highlightSearchTerm(toggleElement.textContent, searchTerm);\n                        answerElement.innerHTML = highlightSearchTerm(answerElement.textContent, searchTerm);\n                    } else {\n                        question.style.display = 'none';\n                        question.classList.remove('visible');\n                    }\n                });\n            } else {\n                questions.forEach(question => {\n                    question.style.display = 'block';\n                    question.classList.add('visible');\n                    hasResults = true;\n                });\n            }\n\n            noResultsMessage.style.display = hasResults ? 'none' : 'block';\n        });\n\n        function removeHighlight() {\n            document.querySelectorAll('.highlight').forEach(el => {\n                el.replaceWith(document.createTextNode(el.textContent));\n            });\n        }\n\n        function highlightSearchTerm(text, term) {\n            const regex = new RegExp(`(${escapeRegExp(term)})`, 'gi');\n            return text.replace(regex, '<span class=\"highlight\">$1<\/span>');\n        }\n\n        function escapeRegExp(string) {\n            return string.replace(\/[.*+?^${}()|[\\]\\\\]\/g, '\\\\$&');\n        }\n\n        function removeAccents(str) {\n            return str.normalize(\"NFD\").replace(\/[\\u0300-\\u036f]\/g, \"\");\n        }\n\n        \/\/ Animation : ajoute la classe visible progressivement (seulement sur celles affich\u00e9es)\n        questions.forEach((el, index) => {\n            el.style.transitionDelay = `${index * 0.1}s`;\n        });\n\n        const observer = new IntersectionObserver(entries => {\n            entries.forEach(entry => {\n                if (entry.isIntersecting) {\n                    entry.target.classList.add('visible');\n                    observer.unobserve(entry.target);\n                }\n            });\n        }, {\n            threshold: 0.1\n        });\n\n        questions.forEach(el => observer.observe(el));\n    });\n\n<\/script><\/div>\n","protected":false},"excerpt":{"rendered":"<p>Veelgestelde vragen<\/p>\n","protected":false},"author":1,"featured_media":39907,"parent":29737,"menu_order":0,"comment_status":"closed","ping_status":"closed","template":"wp-custom-template-page-interne-velajo","meta":{"_acf_changed":false,"_seopress_robots_primary_cat":"","_seopress_titles_title":"FAQ | Foire Aux Questions Camping Lo Vel\u00e2jo","_seopress_titles_desc":"","_seopress_robots_index":"yes","inline_featured_image":false,"gt_fse_maillage_image":"https:\/\/annecy.geek-tonic.dev\/wp-content\/uploads\/2025\/05\/Lac-dAnnecy-edited.jpg","gt_fse_maillage_titre":"FAQ  ","gt_fse_maillage_alt":"FAQ Lo Vel\u00e2jo","gt_fse_maillage_resume":"","footnotes":""},"categories":[],"tags":[],"class_list":["post-40466","page","type-page","status-publish","has-post-thumbnail","hentry"],"acf":[],"_links":{"self":[{"href":"https:\/\/annecy.geek-tonic.dev\/nl\/wp-json\/wp\/v2\/pages\/40466","targetHints":{"allow":["GET"]}}],"collection":[{"href":"https:\/\/annecy.geek-tonic.dev\/nl\/wp-json\/wp\/v2\/pages"}],"about":[{"href":"https:\/\/annecy.geek-tonic.dev\/nl\/wp-json\/wp\/v2\/types\/page"}],"author":[{"embeddable":true,"href":"https:\/\/annecy.geek-tonic.dev\/nl\/wp-json\/wp\/v2\/users\/1"}],"replies":[{"embeddable":true,"href":"https:\/\/annecy.geek-tonic.dev\/nl\/wp-json\/wp\/v2\/comments?post=40466"}],"version-history":[{"count":3,"href":"https:\/\/annecy.geek-tonic.dev\/nl\/wp-json\/wp\/v2\/pages\/40466\/revisions"}],"predecessor-version":[{"id":40469,"href":"https:\/\/annecy.geek-tonic.dev\/nl\/wp-json\/wp\/v2\/pages\/40466\/revisions\/40469"}],"up":[{"embeddable":true,"href":"https:\/\/annecy.geek-tonic.dev\/nl\/wp-json\/wp\/v2\/pages\/29737"}],"wp:featuredmedia":[{"embeddable":true,"href":"https:\/\/annecy.geek-tonic.dev\/nl\/wp-json\/wp\/v2\/media\/39907"}],"wp:attachment":[{"href":"https:\/\/annecy.geek-tonic.dev\/nl\/wp-json\/wp\/v2\/media?parent=40466"}],"wp:term":[{"taxonomy":"category","embeddable":true,"href":"https:\/\/annecy.geek-tonic.dev\/nl\/wp-json\/wp\/v2\/categories?post=40466"},{"taxonomy":"post_tag","embeddable":true,"href":"https:\/\/annecy.geek-tonic.dev\/nl\/wp-json\/wp\/v2\/tags?post=40466"}],"curies":[{"name":"wp","href":"https:\/\/api.w.org\/{rel}","templated":true}]}}